{"id":104,"date":"2012-07-20T17:46:18","date_gmt":"2012-07-20T17:46:18","guid":{"rendered":"https:\/\/cusacq.usac.edu.gt?page_id=104"},"modified":"2022-02-17T21:03:05","modified_gmt":"2022-02-17T21:03:05","slug":"pruebas-especificas","status":"publish","type":"page","link":"https:\/\/cusacq.usac.edu.gt\/?page_id=104","title":{"rendered":"Temarios Actualizados Para Pruebas Espec\u00edficas &#8211; Ingreso 2022"},"content":{"rendered":"<h1>Carreras &#8211; Ingreso 2022<\/h1>\n<h3><span style=\"color: #808080;\">1. Profesorado en Educaci\u00f3n Primaria Biling\u00fce Intercultural<\/span><\/h3>\n<h6 style=\"text-align: left;\"><span style=\"color: #333333;\"><a style=\"color: #333333;\" href=\"https:\/\/cusacq.usac.edu.gt\/wp-content\/uploads\/2012\/07\/TEMARIO-PRUEBA-ESPECIFICA-FID.USAC_.pdf\"><strong>Descargar Temario \u00abConocimientos Educativos\u00bb<\/strong><\/a><\/span><\/h6>\n<h3><span style=\"color: #808080;\">2. Licenciatura en Ciencias Jur\u00eddicas y Sociales, Abogac\u00eda y Notariado\u00a0<\/span><\/h3>\n<h6><span style=\"color: #333333;\"><a style=\"color: #333333;\" href=\"https:\/\/cusacq.usac.edu.gtwp-content\/uploads\/2012\/07\/TEMARIO-CIENCIAS-JURIDICAS.pdf\"><strong>Descargar Temario 1 \u00abConocimientos B\u00e1sicos de Derecho y Realidad Nacional\u00bb<\/strong><\/a><\/span><\/h6>\n<h6><strong><span style=\"color: #333333;\"><a style=\"color: #333333;\" href=\"https:\/\/cusacq.usac.edu.gtwp-content\/uploads\/2020\/09\/CPRG-con-jurisprudencia.pdf\">Descargar Temario 2 \u00abConstituci\u00f3n Pol\u00edtica de la Rep\u00fablica de Guatemala\u00bb<\/a> <\/span><\/strong><\/h6>\n<h6><strong><span style=\"color: #333333;\"><a style=\"color: #333333;\" href=\"https:\/\/cusacq.usac.edu.gtwp-content\/uploads\/2020\/09\/Constituci\u00f3n-Pol\u00edtica-de-la-Rep\u00fablica-de-Guatemala.pdf\">Descargar Temario 3 \u00abCPRG con Jurisprudencia\u00bb<\/a><\/span><\/strong><\/h6>\n<h3><span style=\"color: #808080;\">3. Licenciatura en Administraci\u00f3n de Empresas<\/span><\/h3>\n<h6><strong><a href=\"https:\/\/cusacq.usac.edu.gtwp-content\/uploads\/2012\/07\/GUIA-TEMATICA-DE-LA-PRUEBA-ESPECIFICA-ADMINISTRACION-DE-EMPRESAS.pdf\"><span style=\"color: #333333;\">Descargar Temario \u00abNociones Generales de las Ciencias Econ\u00f3micas\u00bb<\/span><\/a><\/strong><\/h6>\n<h3><span style=\"color: #808080;\">4. Ingenier\u00eda Agron\u00f3mica en Sistemas de Producci\u00f3n Agr\u00edcola<\/span><\/h3>\n<h6><strong><span style=\"color: #333333;\"><a style=\"color: #333333;\" href=\"https:\/\/cusacq.usac.edu.gtwp-content\/uploads\/2012\/07\/Gu\u00eda-Biolog\u00eda-PCB.pdf\">Descargar Temario 1 \u00abBiolog\u00eda<\/a>\u00ab<\/span><\/strong><\/h6>\n<h6><strong><span style=\"color: #333333;\"><a style=\"color: #333333;\" href=\"https:\/\/cusacq.usac.edu.gtwp-content\/uploads\/2012\/07\/Gu\u00eda-Matem\u00e1tica-PCB.pdf\">Descargar Temario 2 \u00abMatem\u00e1tica\u00bb<\/a><\/span><\/strong><\/h6>\n<h3><span style=\"color: #808080;\">5. PEM y Licenciatura en la Ense\u00f1anza de la Matem\u00e1tica y F\u00edsica<\/span><\/h3>\n<h6><span style=\"color: #333333;\"><strong><a style=\"color: #333333;\" href=\"https:\/\/cusacq.usac.edu.gtwp-content\/uploads\/2012\/07\/Temas-de-Estudio-Prueba-Espec\u00edfica.docx\">Descargar Temario \u00abEjes Tem\u00e1ticos de Matem\u00e1tica y F\u00edsica\u00bb<\/a><\/strong><\/span><\/h6>\n<h3><span style=\"color: #808080;\">6. PEM y Licenciatura en Administraci\u00f3n Educativa con Especialidad en Medio Ambiente<\/span><\/h3>\n<h6><strong><span style=\"color: #333333;\"><a style=\"color: #333333;\" href=\"https:\/\/cusacq.usac.edu.gtwp-content\/uploads\/2020\/08\/Descargar-Liderazgo-Pedag\u00f3gico.pdf\">Descargar Temario \u00abLiderazgo Pedag\u00f3gico\u00bb<\/a><\/span><\/strong><\/h6>\n<hr \/>\n<h6><span style=\"color: #999999;\">\u00abId y Ense\u00f1ad a Todos\u00bb<\/span><\/h6>\n<h6><span style=\"color: #999999;\">Septiembre 2021 &#8211; informaci\u00f3n y Divulgaci\u00f3n<\/span><\/h6>\n","protected":false},"excerpt":{"rendered":"<p>Carreras &#8211; Ingreso 2022 1. Profesorado en Educaci\u00f3n Primaria Biling\u00fce Intercultural Descargar Temario \u00abConocimientos Educativos\u00bb 2. Licenciatura en Ciencias Jur\u00eddicas y Sociales, Abogac\u00eda y Notariado\u00a0 Descargar Temario 1 \u00abConocimientos B\u00e1sicos de Derecho y Realidad Nacional\u00bb Descargar Temario 2 \u00abConstituci\u00f3n Pol\u00edtica de la Rep\u00fablica de Guatemala\u00bb Descargar Temario 3 \u00abCPRG con Jurisprudencia\u00bb 3. Licenciatura en Administraci\u00f3n [&hellip;]<\/p>\n","protected":false},"author":1,"featured_media":0,"parent":0,"menu_order":0,"comment_status":"closed","ping_status":"closed","template":"","meta":{"footnotes":""},"class_list":["post-104","page","type-page","status-publish","czr-hentry"],"_links":{"self":[{"href":"https:\/\/cusacq.usac.edu.gt\/index.php?rest_route=\/wp\/v2\/pages\/104","targetHints":{"allow":["GET"]}}],"collection":[{"href":"https:\/\/cusacq.usac.edu.gt\/index.php?rest_route=\/wp\/v2\/pages"}],"about":[{"href":"https:\/\/cusacq.usac.edu.gt\/index.php?rest_route=\/wp\/v2\/types\/page"}],"author":[{"embeddable":true,"href":"https:\/\/cusacq.usac.edu.gt\/index.php?rest_route=\/wp\/v2\/users\/1"}],"replies":[{"embeddable":true,"href":"https:\/\/cusacq.usac.edu.gt\/index.php?rest_route=%2Fwp%2Fv2%2Fcomments&post=104"}],"version-history":[{"count":61,"href":"https:\/\/cusacq.usac.edu.gt\/index.php?rest_route=\/wp\/v2\/pages\/104\/revisions"}],"predecessor-version":[{"id":6553,"href":"https:\/\/cusacq.usac.edu.gt\/index.php?rest_route=\/wp\/v2\/pages\/104\/revisions\/6553"}],"wp:attachment":[{"href":"https:\/\/cusacq.usac.edu.gt\/index.php?rest_route=%2Fwp%2Fv2%2Fmedia&parent=104"}],"curies":[{"name":"wp","href":"https:\/\/api.w.org\/{rel}","templated":true}]}}