{"id":209,"date":"2012-09-18T17:56:19","date_gmt":"2012-09-18T17:56:19","guid":{"rendered":"https:\/\/cusacq.usac.edu.gt?page_id=209"},"modified":"2023-08-30T21:14:17","modified_gmt":"2023-08-30T21:14:17","slug":"resena-historica","status":"publish","type":"page","link":"https:\/\/cusacq.usac.edu.gt\/?page_id=209","title":{"rendered":"Rese\u00f1a Hist\u00f3rica"},"content":{"rendered":"<div class=\"wp-block-image\">\n<figure class=\"aligncenter size-large\"><a href=\"https:\/\/cusacq.usac.edu.gt\/wp-content\/uploads\/2022\/03\/Banner-2.jpg\"><img loading=\"lazy\" decoding=\"async\" width=\"1024\" height=\"341\" src=\"https:\/\/cusacq.usac.edu.gt\/wp-content\/uploads\/2022\/03\/Banner-2-1024x341.jpg\" alt=\"\" class=\"wp-image-6680\" srcset=\"https:\/\/cusacq.usac.edu.gt\/wp-content\/uploads\/2022\/03\/Banner-2-1024x341.jpg 1024w, https:\/\/cusacq.usac.edu.gt\/wp-content\/uploads\/2022\/03\/Banner-2-300x100.jpg 300w, https:\/\/cusacq.usac.edu.gt\/wp-content\/uploads\/2022\/03\/Banner-2-768x256.jpg 768w, https:\/\/cusacq.usac.edu.gt\/wp-content\/uploads\/2022\/03\/Banner-2-1536x512.jpg 1536w, https:\/\/cusacq.usac.edu.gt\/wp-content\/uploads\/2022\/03\/Banner-2-2048x683.jpg 2048w\" sizes=\"auto, (max-width: 1024px) 100vw, 1024px\" \/><\/a><\/figure><\/div>\n\n\n<p class=\"has-text-align-center has-medium-font-size\"><strong>Universidad de San Carlos de Guatemala<\/strong> &#8211; <strong>Centro Universitario de Quich\u00e9<\/strong><\/p>\n\n\n\n<p>El Centro Universitario de Quich\u00e9 -CUSACQ- fue creado el 12 de noviembre de 2008, por acuerdo emitido por el Consejo Superior Universitario, en punto SEXTO, inciso 6.5 del Acta No. 28-2008.<\/p>\n\n\n\n<p>En punto TERCERO, inciso 3.1 del acta No. 16-2009 de la sesi\u00f3n celebrada por el Consejo Superior Universitario, el d\u00eda 09 de septiembre de 2009, Acuerda el Nombramiento del Licenciado Edgar Vinicio Marroqu\u00edn Rosas, como Director del Centro Universitario de Quiche.<\/p>\n\n\n\n<p>El Centro Universitario de Quiche, dio inicio en su primera fase con la aprobaci\u00f3n de las Propuestas Curriculares por el Honorable Consejo Superior Universitario para dar inicio en el a\u00f1o 2010. En Acta No. 02-2010 en sesi\u00f3n celebrada el 27 de enero de 2010 en punto SEXTO, inciso 6.4. La carrera de Profesorado de Ense\u00f1anza Media en Matem\u00e1tica y F\u00edsica, aprobada en la misma Acta en punto SEXTO, inciso 6.4, la carrera de Licenciatura en Ciencias Jur\u00eddicas y Sociales. Aprob\u00e1ndose en la misma en punto SEXTO, inciso 6.4 la carrera de Ingenier\u00eda Agron\u00f3mica en Sistemas de Producci\u00f3n Agr\u00edcola.<\/p>\n\n\n\n<p>En Punto Tercero, Inciso 3.3 del Acta No. 33-2010 de la sesi\u00f3n ordinaria celebrada por el Consejo Superior Universitario, el d\u00eda mi\u00e9rcoles 24 de noviembre de 2010, acord\u00f3 nombrar como Director del Centro Universitario de Quiche, al Ingeniero Agr\u00f3nomo Manuel Zapeta P\u00e9rez<\/p>\n\n\n\n<p>En el a\u00f1o 2010 se inici\u00f3 el ciclo escolar con las carreras anteriormente descritas con una poblaci\u00f3n estudiantil de 242 estudiantes. En el a\u00f1o 2011, se tiene una poblaci\u00f3n estudiantil de 460 estudiantes en todas las carreras, en el a\u00f1o 2019 la poblaci\u00f3n estudiantil aumento a 3,026 estudiantes inscritos.<\/p>\n\n\n\n<ul class=\"wp-block-list\">\n<li>De julio de 2,012 a junio 2015, el Director fue Lic. Marco Vinicio De la Rosa Montepeque<\/li>\n\n\n\n<li>De Julio 2,015 a Julio de 2,018, el Director es Dr. Pedro Chitay Rodriguez<\/li>\n\n\n\n<li>De Julio 2,018 a junio del a\u00f1o 2022, el Director es el Ing. Porfirio Alejandro Marroqu\u00edn Qui\u00f1onez.<\/li>\n\n\n\n<li>De Julio 2022 a la presente fecha el Director es el <strong>Maestro Gregorio Lol Hern\u00e1ndez.<\/strong><\/li>\n<\/ul>\n\n\n\n<p><strong>Actualmente se cuentan con secciones en los municipios de:<\/strong><\/p>\n\n\n\n<p><strong>Santa Cruz del Quich\u00e9<\/strong><\/p>\n\n\n\n<ul class=\"wp-block-list\">\n<li>Ciencias Jur\u00eddicas y Sociales.<\/li>\n\n\n\n<li>Ingenier\u00eda Agron\u00f3mica en Sistemas de Producci\u00f3n Agr\u00edcola<\/li>\n\n\n\n<li>PEM Matem\u00e1tica y F\u00edsica<\/li>\n\n\n\n<li>Licenciatura en Administraci\u00f3n de Empresas<\/li>\n\n\n\n<li>PEM en Pedagog\u00eda y T\u00e9cnico en Administraci\u00f3n Educativa con Orientaci\u00f3n en medio ambiente.<\/li>\n\n\n\n<li>Licenciatura en Pedagog\u00eda y Administraci\u00f3n Educativa con Especialidad en Medio Ambiente<\/li>\n\n\n\n<li>Profesorado en Educaci\u00f3n Primaria Biling\u00fce Intercultural.<\/li>\n<\/ul>\n\n\n\n<p><strong>Santa Mar\u00eda Nebaj<\/strong><\/p>\n\n\n\n<ul class=\"wp-block-list\">\n<li>Profesorado en Educaci\u00f3n Primaria Biling\u00fce Intercultural.<\/li>\n\n\n\n<li>Ingenier\u00eda Agron\u00f3mica en Sistemas de Producci\u00f3n Agr\u00edcola<\/li>\n\n\n\n<li>PEM en Pedagog\u00eda y T\u00e9cnico en Administraci\u00f3n Educativa con Orientaci\u00f3n en medio ambiente.<\/li>\n\n\n\n<li>Licenciatura en Pedagog\u00eda y Administraci\u00f3n Educativa con Especialidad en Medio Ambiente.<\/li>\n<\/ul>\n\n\n\n<p><strong>Chichicastenango, Cant\u00f3n Chicu\u00e1<\/strong><\/p>\n\n\n\n<ul class=\"wp-block-list\">\n<li>Profesorado en Educaci\u00f3n Primaria Biling\u00fce Intercultural.<\/li>\n\n\n\n<li>PEM en Pedagog\u00eda y T\u00e9cnico en Administraci\u00f3n Educativa con Orientaci\u00f3n en medio ambiente.<\/li>\n<\/ul>\n\n\n\n<p><strong>San Miguel Uspant\u00e1n<\/strong><\/p>\n\n\n\n<ul class=\"wp-block-list\">\n<li>Profesorado en Educaci\u00f3n Primaria Biling\u00fce Intercultural<\/li>\n\n\n\n<li>Licenciatura en Educaci\u00f3n Biling\u00fce Intercultural con \u00c9nfasis en Cultura Maya (Aldea Lancetillo, La Parroquia, Zona Reyna).<\/li>\n<\/ul>\n\n\n\n<p><strong>Joyabaj<\/strong><\/p>\n\n\n\n<ul class=\"wp-block-list\">\n<li>Licenciatura en Administraci\u00f3n de Empresas<\/li>\n\n\n\n<li>Ciencias Jur\u00eddicas y Sociales<\/li>\n\n\n\n<li>Ingenier\u00eda Agron\u00f3mica en Sistemas de Producci\u00f3n Agr\u00edcola<\/li>\n\n\n\n<li>PEM en Pedagog\u00eda y T\u00e9cnico en Administraci\u00f3n Educativa con Orientaci\u00f3n en medio ambiente.<\/li>\n\n\n\n<li>Licenciatura en Pedagog\u00eda y Administraci\u00f3n Educativa con Especialidad en Medio Ambiente.<\/li>\n<\/ul>\n\n\n\n<p><strong>Pachalum<\/strong><\/p>\n\n\n\n<ul class=\"wp-block-list\">\n<li>Ciencias Jur\u00eddicas y Sociales.<\/li>\n\n\n\n<li>Ingenier\u00eda Agron\u00f3mica en Sistemas de Producci\u00f3n Agr\u00edcola<\/li>\n<\/ul>\n\n\n\n<p><strong>San Andr\u00e9s Sajcabaj\u00e1<\/strong><\/p>\n\n\n\n<ul class=\"wp-block-list\">\n<li>PEM en Pedagog\u00eda y T\u00e9cnico en Administraci\u00f3n Educativa con Orientaci\u00f3n en medio ambiente.<\/li>\n\n\n\n<li>Licenciatura en Pedagog\u00eda y Administraci\u00f3n Educativa con Especialidad en Medio Ambiente.<\/li>\n<\/ul>\n\n\n\n<p><strong>Ixc\u00e1n<\/strong><\/p>\n\n\n\n<ul class=\"wp-block-list\">\n<li>Ciencias Jur\u00eddicas y Sociales.<\/li>\n<\/ul>\n\n\n\n<p>&nbsp;<\/p>\n","protected":false},"excerpt":{"rendered":"<p>Universidad de San Carlos de Guatemala &#8211; Centro Universitario de Quich\u00e9 El Centro Universitario de Quich\u00e9 -CUSACQ- fue creado el 12 de noviembre de 2008, por acuerdo emitido por el Consejo Superior Universitario, en punto SEXTO, inciso 6.5 del Acta No. 28-2008. En punto TERCERO, inciso 3.1 del acta No. 16-2009 de la sesi\u00f3n celebrada [&hellip;]<\/p>\n","protected":false},"author":101014,"featured_media":0,"parent":0,"menu_order":0,"comment_status":"closed","ping_status":"closed","template":"","meta":{"footnotes":""},"class_list":["post-209","page","type-page","status-publish","czr-hentry"],"_links":{"self":[{"href":"https:\/\/cusacq.usac.edu.gt\/index.php?rest_route=\/wp\/v2\/pages\/209","targetHints":{"allow":["GET"]}}],"collection":[{"href":"https:\/\/cusacq.usac.edu.gt\/index.php?rest_route=\/wp\/v2\/pages"}],"about":[{"href":"https:\/\/cusacq.usac.edu.gt\/index.php?rest_route=\/wp\/v2\/types\/page"}],"author":[{"embeddable":true,"href":"https:\/\/cusacq.usac.edu.gt\/index.php?rest_route=\/wp\/v2\/users\/101014"}],"replies":[{"embeddable":true,"href":"https:\/\/cusacq.usac.edu.gt\/index.php?rest_route=%2Fwp%2Fv2%2Fcomments&post=209"}],"version-history":[{"count":12,"href":"https:\/\/cusacq.usac.edu.gt\/index.php?rest_route=\/wp\/v2\/pages\/209\/revisions"}],"predecessor-version":[{"id":7559,"href":"https:\/\/cusacq.usac.edu.gt\/index.php?rest_route=\/wp\/v2\/pages\/209\/revisions\/7559"}],"wp:attachment":[{"href":"https:\/\/cusacq.usac.edu.gt\/index.php?rest_route=%2Fwp%2Fv2%2Fmedia&parent=209"}],"curies":[{"name":"wp","href":"https:\/\/api.w.org\/{rel}","templated":true}]}}