{"id":226,"date":"2012-09-18T18:31:49","date_gmt":"2012-09-18T18:31:49","guid":{"rendered":"https:\/\/cusacq.usac.edu.gt?page_id=226"},"modified":"2023-08-30T21:05:43","modified_gmt":"2023-08-30T21:05:43","slug":"bienvenida","status":"publish","type":"page","link":"https:\/\/cusacq.usac.edu.gt\/?page_id=226","title":{"rendered":"Misi\u00f3n y Visi\u00f3n &#8211; Centro Universitario de Quich\u00e9"},"content":{"rendered":"\n<figure class=\"wp-block-image size-large is-style-rounded\"><a href=\"https:\/\/cusacq.usac.edu.gt\/wp-content\/uploads\/2012\/09\/PicsArt_09-25-02.56.16.jpg\"><img loading=\"lazy\" decoding=\"async\" width=\"1024\" height=\"640\" src=\"https:\/\/cusacq.usac.edu.gt\/wp-content\/uploads\/2012\/09\/PicsArt_09-25-02.56.16-1024x640.jpg\" alt=\"\" class=\"wp-image-4700\" srcset=\"https:\/\/cusacq.usac.edu.gt\/wp-content\/uploads\/2012\/09\/PicsArt_09-25-02.56.16-1024x640.jpg 1024w, https:\/\/cusacq.usac.edu.gt\/wp-content\/uploads\/2012\/09\/PicsArt_09-25-02.56.16-300x188.jpg 300w, https:\/\/cusacq.usac.edu.gt\/wp-content\/uploads\/2012\/09\/PicsArt_09-25-02.56.16-768x480.jpg 768w, https:\/\/cusacq.usac.edu.gt\/wp-content\/uploads\/2012\/09\/PicsArt_09-25-02.56.16.jpg 1280w\" sizes=\"auto, (max-width: 1024px) 100vw, 1024px\" \/><\/a><\/figure>\n\n\n\n<figure class=\"wp-block-image size-large is-style-rounded\"><a href=\"https:\/\/cusacq.usac.edu.gt\/wp-content\/uploads\/2012\/09\/PicsArt_09-25-03.00.05.jpg\"><img loading=\"lazy\" decoding=\"async\" width=\"1024\" height=\"640\" src=\"https:\/\/cusacq.usac.edu.gt\/wp-content\/uploads\/2012\/09\/PicsArt_09-25-03.00.05-1024x640.jpg\" alt=\"\" class=\"wp-image-4699\" srcset=\"https:\/\/cusacq.usac.edu.gt\/wp-content\/uploads\/2012\/09\/PicsArt_09-25-03.00.05-1024x640.jpg 1024w, https:\/\/cusacq.usac.edu.gt\/wp-content\/uploads\/2012\/09\/PicsArt_09-25-03.00.05-300x188.jpg 300w, https:\/\/cusacq.usac.edu.gt\/wp-content\/uploads\/2012\/09\/PicsArt_09-25-03.00.05-768x480.jpg 768w, https:\/\/cusacq.usac.edu.gt\/wp-content\/uploads\/2012\/09\/PicsArt_09-25-03.00.05.jpg 1280w\" sizes=\"auto, (max-width: 1024px) 100vw, 1024px\" \/><\/a><\/figure>\n","protected":false},"excerpt":{"rendered":"","protected":false},"author":1,"featured_media":0,"parent":0,"menu_order":0,"comment_status":"closed","ping_status":"closed","template":"","meta":{"footnotes":""},"class_list":["post-226","page","type-page","status-publish","czr-hentry"],"_links":{"self":[{"href":"https:\/\/cusacq.usac.edu.gt\/index.php?rest_route=\/wp\/v2\/pages\/226","targetHints":{"allow":["GET"]}}],"collection":[{"href":"https:\/\/cusacq.usac.edu.gt\/index.php?rest_route=\/wp\/v2\/pages"}],"about":[{"href":"https:\/\/cusacq.usac.edu.gt\/index.php?rest_route=\/wp\/v2\/types\/page"}],"author":[{"embeddable":true,"href":"https:\/\/cusacq.usac.edu.gt\/index.php?rest_route=\/wp\/v2\/users\/1"}],"replies":[{"embeddable":true,"href":"https:\/\/cusacq.usac.edu.gt\/index.php?rest_route=%2Fwp%2Fv2%2Fcomments&post=226"}],"version-history":[{"count":26,"href":"https:\/\/cusacq.usac.edu.gt\/index.php?rest_route=\/wp\/v2\/pages\/226\/revisions"}],"predecessor-version":[{"id":7119,"href":"https:\/\/cusacq.usac.edu.gt\/index.php?rest_route=\/wp\/v2\/pages\/226\/revisions\/7119"}],"wp:attachment":[{"href":"https:\/\/cusacq.usac.edu.gt\/index.php?rest_route=%2Fwp%2Fv2%2Fmedia&parent=226"}],"curies":[{"name":"wp","href":"https:\/\/api.w.org\/{rel}","templated":true}]}}