{"id":3017,"date":"2016-05-13T22:57:47","date_gmt":"2016-05-13T22:57:47","guid":{"rendered":"https:\/\/cusacq.usac.edu.gt?page_id=3017"},"modified":"2026-04-17T20:53:06","modified_gmt":"2026-04-17T20:53:06","slug":"profesorado-en-educacion-primaria-bilingue-intercultural","status":"publish","type":"page","link":"https:\/\/cusacq.usac.edu.gt\/?page_id=3017","title":{"rendered":"Profesorado en Educaci\u00f3n Primaria Biling\u00fce Intercultural"},"content":{"rendered":"\n<figure class=\"wp-block-gallery alignfull has-nested-images columns-default is-cropped wp-block-gallery-1 is-layout-flex wp-block-gallery-is-layout-flex\">\n<figure class=\"wp-block-image alignwide size-large\"><a href=\"https:\/\/cusacq.usac.edu.gt\/wp-content\/uploads\/2026\/04\/Banner-FID-ingreso-2027-scaled.jpg\"><img loading=\"lazy\" decoding=\"async\" width=\"1024\" height=\"512\" data-id=\"7879\" src=\"https:\/\/cusacq.usac.edu.gt\/wp-content\/uploads\/2026\/04\/Banner-FID-ingreso-2027-1024x512.jpg\" alt=\"\" class=\"wp-image-7879\" srcset=\"https:\/\/cusacq.usac.edu.gt\/wp-content\/uploads\/2026\/04\/Banner-FID-ingreso-2027-1024x512.jpg 1024w, https:\/\/cusacq.usac.edu.gt\/wp-content\/uploads\/2026\/04\/Banner-FID-ingreso-2027-300x150.jpg 300w, https:\/\/cusacq.usac.edu.gt\/wp-content\/uploads\/2026\/04\/Banner-FID-ingreso-2027-768x384.jpg 768w, https:\/\/cusacq.usac.edu.gt\/wp-content\/uploads\/2026\/04\/Banner-FID-ingreso-2027-1536x768.jpg 1536w, https:\/\/cusacq.usac.edu.gt\/wp-content\/uploads\/2026\/04\/Banner-FID-ingreso-2027-2048x1024.jpg 2048w\" sizes=\"auto, (max-width: 1024px) 100vw, 1024px\" \/><\/a><\/figure>\n<\/figure>\n\n\n\n<h1 class=\"wp-block-heading has-text-align-left has-text-color has-large-font-size\" style=\"color:#00629b\">Sedes<\/h1>\n\n\n\n<ul style=\"background-color:#ececec\" class=\"wp-block-list has-background\">\n<li><strong>Santa Cruz del Quich\u00e9 <\/strong><\/li>\n<\/ul>\n\n\n\n<ul style=\"background-color:#ececec\" class=\"wp-block-list has-background\">\n<li><strong>San Miguel Uspant\u00e1n<\/strong><\/li>\n<\/ul>\n\n\n\n<h1 class=\"wp-block-heading has-text-align-left has-text-color has-large-font-size\" style=\"color:#00629b\">Plan de Estudios<\/h1>\n\n\n\n<div class=\"wp-block-columns has-background is-layout-flex wp-container-core-columns-is-layout-1 wp-block-columns-is-layout-flex\" style=\"background-color:#ececec\">\n<div class=\"wp-block-column is-layout-flow wp-block-column-is-layout-flow\">\n<h2 class=\"wp-block-heading\">Horario<\/h2>\n\n\n\n<p><strong>7:30 a 12:30 horas<\/strong>.<\/p>\n<\/div>\n\n\n\n<div class=\"wp-block-column is-layout-flow wp-block-column-is-layout-flow\">\n<h2 class=\"wp-block-heading\">Plan Diario<\/h2>\n\n\n\n<p><strong>Lunes a Viernes<\/strong>.<\/p>\n<\/div>\n<\/div>\n\n\n\n<h1 class=\"wp-block-heading has-text-color has-large-font-size\" style=\"color:#00629b\">Perfil de Ingreso<\/h1>\n\n\n\n<p>Para el efecto se dar\u00e1 prioridad a aquellos aspirantes que poseen la vocaci\u00f3n docente y que deseen laborar en actividades relacionadas con las funciones educativas en el \u00e1mbito formal. <\/p>\n\n\n\n<p>Dentro de estos par\u00e1metros tendr\u00e1n preferencia los egresados del nivel medio con el t\u00edtulo de Bachilleres en Ciencias y Letras con Orientaci\u00f3n en Educaci\u00f3n. Los estudiantes que aspiren a ingresar a la carrera de Profesorado De Educaci\u00f3n Primaria Biling\u00fce Intercultural deben poseer las siguientes caracter\u00edsticas:<\/p>\n\n\n\n<p><strong>CONOCIMIENTO EN: COMUNICACI\u00d3N Y LENGUAJE<\/strong><\/p>\n\n\n\n<ul class=\"wp-block-list\">\n<li> Dominar las habilidades ling\u00fc\u00edsticas del idioma materno.<\/li>\n\n\n\n<li> Disponibilidad para lograr habilidades ling\u00fc\u00edsticas del idioma materno y de la regi\u00f3n. <\/li>\n\n\n\n<li>Habilidades de comunicaci\u00f3n oral y escrita. <\/li>\n\n\n\n<li>Gusto por la lectura.<\/li>\n<\/ul>\n\n\n\n<p><strong>EDUCACI\u00d3N PARA LA SOSTENIBILIDAD<\/strong><\/p>\n\n\n\n<ul class=\"wp-block-list\">\n<li>Respeto por la diversidad biol\u00f3gica y cultural<\/li>\n\n\n\n<li>Valorar y fortalecer la identidad multicultural, multi\u00e9tnica y multiling\u00fce.<\/li>\n<\/ul>\n\n\n\n<p><strong>FUNDAMENTOS DE APRENDIZAJE <\/strong><\/p>\n\n\n\n<ul class=\"wp-block-list\">\n<li>Coeficiente intelectual en el rango promedio, habilidades de comunicaci\u00f3n, habilidades emocionales aceptables.<\/li>\n<\/ul>\n\n\n\n<p><strong>MATEM\u00c1TICA Y PENSAMIENTO L\u00d3GICO <\/strong><\/p>\n\n\n\n<ul class=\"wp-block-list\">\n<li>Conocimiento sobre operaciones b\u00e1sicas sobre las matem\u00e1ticas.<\/li>\n\n\n\n<li>Habilidades num\u00e9ricas.<\/li>\n\n\n\n<li>Relaci\u00f3n espacial.<\/li>\n\n\n\n<li>Razonamiento L\u00f3gico.<\/li>\n<\/ul>\n\n\n\n<p><strong>CIENCIAS SOCIALES Y FORMACION CIUDADANA <\/strong><\/p>\n\n\n\n<ul class=\"wp-block-list\">\n<li>Habilidades de convivencia social: tolerancia intercultural, poseer la habilidad de convivir pac\u00edficamente.<\/li>\n<\/ul>\n\n\n\n<p><strong>EJERCICIO PROFESIONAL PARA LA ENSE\u00d1ANZA Y EL APRENDIZAJE <\/strong><\/p>\n\n\n\n<ul class=\"wp-block-list\">\n<li>Vocaci\u00f3n para ejercer la docencia de forma proactiva, creativa original e innovadora, liderazgo positivo y conocimiento b\u00e1sicos sobre el CNB.<\/li>\n<\/ul>\n\n\n\n<p><strong>Para ingresar a esta carrera el estudiante debe: Debe ser egresado De Bachiller En Ciencias Y Letras Con Orientaci\u00f3n En Educaci\u00f3n, de establecimientos p\u00fablicos y privados<\/strong>.<\/p>\n\n\n\n<h1 class=\"wp-block-heading has-text-color has-large-font-size\" style=\"color:#00629b\">Perfil de Egreso<\/h1>\n\n\n\n<ul class=\"wp-block-list\">\n<li>Un profesional de alta calidad acad\u00e9mica con excelente preparaci\u00f3n en Investigaci\u00f3n Did\u00e1ctico-Pedag\u00f3gica<\/li>\n\n\n\n<li>Un profesor con dominio en la aplicaci\u00f3n de m\u00e9todos y t\u00e9cnicas modernas para la ense\u00f1anza del nivel primario.<\/li>\n\n\n\n<li>Un profesor con capacidad de apoyar y orientar al estudiante del nivel primario 4. Un profesor con conciencia moral y \u00e9tica.<\/li>\n\n\n\n<li>Un profesional en constante superaci\u00f3n personal.<\/li>\n\n\n\n<li>Un profesor honesto, responsable, puntual, respetuoso con alto grado de conciencia ambiental y social, capaz de establecer empat\u00eda con los estudiantes.<\/li>\n\n\n\n<li>Un profesor tolerante, justo, solidario, con vocaci\u00f3n de servicio con sentido de trascendencia, respetuoso de las diferentes expresiones culturales de Guatemala y de otros pa\u00edses.<\/li>\n\n\n\n<li>Un profesional con conciencia hist\u00f3rica y c\u00edvica, nacionalidad y a la humanidad.<\/li>\n\n\n\n<li>Un profesional con habilidad psicomotora para la recreaci\u00f3n y el trabajo.<\/li>\n\n\n\n<li>Respeta las diferentes expresiones culturales de Guatemala y de otros pa\u00edses.<\/li>\n\n\n\n<li>Practica y promueve la equidad de g\u00e9nero en todos los aspectos de su vida, El egresado de la carrera de Profesorado de Ense\u00f1anza Media en Matem\u00e1tica y F\u00edsica tendr\u00e1 el reconocimiento de la sociedad como un profesional con alto nivel acad\u00e9mico en la ense\u00f1anza de la<\/li>\n\n\n\n<li>Matem\u00e1tica y F\u00edsica con las siguientes capacidades y\/o competencias:<\/li>\n\n\n\n<li>S\u00f3lidos conocimientos en formaci\u00f3n para planificar, organizar, dirigir y realizar la ense\u00f1anza en el \u00e1rea de Matem\u00e1tica y F\u00edsica.<\/li>\n\n\n\n<li>Utiliza m\u00e9todos y t\u00e9cnicas pedag\u00f3gicas e innovadoras en el proceso ense\u00f1anza aprendizaje de la matem\u00e1tica y f\u00edsica.<\/li>\n\n\n\n<li>Desarrolla propuestas educativas con enfoques did\u00e1cticos para la ense\u00f1anza de matem\u00e1tica y f\u00edsica.<\/li>\n\n\n\n<li>Manifiesta valores \u00e9ticos, responsables y comprometidos en la ense\u00f1anza \u2013aprendizaje en las \u00e1reas de su especialidad.<\/li>\n\n\n\n<li>Desarrolla labores docentes en los diferentes \u00e1mbitos educativos, resolviendo problemas pr\u00e1cticos de la especializaci\u00f3n.<\/li>\n\n\n\n<li>Coordina y fomenta actividades para el aprendizaje y aplicaci\u00f3n de la Matem\u00e1tica y la F\u00edsica, si deseas mayor informaci\u00f3n a cerca de los perfiles de ingreso y egreso de \u00e9sta carrera descarga el siguiente documento.<\/li>\n<\/ul>\n\n\n\n<h2 class=\"wp-block-heading has-text-align-center has-medium-font-size\"><strong>Perfil de Ingreso y Egreso completo<\/strong><\/h2>\n\n\n\n<div class=\"wp-block-buttons is-layout-flex wp-block-buttons-is-layout-flex\">\n<div class=\"wp-block-button has-custom-width wp-block-button__width-100 is-style-fill\"><a class=\"wp-block-button__link has-black-background-color has-background wp-element-button\" href=\"https:\/\/cusacq.usac.edu.gt\/wp-content\/uploads\/2022\/03\/Perfil-de-ingreso-y-de-Egreso-FID-Santa-Cruz.pdf\" target=\"_blank\" rel=\"noreferrer noopener\">Descargar<\/a><\/div>\n<\/div>\n\n\n\n<h2 class=\"wp-block-heading has-text-align-center has-medium-font-size\"><strong><strong>Pensum de Estudios<\/strong><\/strong><\/h2>\n\n\n\n<div class=\"wp-block-buttons is-layout-flex wp-block-buttons-is-layout-flex\">\n<div class=\"wp-block-button has-custom-width wp-block-button__width-100 is-style-fill\"><a class=\"wp-block-button__link has-black-background-color has-background wp-element-button\" href=\"https:\/\/cusacq.usac.edu.gt\/wp-content\/uploads\/2023\/02\/PENSUM-FID-STA.-CRUZ-QUICHE2023.pdf\" target=\"_blank\" rel=\"noreferrer noopener\">Descargar<\/a><\/div>\n<\/div>\n\n\n\n<h1 class=\"wp-block-heading has-text-align-left has-text-color has-large-font-size\" style=\"color:#00629b\">Proceso de Ingreso<\/h1>\n\n\n\n<ol class=\"wp-block-list\">\n<li>Prueba de Orientaci\u00f3n Vocacional<\/li>\n\n\n\n<li>Pruebas de Conocimientos B\u00e1sicos: <strong>\u00abLenguaje y Matem\u00e1tica\u00bb<\/strong><\/li>\n\n\n\n<li>Prueba Espec\u00edfica: <strong>\u00abEducaci\u00f3n Biling\u00fce Intercultural\u00bb<\/strong><\/li>\n<\/ol>\n\n\n\n<h2 class=\"wp-block-heading alignfull has-text-align-center\" id=\"schedule-a-visit\" style=\"font-size:59px;line-height:1.15\">Calendarios y Temarios de Estudio<\/h2>\n\n\n\n<div class=\"wp-block-buttons alignfull is-horizontal is-content-justification-center is-layout-flex wp-container-core-buttons-is-layout-3 wp-block-buttons-is-layout-flex\">\n<div class=\"wp-block-button has-custom-width wp-block-button__width-50\"><a class=\"wp-block-button__link has-text-color has-background wp-element-button\" href=\"https:\/\/cusacq.usac.edu.gt\/?page_id=7745\" style=\"border-radius:50px;color:#ffffff;background-color:#000000\" target=\"_blank\" rel=\"noreferrer noopener\">Calendarios Proceso de Ingreso 2027<\/a><\/div>\n<\/div>\n\n\n\n<p class=\"has-text-align-center has-small-font-size\" style=\"line-height:.9\"><\/p>\n\n\n\n<div class=\"wp-block-buttons alignfull is-horizontal is-content-justification-center is-layout-flex wp-container-core-buttons-is-layout-4 wp-block-buttons-is-layout-flex\">\n<div class=\"wp-block-button has-custom-width wp-block-button__width-50\"><a class=\"wp-block-button__link has-text-color has-background wp-element-button\" href=\"https:\/\/cusacq.usac.edu.gt\/?page_id=7170\" style=\"border-radius:50px;color:#ffffff;background-color:#000000\" target=\"_blank\" rel=\"noreferrer noopener\">Temarios de Estudio Pruebas B\u00e1sicas y Espec\u00edficas<\/a><\/div>\n<\/div>\n\n\n\n<h1 class=\"wp-block-heading has-text-align-left has-text-color has-large-font-size\" style=\"color:#00629b\">Mayor Informaci\u00f3n<\/h1>\n\n\n\n<p class=\"has-background\" style=\"background-color:#ececec\"><strong>Santa Cruz del Quich\u00e9<\/strong> &#8211; Coordinador M. A. Lizandro Porfirio Antill\u00f3n &#8211; Cel. 54202992<\/p>\n\n\n\n<p class=\"has-background\" style=\"background-color:#ececec\"><strong>San Miguel Uspant\u00e1n<\/strong> &#8211; Coordinador Lic. William Mendoza  &#8211; Cel. 33551642<\/p>\n\n\n\n<p class=\"has-text-align-center has-cyan-bluish-gray-color has-text-color has-background has-medium-font-size\" style=\"background-color:#00629b\"><strong>Informaci\u00f3n y Divulgaci\u00f3n &#8211; Oficina 1 &#8211; \u00c1rea Administrativa CUSACQ &#8211; 6ta. avenida 2-11 zona 2 Santa Cruz del Quich\u00e9, Quich\u00e9. Tel. 7755-1273<\/strong>. <\/p>\n\n\n\n<p class=\"has-text-align-center has-cyan-bluish-gray-color has-text-color has-background has-medium-font-size\" style=\"background-color:#00629b\">UNIDAD DE INFORMACI\u00d3N Y PUBLICIDAD | a\u00f1o 2026.<\/p>\n","protected":false},"excerpt":{"rendered":"<p>Sedes Plan de Estudios Horario 7:30 a 12:30 horas. Plan Diario Lunes a Viernes. Perfil de Ingreso Para el efecto se dar\u00e1 prioridad a aquellos aspirantes que poseen la vocaci\u00f3n docente y que deseen laborar en actividades relacionadas con las funciones educativas en el \u00e1mbito formal. Dentro de estos par\u00e1metros tendr\u00e1n preferencia los egresados del [&hellip;]<\/p>\n","protected":false},"author":3,"featured_media":0,"parent":0,"menu_order":2,"comment_status":"closed","ping_status":"closed","template":"","meta":{"footnotes":""},"class_list":["post-3017","page","type-page","status-publish","czr-hentry"],"_links":{"self":[{"href":"https:\/\/cusacq.usac.edu.gt\/index.php?rest_route=\/wp\/v2\/pages\/3017","targetHints":{"allow":["GET"]}}],"collection":[{"href":"https:\/\/cusacq.usac.edu.gt\/index.php?rest_route=\/wp\/v2\/pages"}],"about":[{"href":"https:\/\/cusacq.usac.edu.gt\/index.php?rest_route=\/wp\/v2\/types\/page"}],"author":[{"embeddable":true,"href":"https:\/\/cusacq.usac.edu.gt\/index.php?rest_route=\/wp\/v2\/users\/3"}],"replies":[{"embeddable":true,"href":"https:\/\/cusacq.usac.edu.gt\/index.php?rest_route=%2Fwp%2Fv2%2Fcomments&post=3017"}],"version-history":[{"count":73,"href":"https:\/\/cusacq.usac.edu.gt\/index.php?rest_route=\/wp\/v2\/pages\/3017\/revisions"}],"predecessor-version":[{"id":7882,"href":"https:\/\/cusacq.usac.edu.gt\/index.php?rest_route=\/wp\/v2\/pages\/3017\/revisions\/7882"}],"wp:attachment":[{"href":"https:\/\/cusacq.usac.edu.gt\/index.php?rest_route=%2Fwp%2Fv2%2Fmedia&parent=3017"}],"curies":[{"name":"wp","href":"https:\/\/api.w.org\/{rel}","templated":true}]}}