{"id":41,"date":"2012-07-19T21:05:24","date_gmt":"2012-07-19T21:05:24","guid":{"rendered":"https:\/\/cusacq.usac.edu.gt?page_id=41"},"modified":"2026-04-17T20:01:29","modified_gmt":"2026-04-17T20:01:29","slug":"administracion-de-empresas","status":"publish","type":"page","link":"https:\/\/cusacq.usac.edu.gt\/?page_id=41","title":{"rendered":"Licenciatura en Administraci\u00f3n de Empresas"},"content":{"rendered":"\n<figure class=\"wp-block-image alignfull size-large\"><a href=\"https:\/\/cusacq.usac.edu.gt\/wp-content\/uploads\/2026\/04\/Banner-Adminstracion-de-Empresas-2027-renderizado-scaled.jpg\"><img loading=\"lazy\" decoding=\"async\" width=\"1024\" height=\"512\" src=\"https:\/\/cusacq.usac.edu.gt\/wp-content\/uploads\/2026\/04\/Banner-Adminstracion-de-Empresas-2027-renderizado-1024x512.jpg\" alt=\"\" class=\"wp-image-7863\" srcset=\"https:\/\/cusacq.usac.edu.gt\/wp-content\/uploads\/2026\/04\/Banner-Adminstracion-de-Empresas-2027-renderizado-1024x512.jpg 1024w, https:\/\/cusacq.usac.edu.gt\/wp-content\/uploads\/2026\/04\/Banner-Adminstracion-de-Empresas-2027-renderizado-300x150.jpg 300w, https:\/\/cusacq.usac.edu.gt\/wp-content\/uploads\/2026\/04\/Banner-Adminstracion-de-Empresas-2027-renderizado-768x384.jpg 768w, https:\/\/cusacq.usac.edu.gt\/wp-content\/uploads\/2026\/04\/Banner-Adminstracion-de-Empresas-2027-renderizado-1536x768.jpg 1536w, https:\/\/cusacq.usac.edu.gt\/wp-content\/uploads\/2026\/04\/Banner-Adminstracion-de-Empresas-2027-renderizado-2048x1024.jpg 2048w\" sizes=\"auto, (max-width: 1024px) 100vw, 1024px\" \/><\/a><\/figure>\n\n\n\n<h1 class=\"wp-block-heading has-text-align-left has-text-color has-large-font-size\" style=\"color:#00629b\">Sedes <\/h1>\n\n\n\n<ul style=\"background-color:#ececec\" class=\"wp-block-list has-background\">\n<li><strong>Santa Cruz del Quich\u00e9 <\/strong><\/li>\n\n\n\n<li><strong>Santa Mar\u00eda Joyabaj<\/strong><\/li>\n<\/ul>\n\n\n\n<h1 class=\"wp-block-heading has-text-align-left has-text-color has-large-font-size\" style=\"color:#00629b\">Plan de Estudios<\/h1>\n\n\n\n<div class=\"wp-block-columns has-background is-layout-flex wp-container-core-columns-is-layout-1 wp-block-columns-is-layout-flex\" style=\"background-color:#ececec\">\n<div class=\"wp-block-column is-layout-flow wp-block-column-is-layout-flow\">\n<h2 class=\"wp-block-heading\">Horario<\/h2>\n\n\n\n<p><strong>18:30 a 21:45 horas<\/strong>.<\/p>\n<\/div>\n\n\n\n<div class=\"wp-block-column is-layout-flow wp-block-column-is-layout-flow\">\n<h2 class=\"wp-block-heading\">Plan Diario<\/h2>\n\n\n\n<p><strong>Lunes a Viernes<\/strong>.<\/p>\n<\/div>\n<\/div>\n\n\n\n<h1 class=\"wp-block-heading has-text-color has-large-font-size\" style=\"color:#00629b\">Perfil de Ingreso<\/h1>\n\n\n\n<p>El estudiante que desee ingresar a la carrera de Licenciatura en Administraci\u00f3n de<br>Empresas, con un enfoque social, t\u00e9cnico y cient\u00edfico, deber\u00e1 poseer las<br>cualidades siguientes:<\/p>\n\n\n\n<ul class=\"wp-block-list\">\n<li>Habilidad general.<\/li>\n\n\n\n<li>Habilidad abstracta y exactitud.<\/li>\n\n\n\n<li>Buen habito de estudio y lectura.<\/li>\n\n\n\n<li>Sentido de organizaci\u00f3n y responsabilidad.<\/li>\n\n\n\n<li>Buenas relaciones humanas y creatividad.<\/li>\n\n\n\n<li>Buena actitud psicol\u00f3gica.<\/li>\n\n\n\n<li>Buena condici\u00f3n f\u00edsica.<\/li>\n\n\n\n<li>Agrado y disposici\u00f3n para realizar trabajos comunitarios.<\/li>\n\n\n\n<li>Agrado y disposici\u00f3n por el trabajo y por las actividades al aire libre.<\/li>\n\n\n\n<li>Disposici\u00f3n para trabajar en equipo.<\/li>\n<\/ul>\n\n\n\n<h1 class=\"wp-block-heading has-text-color has-large-font-size\" style=\"color:#00629b\">Perfil de Egreso<\/h1>\n\n\n\n<p>El estudiante al finalizar sus estudios de la carrera, deber\u00e1:<\/p>\n\n\n\n<ul class=\"wp-block-list\">\n<li>Tener todos los conocimientos necesarios para administrar eficiente y eficazmente cualquier tipo de organizaci\u00f3n (privada, p\u00fablica, de tipo social, etc.), para que logre sus objetivos.<\/li>\n\n\n\n<li>Estar en capacidad de desarrollar actividades creativas y de investigaci\u00f3n en el \u00e1rea de administraci\u00f3n de cualquier organizaci\u00f3n.<\/li>\n\n\n\n<li>Conducir estudios t\u00e9cnicos en administraci\u00f3n, tanto en el \u00e1rea privada como p\u00fablica.<\/li>\n\n\n\n<li>Contribuir al desarrollo socio-econ\u00f3mico del pa\u00eds a trav\u00e9s de su aporte en la tecnificaci\u00f3n y profesionalizaci\u00f3n del ejercicio de la administraci\u00f3n.<\/li>\n\n\n\n<li>Tener conciencia de su funci\u00f3n dentro de la sociedad guatemalteca y de su obligaci\u00f3n de actuar dentro de c\u00e1nones \u00e9ticos, si deseas mayor informaci\u00f3n a cerca de los perfiles de ingreso y egreso de \u00e9sta carrera descarga el siguiente documento.<\/li>\n<\/ul>\n\n\n\n<p class=\"has-text-align-center has-medium-font-size\"><strong>Perfil de Ingreso y  Egreso completo<\/strong><\/p>\n\n\n\n<div class=\"wp-block-buttons is-layout-flex wp-block-buttons-is-layout-flex\">\n<div class=\"wp-block-button has-custom-width wp-block-button__width-100 is-style-fill\"><a class=\"wp-block-button__link has-white-color has-black-background-color has-text-color has-background wp-element-button\" href=\"https:\/\/cusacq.usac.edu.gt\/wp-content\/uploads\/2022\/03\/PERFILES-ADMINISTRACION-DE-EMPRESAS.pdf\" target=\"_blank\" rel=\"noreferrer noopener\"><mark style=\"background-color:rgba(0, 0, 0, 0)\" class=\"has-inline-color has-white-color\">Descargar<\/mark><\/a><\/div>\n<\/div>\n\n\n\n<p class=\"has-text-align-center has-medium-font-size\"><strong>Pensum de Estudios<\/strong><\/p>\n\n\n\n<div class=\"wp-block-buttons is-content-justification-center is-layout-flex wp-container-core-buttons-is-layout-2 wp-block-buttons-is-layout-flex\">\n<div class=\"wp-block-button has-custom-width wp-block-button__width-100 is-style-fill\"><a class=\"wp-block-button__link has-white-color has-black-background-color has-text-color has-background wp-element-button\" href=\"https:\/\/cusacq.usac.edu.gt\/wp-content\/uploads\/2022\/03\/Pensum-de-Estudios.pdf\">Descargar<\/a><\/div>\n<\/div>\n\n\n\n<h1 class=\"wp-block-heading has-text-align-left has-text-color has-large-font-size\" style=\"color:#00629b\">Proceso de Ingreso<\/h1>\n\n\n\n<ol style=\"background-color:#ececec\" class=\"wp-block-list has-background\">\n<li>Prueba de Orientaci\u00f3n Vocacional<\/li>\n\n\n\n<li>Prueba de Conocimientos B\u00e1sicos: <strong>\u00abMatem\u00e1tica\u00bb<\/strong><\/li>\n\n\n\n<li>Prueba Espec\u00edfica: <strong>\u00abNociones Generales de las Ciencias Econ\u00f3micas\u00bb<\/strong><\/li>\n<\/ol>\n\n\n\n<h2 class=\"wp-block-heading alignfull has-text-align-center\" id=\"schedule-a-visit\" style=\"font-size:59px;line-height:1.15\">Calendarios y Temarios de Estudio<\/h2>\n\n\n\n<div class=\"wp-block-buttons alignfull is-horizontal is-content-justification-center is-layout-flex wp-container-core-buttons-is-layout-3 wp-block-buttons-is-layout-flex\">\n<div class=\"wp-block-button has-custom-width wp-block-button__width-50\"><a class=\"wp-block-button__link has-text-color has-background wp-element-button\" href=\"https:\/\/cusacq.usac.edu.gt\/?page_id=7745\" style=\"border-radius:50px;color:#ffffff;background-color:#000000\" target=\"_blank\" rel=\"noreferrer noopener\">Calendarios Proceso de Ingreso 2027<\/a><\/div>\n<\/div>\n\n\n\n<p class=\"has-text-align-center has-small-font-size\" style=\"line-height:.9\"><\/p>\n\n\n\n<div class=\"wp-block-buttons alignfull is-horizontal is-content-justification-center is-layout-flex wp-container-core-buttons-is-layout-4 wp-block-buttons-is-layout-flex\">\n<div class=\"wp-block-button has-custom-width wp-block-button__width-50\"><a class=\"wp-block-button__link has-text-color has-background wp-element-button\" href=\"https:\/\/cusacq.usac.edu.gt\/?page_id=7170\" style=\"border-radius:50px;color:#ffffff;background-color:#000000\" target=\"_blank\" rel=\"noreferrer noopener\">Temarios de Estudio Pruebas B\u00e1sicas y Espec\u00edficas<\/a><\/div>\n<\/div>\n\n\n\n<h1 class=\"wp-block-heading has-text-align-center has-text-color has-large-font-size\" style=\"color:#00629b\">Mayor Informaci\u00f3n<\/h1>\n\n\n\n<p class=\"has-text-align-center has-cyan-bluish-gray-color has-text-color has-background has-medium-font-size\" style=\"background-color:#00629b\"><strong>Informaci\u00f3n y Divulgaci\u00f3n &#8211; OficinaS 1 Y 2 &#8211; \u00c1rea Administrativa CUSACQ &#8211; 6ta. avenida 2-11 zona 2 Santa Cruz del Quich\u00e9, Quich\u00e9. Tel. 7755-1273<\/strong> Y 3229-3067.<\/p>\n\n\n\n<p class=\"has-text-align-center has-cyan-bluish-gray-color has-text-color has-background has-medium-font-size\" style=\"background-color:#00629b\">UNIDAD DE INFORMACI\u00d3N Y PUBLICADAD | A\u00f1o 2026.<\/p>\n","protected":false},"excerpt":{"rendered":"<p>Sedes Plan de Estudios Horario 18:30 a 21:45 horas. Plan Diario Lunes a Viernes. Perfil de Ingreso El estudiante que desee ingresar a la carrera de Licenciatura en Administraci\u00f3n deEmpresas, con un enfoque social, t\u00e9cnico y cient\u00edfico, deber\u00e1 poseer lascualidades siguientes: Perfil de Egreso El estudiante al finalizar sus estudios de la carrera, deber\u00e1: Perfil [&hellip;]<\/p>\n","protected":false},"author":1,"featured_media":0,"parent":0,"menu_order":3,"comment_status":"closed","ping_status":"closed","template":"","meta":{"footnotes":""},"class_list":["post-41","page","type-page","status-publish","czr-hentry"],"_links":{"self":[{"href":"https:\/\/cusacq.usac.edu.gt\/index.php?rest_route=\/wp\/v2\/pages\/41","targetHints":{"allow":["GET"]}}],"collection":[{"href":"https:\/\/cusacq.usac.edu.gt\/index.php?rest_route=\/wp\/v2\/pages"}],"about":[{"href":"https:\/\/cusacq.usac.edu.gt\/index.php?rest_route=\/wp\/v2\/types\/page"}],"author":[{"embeddable":true,"href":"https:\/\/cusacq.usac.edu.gt\/index.php?rest_route=\/wp\/v2\/users\/1"}],"replies":[{"embeddable":true,"href":"https:\/\/cusacq.usac.edu.gt\/index.php?rest_route=%2Fwp%2Fv2%2Fcomments&post=41"}],"version-history":[{"count":77,"href":"https:\/\/cusacq.usac.edu.gt\/index.php?rest_route=\/wp\/v2\/pages\/41\/revisions"}],"predecessor-version":[{"id":7869,"href":"https:\/\/cusacq.usac.edu.gt\/index.php?rest_route=\/wp\/v2\/pages\/41\/revisions\/7869"}],"wp:attachment":[{"href":"https:\/\/cusacq.usac.edu.gt\/index.php?rest_route=%2Fwp%2Fv2%2Fmedia&parent=41"}],"curies":[{"name":"wp","href":"https:\/\/api.w.org\/{rel}","templated":true}]}}