{"id":44,"date":"2012-07-19T21:06:19","date_gmt":"2012-07-19T21:06:19","guid":{"rendered":"https:\/\/cusacq.usac.edu.gt?page_id=44"},"modified":"2026-04-17T19:38:17","modified_gmt":"2026-04-17T19:38:17","slug":"ciencias-juridicas-y-sociales-abogado-y-notario","status":"publish","type":"page","link":"https:\/\/cusacq.usac.edu.gt\/?page_id=44","title":{"rendered":"Licenciatura en Ciencias Jur\u00eddicas y Sociales, Abogac\u00eda y Notariado"},"content":{"rendered":"\n<figure class=\"wp-block-image alignfull size-full is-style-default\"><a href=\"https:\/\/cusacq.usac.edu.gt\/wp-content\/uploads\/2026\/04\/Banner-Derecho-2027-renderizado-scaled.jpg\"><img loading=\"lazy\" decoding=\"async\" width=\"2560\" height=\"1280\" src=\"https:\/\/cusacq.usac.edu.gt\/wp-content\/uploads\/2026\/04\/Banner-Derecho-2027-renderizado-scaled.jpg\" alt=\"\" class=\"wp-image-7845\" srcset=\"https:\/\/cusacq.usac.edu.gt\/wp-content\/uploads\/2026\/04\/Banner-Derecho-2027-renderizado-scaled.jpg 2560w, https:\/\/cusacq.usac.edu.gt\/wp-content\/uploads\/2026\/04\/Banner-Derecho-2027-renderizado-300x150.jpg 300w, https:\/\/cusacq.usac.edu.gt\/wp-content\/uploads\/2026\/04\/Banner-Derecho-2027-renderizado-1024x512.jpg 1024w, https:\/\/cusacq.usac.edu.gt\/wp-content\/uploads\/2026\/04\/Banner-Derecho-2027-renderizado-768x384.jpg 768w, https:\/\/cusacq.usac.edu.gt\/wp-content\/uploads\/2026\/04\/Banner-Derecho-2027-renderizado-1536x768.jpg 1536w, https:\/\/cusacq.usac.edu.gt\/wp-content\/uploads\/2026\/04\/Banner-Derecho-2027-renderizado-2048x1024.jpg 2048w\" sizes=\"auto, (max-width: 2560px) 100vw, 2560px\" \/><\/a><\/figure>\n\n\n\n<h1 class=\"wp-block-heading has-text-align-left has-text-color has-large-font-size\" style=\"color:#00629b\">Sedes <\/h1>\n\n\n\n<ul style=\"background-color:#ececec\" class=\"wp-block-list has-background\">\n<li><strong>Santa Cruz del Quich\u00e9 <\/strong><\/li>\n\n\n\n<li><strong>Santa Mar\u00eda Joyabaj<\/strong><\/li>\n\n\n\n<li><strong>Ixc\u00e1n<\/strong><\/li>\n<\/ul>\n\n\n\n<h1 class=\"wp-block-heading has-text-align-left has-text-color has-large-font-size\" style=\"color:#00629b\">Plan de Estudios<\/h1>\n\n\n\n<div class=\"wp-block-columns has-background is-layout-flex wp-container-core-columns-is-layout-1 wp-block-columns-is-layout-flex\" style=\"background-color:#ececec\">\n<div class=\"wp-block-column is-layout-flow wp-block-column-is-layout-flow\">\n<h2 class=\"wp-block-heading\">Horario<\/h2>\n\n\n\n<p><strong>18:30 a 21:45 horas.<\/strong><\/p>\n<\/div>\n\n\n\n<div class=\"wp-block-column is-layout-flow wp-block-column-is-layout-flow\">\n<h2 class=\"wp-block-heading\">Plan Diario<\/h2>\n\n\n\n<p><strong>Lunes a viernes.<\/strong><\/p>\n<\/div>\n<\/div>\n\n\n\n<h1 class=\"wp-block-heading has-text-color has-large-font-size\" style=\"color:#00629b\">Perfil de Ingreso<\/h1>\n\n\n\n<p>Una de las caracter\u00edsticas b\u00e1sicas que debe reunir el futuro estudiante de Derecho es el h\u00e1bito de la lectura, el cual debe incrementarse para poder responder adecuadamente a un pensum de estudios exigente, que intenta formar eficientemente al nuevo profesional del Derecho que la Guatemala del siglo XXI exige para que en nuestro medio prive la justicia y la paz para todos.<\/p>\n\n\n\n<p class=\"has-text-align-left\"> Es necesario que el aspirante a ingresar a la Facultad tenga habilidad, velocidad y comprensi\u00f3n de lectura, as\u00ed como capacidad de an\u00e1lisis y s\u00edntesis. Debe manifestar un pensamiento l\u00f3gico-anal\u00edtico, y conocer la realidad nacional. El aspirante, adem\u00e1s de haber cursado el \u00e1rea de Hist\u00f3rico-Sociales del Bachillerato, deber\u00e1 tener conocimientos de cultura general y una preparaci\u00f3n b\u00e1sica en las materias de Derecho, Sociolog\u00eda, Filosof\u00eda, \u00c9tica y Metodolog\u00eda de la Investigaci\u00f3n, lo cual servir\u00e1 de sustento a las necesidades propias de la carrera, adem\u00e1s, debe tener una vocaci\u00f3n de servicio a la sociedad y estar comprometido con los principios \u00e9ticos\u2013filos\u00f3ficos, con valores arraigados al quehacer jur\u00eddico. Por otro lado, tendr\u00e1 que tener los siguientes conocimientos, competencias, destrezas y habilidades:<\/p>\n\n\n\n<ul class=\"wp-block-list\">\n<li>Razonamiento l\u00f3gico, cr\u00edtico, anal\u00edtico, reflexivo. <\/li>\n\n\n\n<li>Dominio del lenguaje escrito y oral. <\/li>\n\n\n\n<li>Aptitud para relacionarse con otras personas y capacidad de trabajo en equipo.<\/li>\n\n\n\n<li> Relaci\u00f3n adecuada con las figuras de autoridad. <\/li>\n\n\n\n<li>Habilidades de discusi\u00f3n, investigaci\u00f3n y argumentaci\u00f3n de los problemas sociales con base en una actitud cr\u00edtica y human\u00edstica.<\/li>\n\n\n\n<li>Conocimiento b\u00e1sico de la organizaci\u00f3n del Estado y de sus \u00e1mbitos de competencia. <\/li>\n\n\n\n<li>Vocaci\u00f3n conciliadora.<\/li>\n<\/ul>\n\n\n\n<h1 class=\"wp-block-heading has-text-color has-large-font-size\" style=\"color:#00629b\">Perfil de Egreso<\/h1>\n\n\n\n<p>La carrera de Licenciado en Ciencias Jur\u00eddicas y Sociales, tiene por objetivo formar al egresado como profesional, con los conocimientos y habilidades necesarios para comprender y resolver la problem\u00e1tica inherente a la disciplina jur\u00eddica, con una s\u00f3lida consciencia social en base a los principios de: justicia, equidad, bien com\u00fan y paz social. Dichos conocimientos y habilidades deben ser: <\/p>\n\n\n\n<p><strong>\u00c1rea Psicomotriz<\/strong><\/p>\n\n\n\n<p> HABILIDADES PARA: <\/p>\n\n\n\n<p>1. Leer, comprender y analizar con pensamiento l\u00f3gico. <\/p>\n\n\n\n<p>2. Comunicarse en forma eficaz, clara, precisa y correcta de manera tanto oral, como escrita. <\/p>\n\n\n\n<p>3. Desarrollar el pensamiento l\u00f3gico, axiol\u00f3gico y sociol\u00f3gico.<\/p>\n\n\n\n<p>4. Desarrollar una capacidad proactiva, cr\u00edtica y creativa. <\/p>\n\n\n\n<p>5. Identificar, interpretar y aplicar doctrinas, normas, leyes, procedimientos y jurisprudencia. <\/p>\n\n\n\n<p>6. Trabajar con diferentes personas y grupos sociales, nacionales y extranjeros.<\/p>\n\n\n\n<p>7. Interpretar y comprender la realidad nacional. <\/p>\n\n\n\n<p>8. Proponer soluciones a los problemas nacionales. <\/p>\n\n\n\n<p>9. Prevenir y transformar conflictos. <\/p>\n\n\n\n<p>10. Conciliar, mediar, arbitrar y resolver conflictos.<\/p>\n\n\n\n<p>11. Utilizar tecnolog\u00eda avanzada<\/p>\n\n\n\n<p><strong>\u00c1rea Afectiva <\/strong><\/p>\n\n\n\n<p>PRINCIPIOS Y VALORES:<\/p>\n\n\n\n<p>1. Creer, defender y fortalecer el orden democr\u00e1tico y el Estado constitucional de Derecho. <\/p>\n\n\n\n<p>2. Contribuir a la construcci\u00f3n de una cultura de paz, firme y permanente; fundada en el respeto y promoci\u00f3n de los Derechos Humanos. <\/p>\n\n\n\n<p>3. Creer en el Derecho como instrumento de convivencia pac\u00edfica y arm\u00f3nica, y actuar con justicia, equidad, \u00e9tica y moral. <\/p>\n\n\n\n<p>4. Defender y promover el respeto a la vida digna, la integridad, la libertad, la igualdad de las personas, la armon\u00eda social y la naturaleza.<\/p>\n\n\n\n<p>5. Ser sensible al entorno social y sus problemas, a efecto de contribuir a consolidad la convivencia social pac\u00edfica.<\/p>\n\n\n\n<p>6. Contribuir a consolidad una naci\u00f3n multi\u00e9tnica, intercultural y multiling\u00fce.<\/p>\n\n\n\n<p>7. Creer en la Autonom\u00eda Universitaria y defenderla.<\/p>\n\n\n\n<p>8. Contribuir a consolidad una naci\u00f3n multi\u00e9tnica, intercultural y multiling\u00fce. <\/p>\n\n\n\n<p>9. Actuar con veracidad, honradez, lealtad y buena fe, dentro de los c\u00e1nones de la \u00e9tica y la moral. <\/p>\n\n\n\n<p>10. Actuar con decoro, orden y disciplina personal, etc., si deseas mayor informaci\u00f3n a cerca de los perfiles de ingreso y egreso de \u00e9sta carrera descarga el siguiente documento.<\/p>\n\n\n\n<h2 class=\"wp-block-heading has-text-align-center has-medium-font-size\">Perfil de Ingreso y Egreso completo<\/h2>\n\n\n\n<div class=\"wp-block-buttons is-layout-flex wp-block-buttons-is-layout-flex\">\n<div class=\"wp-block-button has-custom-width wp-block-button__width-100 is-style-fill\"><a class=\"wp-block-button__link has-black-background-color has-background wp-element-button\" href=\"https:\/\/cusacq.usac.edu.gt\/wp-content\/uploads\/2022\/03\/Perfil-de-ingreso-y-egreso-del-estudiante.pdf\" target=\"_blank\" rel=\"noreferrer noopener\">Descargar<\/a><\/div>\n<\/div>\n\n\n\n<h2 class=\"wp-block-heading has-text-align-center has-medium-font-size\">Pensum de Estudios<\/h2>\n\n\n\n<div class=\"wp-block-buttons is-layout-flex wp-block-buttons-is-layout-flex\">\n<div class=\"wp-block-button has-custom-width wp-block-button__width-100 is-style-fill\"><a class=\"wp-block-button__link has-black-background-color has-background wp-element-button\" href=\"https:\/\/cusacq.usac.edu.gt\/wp-content\/uploads\/2022\/03\/PENSUM-DERECHO.pdf\" target=\"_blank\" rel=\"noreferrer noopener\">Descargar<\/a><\/div>\n<\/div>\n\n\n\n<h1 class=\"wp-block-heading has-text-align-left has-text-color has-large-font-size\" style=\"color:#00629b\">Proceso de Ingreso<\/h1>\n\n\n\n<ol class=\"wp-block-list\">\n<li>Prueba de Orientaci\u00f3n Vocacional<\/li>\n\n\n\n<li>Prueba B\u00e1sica<a href=\"https:\/\/sun.usac.edu.gt\/wp-content\/uploads\/2023\/05\/Gui%CC%81a_Lenguaje_2023.pdf\" data-type=\"URL\" data-id=\"https:\/\/sun.usac.edu.gt\/wp-content\/uploads\/2020\/06\/Lenguaje_2020C.pdf\" target=\"_blank\" rel=\"noreferrer noopener\">:<\/a> <strong>\u00abLenguaje\u00bb<\/strong><\/li>\n\n\n\n<li>Prueba Espec\u00edfica: <strong>\u00abDerecho y Realidad Nacional\u00bb<\/strong><\/li>\n<\/ol>\n\n\n\n<h2 class=\"wp-block-heading alignfull has-text-align-center\" id=\"schedule-a-visit\" style=\"font-size:59px;line-height:1.15\">Calendarios y Temarios de Estudio<\/h2>\n\n\n\n<div class=\"wp-block-buttons alignfull is-horizontal is-content-justification-center is-layout-flex wp-container-core-buttons-is-layout-3 wp-block-buttons-is-layout-flex\">\n<div class=\"wp-block-button has-custom-width wp-block-button__width-50\"><a class=\"wp-block-button__link has-text-color has-background wp-element-button\" href=\"https:\/\/cusacq.usac.edu.gt\/?page_id=7745\" style=\"border-radius:50px;color:#ffffff;background-color:#000000\" target=\"_blank\" rel=\"noreferrer noopener\">Calendarios Proceso de Ingreso 2027<\/a><\/div>\n<\/div>\n\n\n\n<p class=\"has-text-align-center has-small-font-size\" style=\"line-height:.9\"><\/p>\n\n\n\n<div class=\"wp-block-buttons alignfull is-horizontal is-content-justification-center is-layout-flex wp-container-core-buttons-is-layout-4 wp-block-buttons-is-layout-flex\">\n<div class=\"wp-block-button has-custom-width wp-block-button__width-50\"><a class=\"wp-block-button__link has-text-color has-background wp-element-button\" href=\"https:\/\/cusacq.usac.edu.gt\/?page_id=7170\" style=\"border-radius:50px;color:#ffffff;background-color:#000000\" target=\"_blank\" rel=\"noreferrer noopener\">Temarios de Estudio Pruebas B\u00e1sicas y Espec\u00edficas<\/a><\/div>\n<\/div>\n\n\n\n<h1 class=\"wp-block-heading has-text-align-left has-text-color has-large-font-size\" style=\"color:#00629b\">Mayor Informaci\u00f3n<\/h1>\n\n\n\n<p class=\"has-background\" style=\"background-color:#ececec\"><strong>Santa Cruz del Quich\u00e9<\/strong> &#8211; Coordinador Lic. Cipriano Cadelario L\u00f3pez &#8211; Cel. 3248-5141<\/p>\n\n\n\n<p class=\"has-background\" style=\"background-color:#ececec\"><strong>Joyabaj<\/strong> &#8211; Coordinador Lic. Freddy Ogaldez   &#8211; Cel. 4029-8429<\/p>\n\n\n\n<p class=\"has-background\" style=\"background-color:#ececec\"><strong>Ixc\u00e1n<\/strong> &#8211; Coordinador Lic. Abelardo Canil &#8211; Cel. 50655674<\/p>\n\n\n\n<p class=\"has-text-align-center has-cyan-bluish-gray-color has-text-color has-background has-medium-font-size\" style=\"background-color:#00629b\"><strong>Informaci\u00f3n y Divulgaci\u00f3n &#8211; Oficina 1 &#8211; \u00c1rea Administrativa CUSACQ &#8211; 6ta. avenida 2-11 zona 2 Santa Cruz del Quich\u00e9, Quich\u00e9. Tel. 7755-1273<\/strong>.  <\/p>\n\n\n\n<p class=\"has-text-align-center has-cyan-bluish-gray-color has-text-color has-background has-medium-font-size\" style=\"background-color:#00629b\"><strong>UNIDAD DE INFORMACI\u00d3N Y PUBLICIDAD <\/strong><em>|<\/em> a\u00f1o 2026.<\/p>\n\n\n\n<p><\/p>\n","protected":false},"excerpt":{"rendered":"<p>Sedes Plan de Estudios Horario 18:30 a 21:45 horas. Plan Diario Lunes a viernes. Perfil de Ingreso Una de las caracter\u00edsticas b\u00e1sicas que debe reunir el futuro estudiante de Derecho es el h\u00e1bito de la lectura, el cual debe incrementarse para poder responder adecuadamente a un pensum de estudios exigente, que intenta formar eficientemente al [&hellip;]<\/p>\n","protected":false},"author":1,"featured_media":0,"parent":49,"menu_order":6,"comment_status":"closed","ping_status":"closed","template":"","meta":{"footnotes":""},"class_list":["post-44","page","type-page","status-publish","czr-hentry"],"_links":{"self":[{"href":"https:\/\/cusacq.usac.edu.gt\/index.php?rest_route=\/wp\/v2\/pages\/44","targetHints":{"allow":["GET"]}}],"collection":[{"href":"https:\/\/cusacq.usac.edu.gt\/index.php?rest_route=\/wp\/v2\/pages"}],"about":[{"href":"https:\/\/cusacq.usac.edu.gt\/index.php?rest_route=\/wp\/v2\/types\/page"}],"author":[{"embeddable":true,"href":"https:\/\/cusacq.usac.edu.gt\/index.php?rest_route=\/wp\/v2\/users\/1"}],"replies":[{"embeddable":true,"href":"https:\/\/cusacq.usac.edu.gt\/index.php?rest_route=%2Fwp%2Fv2%2Fcomments&post=44"}],"version-history":[{"count":43,"href":"https:\/\/cusacq.usac.edu.gt\/index.php?rest_route=\/wp\/v2\/pages\/44\/revisions"}],"predecessor-version":[{"id":7855,"href":"https:\/\/cusacq.usac.edu.gt\/index.php?rest_route=\/wp\/v2\/pages\/44\/revisions\/7855"}],"up":[{"embeddable":true,"href":"https:\/\/cusacq.usac.edu.gt\/index.php?rest_route=\/wp\/v2\/pages\/49"}],"wp:attachment":[{"href":"https:\/\/cusacq.usac.edu.gt\/index.php?rest_route=%2Fwp%2Fv2%2Fmedia&parent=44"}],"curies":[{"name":"wp","href":"https:\/\/api.w.org\/{rel}","templated":true}]}}