{"id":49,"date":"2012-07-19T21:09:04","date_gmt":"2012-07-19T21:09:04","guid":{"rendered":"https:\/\/cusacq.usac.edu.gt?page_id=49"},"modified":"2022-10-26T21:29:15","modified_gmt":"2022-10-26T21:29:15","slug":"carreras-3","status":"publish","type":"page","link":"https:\/\/cusacq.usac.edu.gt\/?page_id=49","title":{"rendered":"Departamento de Estudios de Postgrado -CUSACQ-"},"content":{"rendered":"\n<div class=\"wp-block-buttons is-layout-flex wp-block-buttons-is-layout-flex\">\n<div class=\"wp-block-button\"><a class=\"wp-block-button__link\" href=\"https:\/\/cusacq.usac.edu.gt\/?page_id=7134\" target=\"_blank\" rel=\"noreferrer noopener\">Maestr\u00eda En Docencia Universitaria con \u00c9nfasis en Andragog\u00eda<\/a><\/div>\n\n\n\n<div class=\"wp-block-button is-style-fill\"><a class=\"wp-block-button__link\" href=\"https:\/\/cusacq.usac.edu.gt\/?page_id=7142\" target=\"_blank\" rel=\"noreferrer noopener\">Maestr\u00eda en Desarrollo Rural y Cambio Clim\u00e1tico<\/a><\/div>\n\n\n\n<div class=\"wp-block-button\"><a class=\"wp-block-button__link\">Maestr\u00eda en Administraci\u00f3n de Recursos Humanos<\/a><\/div>\n\n\n\n<div class=\"wp-block-button\"><a class=\"wp-block-button__link\" href=\"https:\/\/cusacq.usac.edu.gt\/?page_id=7153\" target=\"_blank\" rel=\"noreferrer noopener\">Maestr\u00eda en Formulaci\u00f3n y Evaluaci\u00f3n de Proyectos<\/a><\/div>\n\n\n\n<div class=\"wp-block-button\"><a class=\"wp-block-button__link\">Maestr\u00eda en Derecho Penal<\/a><\/div>\n<\/div>\n\n\n\n<p><\/p>\n","protected":false},"excerpt":{"rendered":"","protected":false},"author":101017,"featured_media":0,"parent":0,"menu_order":0,"comment_status":"closed","ping_status":"closed","template":"","meta":{"footnotes":""},"class_list":["post-49","page","type-page","status-publish","czr-hentry"],"_links":{"self":[{"href":"https:\/\/cusacq.usac.edu.gt\/index.php?rest_route=\/wp\/v2\/pages\/49","targetHints":{"allow":["GET"]}}],"collection":[{"href":"https:\/\/cusacq.usac.edu.gt\/index.php?rest_route=\/wp\/v2\/pages"}],"about":[{"href":"https:\/\/cusacq.usac.edu.gt\/index.php?rest_route=\/wp\/v2\/types\/page"}],"author":[{"embeddable":true,"href":"https:\/\/cusacq.usac.edu.gt\/index.php?rest_route=\/wp\/v2\/users\/101017"}],"replies":[{"embeddable":true,"href":"https:\/\/cusacq.usac.edu.gt\/index.php?rest_route=%2Fwp%2Fv2%2Fcomments&post=49"}],"version-history":[{"count":24,"href":"https:\/\/cusacq.usac.edu.gt\/index.php?rest_route=\/wp\/v2\/pages\/49\/revisions"}],"predecessor-version":[{"id":7160,"href":"https:\/\/cusacq.usac.edu.gt\/index.php?rest_route=\/wp\/v2\/pages\/49\/revisions\/7160"}],"wp:attachment":[{"href":"https:\/\/cusacq.usac.edu.gt\/index.php?rest_route=%2Fwp%2Fv2%2Fmedia&parent=49"}],"curies":[{"name":"wp","href":"https:\/\/api.w.org\/{rel}","templated":true}]}}