{"id":55,"date":"2012-07-20T16:50:32","date_gmt":"2012-07-20T16:50:32","guid":{"rendered":"https:\/\/cusacq.usac.edu.gt?page_id=55"},"modified":"2026-04-17T20:19:43","modified_gmt":"2026-04-17T20:19:43","slug":"pem-en-matematica-y-fisica","status":"publish","type":"page","link":"https:\/\/cusacq.usac.edu.gt\/?page_id=55","title":{"rendered":"PEM y Licenciatura en la Ense\u00f1anza de la Matem\u00e1tica y F\u00edsica"},"content":{"rendered":"\n<figure class=\"wp-block-image alignfull size-large\"><a href=\"https:\/\/cusacq.usac.edu.gt\/wp-content\/uploads\/2026\/04\/Banner-Matematica-y-Fisica-2027-renderizado-scaled.jpg\"><img loading=\"lazy\" decoding=\"async\" width=\"1024\" height=\"512\" src=\"https:\/\/cusacq.usac.edu.gt\/wp-content\/uploads\/2026\/04\/Banner-Matematica-y-Fisica-2027-renderizado-1024x512.jpg\" alt=\"\" class=\"wp-image-7871\" srcset=\"https:\/\/cusacq.usac.edu.gt\/wp-content\/uploads\/2026\/04\/Banner-Matematica-y-Fisica-2027-renderizado-1024x512.jpg 1024w, https:\/\/cusacq.usac.edu.gt\/wp-content\/uploads\/2026\/04\/Banner-Matematica-y-Fisica-2027-renderizado-300x150.jpg 300w, https:\/\/cusacq.usac.edu.gt\/wp-content\/uploads\/2026\/04\/Banner-Matematica-y-Fisica-2027-renderizado-768x384.jpg 768w, https:\/\/cusacq.usac.edu.gt\/wp-content\/uploads\/2026\/04\/Banner-Matematica-y-Fisica-2027-renderizado-1536x768.jpg 1536w, https:\/\/cusacq.usac.edu.gt\/wp-content\/uploads\/2026\/04\/Banner-Matematica-y-Fisica-2027-renderizado-2048x1024.jpg 2048w\" sizes=\"auto, (max-width: 1024px) 100vw, 1024px\" \/><\/a><\/figure>\n\n\n\n<h1 class=\"wp-block-heading has-text-align-left has-text-color has-large-font-size\" style=\"color:#0a2240\">Sede <\/h1>\n\n\n\n<ul style=\"background-color:#ececec\" class=\"wp-block-list has-background\">\n<li><strong>Santa Cruz del Quich\u00e9 <\/strong><\/li>\n<\/ul>\n\n\n\n<h1 class=\"wp-block-heading has-text-align-left has-text-color has-large-font-size\" style=\"color:#0a2240\">Plan de Estudios<\/h1>\n\n\n\n<div class=\"wp-block-columns has-background is-layout-flex wp-container-core-columns-is-layout-1 wp-block-columns-is-layout-flex\" style=\"background-color:#ececec\">\n<div class=\"wp-block-column is-layout-flow wp-block-column-is-layout-flow\">\n<h2 class=\"wp-block-heading\">Horario<\/h2>\n\n\n\n<p><strong>18:30 a 21:45 horas<\/strong>.<\/p>\n<\/div>\n\n\n\n<div class=\"wp-block-column is-layout-flow wp-block-column-is-layout-flow\">\n<h2 class=\"wp-block-heading\">Plan Diario<\/h2>\n\n\n\n<p><strong>Lunes a Viernes<\/strong>.<\/p>\n<\/div>\n<\/div>\n\n\n\n<h1 class=\"wp-block-heading has-text-color has-large-font-size\" style=\"color:#0a2240\">Perfil de Ingreso<\/h1>\n\n\n\n<ul class=\"wp-block-list\">\n<li>El estudiante que desee ingresar a la carrera de Profesorado de Ense\u00f1anza Media en Matem\u00e1tica y<\/li>\n\n\n\n<li>F\u00edsica, que brindar\u00e1 una mejor formaci\u00f3n para los estudiantes del nivel medio debido a la<\/li>\n\n\n\n<li>especialidad docente en el \u00e1rea de Matem\u00e1tica y F\u00edsica.<\/li>\n\n\n\n<li>Habilidad general en el \u00e1rea de Matem\u00e1tica y F\u00edsica.<\/li>\n\n\n\n<li>Disposici\u00f3n aprender estrategias en la Ense\u00f1anza y Aprendizaje de la Matem\u00e1tica y F\u00edsica.<\/li>\n\n\n\n<li>Buen h\u00e1bito de estudio y lectura.<\/li>\n\n\n\n<li>Sentido de organizaci\u00f3n y responsabilidad.<\/li>\n\n\n\n<li>Buenas relaciones humanas y creatividad. Buena actitud psicol\u00f3gica.<\/li>\n\n\n\n<li> Disposici\u00f3n para trabajar en equipo.<\/li>\n<\/ul>\n\n\n\n<h1 class=\"wp-block-heading has-text-color has-large-font-size\" style=\"color:#0a2240\">Perfil de Egreso<\/h1>\n\n\n\n<ul class=\"wp-block-list\">\n<li>El egresado de la carrera de Profesorado de Ense\u00f1anza Media en Matem\u00e1tica y F\u00edsica tendr\u00e1 el reconocimiento de la sociedad como un profesional con alto nivel acad\u00e9mico en la ense\u00f1anza de la<\/li>\n\n\n\n<li>Matem\u00e1tica y F\u00edsica con las siguientes capacidades y\/o competencias:<\/li>\n\n\n\n<li>S\u00f3lidos conocimientos en formaci\u00f3n para planificar, organizar, dirigir y realizar la ense\u00f1anza en el \u00e1rea de Matem\u00e1tica y F\u00edsica.<\/li>\n\n\n\n<li>Utiliza m\u00e9todos y t\u00e9cnicas pedag\u00f3gicas e innovadoras en el proceso ense\u00f1anza aprendizaje de la matem\u00e1tica y f\u00edsica.<\/li>\n\n\n\n<li>Desarrolla propuestas educativas con enfoques did\u00e1cticos para la ense\u00f1anza de matem\u00e1tica y f\u00edsica.<\/li>\n\n\n\n<li>Manifiesta valores \u00e9ticos, responsables y comprometidos en la ense\u00f1anza \u2013aprendizaje en las \u00e1reas de su especialidad.<\/li>\n\n\n\n<li>Desarrolla labores docentes en los diferentes \u00e1mbitos educativos, resolviendo problemas pr\u00e1cticos de la especializaci\u00f3n.<\/li>\n\n\n\n<li>Coordina y fomenta actividades para el aprendizaje y aplicaci\u00f3n de la Matem\u00e1tica y la F\u00edsica, si deseas mayor informaci\u00f3n a cerca de los perfiles de ingreso y egreso de \u00e9sta carrera descarga el siguiente documento.<\/li>\n<\/ul>\n\n\n\n<p class=\"has-text-align-center has-medium-font-size\"><strong>Perfil de Ingreso y Egreso completo<\/strong><\/p>\n\n\n\n<div class=\"wp-block-buttons is-layout-flex wp-block-buttons-is-layout-flex\">\n<div class=\"wp-block-button has-custom-width wp-block-button__width-100 is-style-fill\"><a class=\"wp-block-button__link has-background wp-element-button\" href=\"https:\/\/cusacq.usac.edu.gt\/wp-content\/uploads\/2022\/03\/Perfil-de-ingreso-y-egreso-Profesorado-de-Ensenanza-Media-en-Matematica-y-Fisica.-2.pdf\" style=\"background-color:#0a2240\" target=\"_blank\" rel=\"noreferrer noopener\">Descarga<\/a><\/div>\n<\/div>\n\n\n\n<p class=\"has-text-align-center has-medium-font-size\"><strong><strong>Pensum de Estudios<\/strong><\/strong><\/p>\n\n\n\n<div class=\"wp-block-buttons is-layout-flex wp-block-buttons-is-layout-flex\">\n<div class=\"wp-block-button has-custom-width wp-block-button__width-100 is-style-fill\"><a class=\"wp-block-button__link has-background wp-element-button\" href=\"https:\/\/cusacq.usac.edu.gt\/wp-content\/uploads\/2022\/03\/Pensum-de-Estudios-1.pdf\" style=\"background-color:#0a2240\" target=\"_blank\" rel=\"noreferrer noopener\">Descarga<\/a><\/div>\n<\/div>\n\n\n\n<h1 class=\"wp-block-heading has-text-align-left has-text-color has-large-font-size\" style=\"color:#0a2240\">Proceso de Ingreso<\/h1>\n\n\n\n<ol style=\"background-color:#ececec\" class=\"wp-block-list has-background\">\n<li>Prueba de Orientaci\u00f3n Vocacional<\/li>\n\n\n\n<li>Pruebas de Conocimientos B\u00e1sicos: <strong>\u00abLenguaje y Matem\u00e1tica\u00bb<\/strong><\/li>\n\n\n\n<li>Prueba Espec\u00edfica: <strong>\u00abEjes Tem\u00e1ticos de Matem\u00e1tica y F\u00edsica\u00bb<\/strong><\/li>\n<\/ol>\n\n\n\n<h2 class=\"wp-block-heading alignfull has-text-align-center\" id=\"schedule-a-visit\" style=\"font-size:59px;line-height:1.15\">Calendarios y Temarios de Estudio<\/h2>\n\n\n\n<div class=\"wp-block-buttons alignfull is-horizontal is-content-justification-center is-layout-flex wp-container-core-buttons-is-layout-3 wp-block-buttons-is-layout-flex\">\n<div class=\"wp-block-button has-custom-width wp-block-button__width-50\"><a class=\"wp-block-button__link has-text-color has-background wp-element-button\" href=\"https:\/\/cusacq.usac.edu.gt\/?page_id=7745\" style=\"border-radius:50px;color:#ffffff;background-color:#000000\" target=\"_blank\" rel=\"noreferrer noopener\">Calendarios Proceso de Ingreso 2027<\/a><\/div>\n<\/div>\n\n\n\n<p class=\"has-text-align-center has-small-font-size\" style=\"line-height:.9\"><\/p>\n\n\n\n<div class=\"wp-block-buttons alignfull is-horizontal is-content-justification-center is-layout-flex wp-container-core-buttons-is-layout-4 wp-block-buttons-is-layout-flex\">\n<div class=\"wp-block-button has-custom-width wp-block-button__width-50\"><a class=\"wp-block-button__link has-text-color has-background wp-element-button\" href=\"https:\/\/cusacq.usac.edu.gt\/?page_id=7170\" style=\"border-radius:50px;color:#ffffff;background-color:#000000\" target=\"_blank\" rel=\"noreferrer noopener\">Temarios de Estudio Pruebas B\u00e1sicas y Espec\u00edficas<\/a><\/div>\n<\/div>\n\n\n\n<h1 class=\"wp-block-heading has-text-align-left has-text-color has-large-font-size\" style=\"color:#0a2240\">Mayor Informaci\u00f3n<\/h1>\n\n\n\n<p class=\"has-background\" style=\"background-color:#ececec\"><strong>Santa Cruz del Quich\u00e9<\/strong> &#8211; Coordinador Msc. Carlos Enrique Ren &#8211; Cel. 4488-3286<\/p>\n\n\n\n<p class=\"has-text-align-center has-cyan-bluish-gray-color has-text-color has-background has-medium-font-size\" style=\"background-color:#0a2240\"><strong>Informaci\u00f3n y Divulgaci\u00f3n &#8211; Oficina 1 &#8211; \u00c1rea Administrativa CUSACQ &#8211; 6ta. avenida 2-11 zona 2 Santa Cruz del Quich\u00e9, Quich\u00e9. Tel. 7755-1273<\/strong>.<\/p>\n\n\n\n<p class=\"has-text-align-center has-cyan-bluish-gray-color has-text-color has-background has-medium-font-size\" style=\"background-color:#0a2240\">UNIDAD DE INFORMACI\u00d3N Y PUBLICIDAD | a\u00f1o 2026.<\/p>\n\n\n\n<p><\/p>\n","protected":false},"excerpt":{"rendered":"<p>Sede Plan de Estudios Horario 18:30 a 21:45 horas. Plan Diario Lunes a Viernes. Perfil de Ingreso Perfil de Egreso Perfil de Ingreso y Egreso completo Pensum de Estudios Proceso de Ingreso Calendarios y Temarios de Estudio Mayor Informaci\u00f3n Santa Cruz del Quich\u00e9 &#8211; Coordinador Msc. Carlos Enrique Ren &#8211; Cel. 4488-3286 Informaci\u00f3n y Divulgaci\u00f3n [&hellip;]<\/p>\n","protected":false},"author":1,"featured_media":0,"parent":6559,"menu_order":4,"comment_status":"closed","ping_status":"closed","template":"","meta":{"footnotes":""},"class_list":["post-55","page","type-page","status-publish","czr-hentry"],"_links":{"self":[{"href":"https:\/\/cusacq.usac.edu.gt\/index.php?rest_route=\/wp\/v2\/pages\/55","targetHints":{"allow":["GET"]}}],"collection":[{"href":"https:\/\/cusacq.usac.edu.gt\/index.php?rest_route=\/wp\/v2\/pages"}],"about":[{"href":"https:\/\/cusacq.usac.edu.gt\/index.php?rest_route=\/wp\/v2\/types\/page"}],"author":[{"embeddable":true,"href":"https:\/\/cusacq.usac.edu.gt\/index.php?rest_route=\/wp\/v2\/users\/1"}],"replies":[{"embeddable":true,"href":"https:\/\/cusacq.usac.edu.gt\/index.php?rest_route=%2Fwp%2Fv2%2Fcomments&post=55"}],"version-history":[{"count":45,"href":"https:\/\/cusacq.usac.edu.gt\/index.php?rest_route=\/wp\/v2\/pages\/55\/revisions"}],"predecessor-version":[{"id":7872,"href":"https:\/\/cusacq.usac.edu.gt\/index.php?rest_route=\/wp\/v2\/pages\/55\/revisions\/7872"}],"up":[{"embeddable":true,"href":"https:\/\/cusacq.usac.edu.gt\/index.php?rest_route=\/wp\/v2\/pages\/6559"}],"wp:attachment":[{"href":"https:\/\/cusacq.usac.edu.gt\/index.php?rest_route=%2Fwp%2Fv2%2Fmedia&parent=55"}],"curies":[{"name":"wp","href":"https:\/\/api.w.org\/{rel}","templated":true}]}}