{"id":58,"date":"2012-07-20T17:02:57","date_gmt":"2012-07-20T17:02:57","guid":{"rendered":"https:\/\/cusacq.usac.edu.gt?page_id=58"},"modified":"2026-04-17T18:38:21","modified_gmt":"2026-04-17T18:38:21","slug":"ingenieria-agronomica-y-sistemas-de-produccion-agricola","status":"publish","type":"page","link":"https:\/\/cusacq.usac.edu.gt\/?page_id=58","title":{"rendered":"Ingenier\u00eda Agron\u00f3mica en Sistemas de Producci\u00f3n Agr\u00edcola"},"content":{"rendered":"\n<figure class=\"wp-block-image alignfull size-full\"><a href=\"https:\/\/cusacq.usac.edu.gt\/wp-content\/uploads\/2026\/04\/Banner-Agronomia-2027-renderizado-scaled.jpg\"><img loading=\"lazy\" decoding=\"async\" width=\"2560\" height=\"1280\" src=\"https:\/\/cusacq.usac.edu.gt\/wp-content\/uploads\/2026\/04\/Banner-Agronomia-2027-renderizado-scaled.jpg\" alt=\"\" class=\"wp-image-7842\" srcset=\"https:\/\/cusacq.usac.edu.gt\/wp-content\/uploads\/2026\/04\/Banner-Agronomia-2027-renderizado-scaled.jpg 2560w, https:\/\/cusacq.usac.edu.gt\/wp-content\/uploads\/2026\/04\/Banner-Agronomia-2027-renderizado-300x150.jpg 300w, https:\/\/cusacq.usac.edu.gt\/wp-content\/uploads\/2026\/04\/Banner-Agronomia-2027-renderizado-1024x512.jpg 1024w, https:\/\/cusacq.usac.edu.gt\/wp-content\/uploads\/2026\/04\/Banner-Agronomia-2027-renderizado-768x384.jpg 768w, https:\/\/cusacq.usac.edu.gt\/wp-content\/uploads\/2026\/04\/Banner-Agronomia-2027-renderizado-1536x768.jpg 1536w, https:\/\/cusacq.usac.edu.gt\/wp-content\/uploads\/2026\/04\/Banner-Agronomia-2027-renderizado-2048x1024.jpg 2048w\" sizes=\"auto, (max-width: 2560px) 100vw, 2560px\" \/><\/a><\/figure>\n\n\n\n<h1 class=\"wp-block-heading has-text-align-left has-text-color has-large-font-size\" style=\"color:#0a2240\">Sedes <\/h1>\n\n\n\n<ul style=\"background-color:#ececec\" class=\"wp-block-list has-background\">\n<li><strong>Santa Cruz del Quich\u00e9 <\/strong><\/li>\n\n\n\n<li><strong>Joyabaj<\/strong><\/li>\n<\/ul>\n\n\n\n<h1 class=\"wp-block-heading has-text-align-left has-text-color has-large-font-size\" style=\"color:#0a2240\">Plan de Estudios<\/h1>\n\n\n\n<div class=\"wp-block-columns has-background is-layout-flex wp-container-core-columns-is-layout-1 wp-block-columns-is-layout-flex\" style=\"background-color:#ececec\">\n<div class=\"wp-block-column is-layout-flow wp-block-column-is-layout-flow\">\n<h2 class=\"wp-block-heading\">Horario<\/h2>\n\n\n\n<p><strong>18:30 a 21:45 horas.<\/strong><\/p>\n<\/div>\n\n\n\n<div class=\"wp-block-column is-layout-flow wp-block-column-is-layout-flow\">\n<h2 class=\"wp-block-heading\">Plan Diario<\/h2>\n\n\n\n<p><strong>Lunes a viernes.<\/strong><\/p>\n<\/div>\n<\/div>\n\n\n\n<h1 class=\"wp-block-heading has-text-color has-large-font-size\" style=\"color:#0a2240\">Perfil de Ingreso<\/h1>\n\n\n\n<ul class=\"wp-block-list\">\n<li>Demostrar inter\u00e9s por la agronom\u00eda y el ambiente.<\/li>\n\n\n\n<li>Poseer conocimientos b\u00e1sicos en matem\u00e1tica, biolog\u00eda, qu\u00edmica y ciencias sociales.<\/li>\n\n\n\n<li>Poseer capacidad de adaptarse al medio universitario y a las condiciones propias de la vida rural guatemalteca.<\/li>\n\n\n\n<li>Tener disposici\u00f3n para la realizaci\u00f3n de pr\u00e1cticas en el campo de la agronom\u00eda. Poseer capacidad de relacionarse con grupos de diferente cultura y nivel econ\u00f3mico.<\/li>\n\n\n\n<li>Poseer sensibilidad social.<\/li>\n\n\n\n<li>Demostrar inter\u00e9s por interpretar los fen\u00f3menos naturales y sociales.<\/li>\n<\/ul>\n\n\n\n<h1 class=\"wp-block-heading has-text-color has-large-font-size\" style=\"color:#0a2240\">Perfil de Egreso<\/h1>\n\n\n\n<p>Al finalizar la carrera de SPA el Ingeniero Agr\u00f3nomo egresado de la Facultad de Agronom\u00eda, estar\u00e1 en capacidad de:<\/p>\n\n\n\n<ul class=\"wp-block-list\">\n<li>Identificarse y comprometerse con el desarrollo del pa\u00eds y del desarrollo rural, desde la perspectiva de la interacci\u00f3n entre los Recursos Naturales Renovables y los Sistemas de Producci\u00f3n Agr\u00edcola, en el Marco de la sostenibilidad.<\/li>\n\n\n\n<li>Participar eficazmente en los procesos productivos relacionados con los Recursos Naturales Renovables y los Sistemas de Producci\u00f3n Agr\u00edcola desde los \u00e1mbitos: a) Empresarial, b) Comunitario, c) No gubernamental, d) Estatal y extraterritorial.<\/li>\n\n\n\n<li>Intervenir e incidir en el ciclo de las Pol\u00edticas P\u00fablicas relacionadas con la Producci\u00f3n Agr\u00edcola, los Recursos Naturales Renovables y el Desarrollo Rural.<\/li>\n\n\n\n<li>Contribuir al proceso de generaci\u00f3n de conocimientos apropiados a la realidad nacional en el \u00e1mbito de las Ciencias Agron\u00f3micas.<\/li>\n\n\n\n<li>Conocer y evaluar la realidad agr\u00edcola nacional para proponer mejoras a las condiciones del \u00e1rea rural.<\/li>\n\n\n\n<li>Poseer capacidad cr\u00edtica, creativa y propositiva ante la problem\u00e1tica de los diferentes procesos agr\u00edcolas de importancia econ\u00f3mica para el pa\u00eds.<\/li>\n\n\n\n<li>Poseer una formaci\u00f3n humanista integral para una cultura de convivencia solidaria y democr\u00e1tica,10. Actuar con decoro, orden y disciplina personal, etc., si deseas mayor informaci\u00f3n a cerca de los perfiles de ingreso y egreso de \u00e9sta carrera descarga el siguiente documento.<\/li>\n<\/ul>\n\n\n\n<h2 class=\"wp-block-heading has-text-align-center has-medium-font-size\">Perfil de Ingreso y Egreso completo<\/h2>\n\n\n\n<div class=\"wp-block-buttons is-layout-flex wp-block-buttons-is-layout-flex\">\n<div class=\"wp-block-button has-custom-width wp-block-button__width-100 is-style-fill\"><a class=\"wp-block-button__link has-black-background-color has-background wp-element-button\" href=\"https:\/\/cusacq.usac.edu.gt\/wp-content\/uploads\/2022\/03\/Perfil-de-Ingreso-y-Egreso-Agronomia.pdf\" target=\"_blank\" rel=\"noreferrer noopener\">Descargar<\/a><\/div>\n<\/div>\n\n\n\n<h2 class=\"wp-block-heading has-text-align-center has-medium-font-size\">Pensum de Estudios<\/h2>\n\n\n\n<div class=\"wp-block-buttons is-layout-flex wp-block-buttons-is-layout-flex\">\n<div class=\"wp-block-button has-custom-width wp-block-button__width-100 is-style-fill\"><a class=\"wp-block-button__link has-black-background-color has-background wp-element-button\" href=\"https:\/\/cusacq.usac.edu.gt\/wp-content\/uploads\/2022\/03\/PENSUM-DE-AGRONOMIA.pdf\" target=\"_blank\" rel=\"noreferrer noopener\">Descargar<\/a><\/div>\n<\/div>\n\n\n\n<h2 class=\"wp-block-heading has-text-align-center has-small-font-size\" style=\"text-transform:uppercase\">nORMATIVO DEL EJERCICIO PROFESIONAL SUPERVISADO -EPSA- Y TRABAJO DE GRADUACI\u00f3N DE LA CARRERA INGENIER\u00cdA  AGRON\u00d3MICA EN SISTEMAS DE PRODUCCI\u00f3N AGR\u00edCOLA &#8211; CUSACQ<\/h2>\n\n\n\n<div class=\"wp-block-buttons is-layout-flex wp-block-buttons-is-layout-flex\">\n<div class=\"wp-block-button has-custom-width wp-block-button__width-100 is-style-fill\"><a class=\"wp-block-button__link has-black-background-color has-background wp-element-button\" href=\"https:\/\/cusacq.usac.edu.gt\/wp-content\/uploads\/2022\/09\/Normativo-EPSA-Agronomia-2020-CUSACQ.pdf\" target=\"_blank\" rel=\"noreferrer noopener\">Descargar<\/a><\/div>\n<\/div>\n\n\n\n<h1 class=\"wp-block-heading has-text-align-left has-text-color has-large-font-size\" style=\"color:#0a2240\">Proceso de Ingreso<\/h1>\n\n\n\n<ol class=\"wp-block-list\">\n<li>Prueba de Orientaci\u00f3n Vocacional<\/li>\n\n\n\n<li>Prueba B\u00e1sica: Lenguaje<\/li>\n\n\n\n<li>Pruebas Espec\u00edficas: Biolog\u00eda y Matem\u00e1tica<\/li>\n<\/ol>\n\n\n\n<div class=\"wp-block-group alignfull has-text-color has-background\" style=\"color:#000000;background-color:#ffffff\"><div class=\"wp-block-group__inner-container is-layout-flow wp-block-group-is-layout-flow\">\n<h2 class=\"wp-block-heading has-text-align-center\" id=\"schedule-a-visit\" style=\"font-size:59px;line-height:1.15\">Calendarios y Temarios de Estudio<\/h2>\n\n\n\n<div class=\"wp-block-buttons is-horizontal is-content-justification-center is-layout-flex wp-container-core-buttons-is-layout-4 wp-block-buttons-is-layout-flex\">\n<div class=\"wp-block-button has-custom-width wp-block-button__width-50\"><a class=\"wp-block-button__link has-text-color has-background wp-element-button\" href=\"https:\/\/cusacq.usac.edu.gt\/?page_id=7745\" style=\"border-radius:50px;color:#ffffff;background-color:#000000\" target=\"_blank\" rel=\"noreferrer noopener\">Calendarios Proceso de Ingreso 2027<\/a><\/div>\n<\/div>\n\n\n\n<p class=\"has-text-align-center has-small-font-size\" style=\"line-height:.9\"><\/p>\n\n\n\n<div class=\"wp-block-buttons is-horizontal is-content-justification-center is-layout-flex wp-container-core-buttons-is-layout-5 wp-block-buttons-is-layout-flex\">\n<div class=\"wp-block-button has-custom-width wp-block-button__width-50\"><a class=\"wp-block-button__link has-text-color has-background wp-element-button\" href=\"https:\/\/cusacq.usac.edu.gt\/?page_id=7170\" style=\"border-radius:50px;color:#ffffff;background-color:#000000\" target=\"_blank\" rel=\"noreferrer noopener\">Temarios de Estudio Pruebas B\u00e1sicas y Espec\u00edficas<\/a><\/div>\n<\/div>\n<\/div><\/div>\n\n\n\n<h1 class=\"wp-block-heading has-text-align-left has-text-color has-large-font-size\" style=\"color:#0a2240\">Mayor Informaci\u00f3n<\/h1>\n\n\n\n<p class=\"has-background\" style=\"background-color:#ececec\"><strong>Santa Cruz del Quich\u00e9<\/strong> &#8211; Coordinador Ing. Sergio G\u00f3mez &#8211; Cel. 58961520<\/p>\n\n\n\n<p class=\"has-background\" style=\"background-color:#ececec\"><strong>Joyabaj<\/strong> &#8211; Coordinador Ing. Oscar Dar\u00edo Alvarado Quezada &#8211; Cel. 42626081<\/p>\n\n\n\n<p class=\"has-text-align-center has-cyan-bluish-gray-color has-text-color has-background has-medium-font-size\" style=\"background-color:#0a2240\"><strong>Informaci\u00f3n y Divulgaci\u00f3n &#8211; Oficina 1 &#8211; \u00c1rea  Administrativas CUSACQ &#8211; 6ta. avenida 2-11 zona 2 Santa Cruz del Quich\u00e9, Quich\u00e9. Tel. 7755-1273<\/strong>. <\/p>\n\n\n\n<p class=\"has-text-align-center has-cyan-bluish-gray-color has-text-color has-background has-medium-font-size\" style=\"background-color:#0a2240\">A\u00f1o 2025 | UNIDAD DE INFORMACI\u00d3N Y PUBLICIDAD<\/p>\n\n\n\n<p><\/p>\n","protected":false},"excerpt":{"rendered":"<p>Sedes Plan de Estudios Horario 18:30 a 21:45 horas. Plan Diario Lunes a viernes. Perfil de Ingreso Perfil de Egreso Al finalizar la carrera de SPA el Ingeniero Agr\u00f3nomo egresado de la Facultad de Agronom\u00eda, estar\u00e1 en capacidad de: Perfil de Ingreso y Egreso completo Pensum de Estudios nORMATIVO DEL EJERCICIO PROFESIONAL SUPERVISADO -EPSA- Y [&hellip;]<\/p>\n","protected":false},"author":1,"featured_media":0,"parent":49,"menu_order":5,"comment_status":"closed","ping_status":"closed","template":"","meta":{"footnotes":""},"class_list":["post-58","page","type-page","status-publish","czr-hentry"],"_links":{"self":[{"href":"https:\/\/cusacq.usac.edu.gt\/index.php?rest_route=\/wp\/v2\/pages\/58","targetHints":{"allow":["GET"]}}],"collection":[{"href":"https:\/\/cusacq.usac.edu.gt\/index.php?rest_route=\/wp\/v2\/pages"}],"about":[{"href":"https:\/\/cusacq.usac.edu.gt\/index.php?rest_route=\/wp\/v2\/types\/page"}],"author":[{"embeddable":true,"href":"https:\/\/cusacq.usac.edu.gt\/index.php?rest_route=\/wp\/v2\/users\/1"}],"replies":[{"embeddable":true,"href":"https:\/\/cusacq.usac.edu.gt\/index.php?rest_route=%2Fwp%2Fv2%2Fcomments&post=58"}],"version-history":[{"count":59,"href":"https:\/\/cusacq.usac.edu.gt\/index.php?rest_route=\/wp\/v2\/pages\/58\/revisions"}],"predecessor-version":[{"id":7844,"href":"https:\/\/cusacq.usac.edu.gt\/index.php?rest_route=\/wp\/v2\/pages\/58\/revisions\/7844"}],"up":[{"embeddable":true,"href":"https:\/\/cusacq.usac.edu.gt\/index.php?rest_route=\/wp\/v2\/pages\/49"}],"wp:attachment":[{"href":"https:\/\/cusacq.usac.edu.gt\/index.php?rest_route=%2Fwp%2Fv2%2Fmedia&parent=58"}],"curies":[{"name":"wp","href":"https:\/\/api.w.org\/{rel}","templated":true}]}}