{"id":62,"date":"2012-07-20T17:05:43","date_gmt":"2012-07-20T17:05:43","guid":{"rendered":"https:\/\/cusacq.usac.edu.gt?page_id=62"},"modified":"2026-04-17T19:19:07","modified_gmt":"2026-04-17T19:19:07","slug":"profesorado-en-ensenanza-media-con-orientacion-en-medio-ambiente-fin-de-semana","status":"publish","type":"page","link":"https:\/\/cusacq.usac.edu.gt\/?page_id=62","title":{"rendered":"PEM y Licenciatura en Pedagog\u00eda y Administraci\u00f3n Educativa con Especialidad en Medio Ambiente"},"content":{"rendered":"\n<figure class=\"wp-block-image alignfull size-large\"><a href=\"https:\/\/cusacq.usac.edu.gt\/wp-content\/uploads\/2026\/04\/Banner-Pedagogia-2027-renderizado-scaled.jpg\"><img loading=\"lazy\" decoding=\"async\" width=\"1024\" height=\"512\" src=\"https:\/\/cusacq.usac.edu.gt\/wp-content\/uploads\/2026\/04\/Banner-Pedagogia-2027-renderizado-1024x512.jpg\" alt=\"\" class=\"wp-image-7856\" srcset=\"https:\/\/cusacq.usac.edu.gt\/wp-content\/uploads\/2026\/04\/Banner-Pedagogia-2027-renderizado-1024x512.jpg 1024w, https:\/\/cusacq.usac.edu.gt\/wp-content\/uploads\/2026\/04\/Banner-Pedagogia-2027-renderizado-300x150.jpg 300w, https:\/\/cusacq.usac.edu.gt\/wp-content\/uploads\/2026\/04\/Banner-Pedagogia-2027-renderizado-768x384.jpg 768w, https:\/\/cusacq.usac.edu.gt\/wp-content\/uploads\/2026\/04\/Banner-Pedagogia-2027-renderizado-1536x768.jpg 1536w, https:\/\/cusacq.usac.edu.gt\/wp-content\/uploads\/2026\/04\/Banner-Pedagogia-2027-renderizado-2048x1024.jpg 2048w\" sizes=\"auto, (max-width: 1024px) 100vw, 1024px\" \/><\/a><\/figure>\n\n\n\n<div class=\"wp-block-columns is-layout-flex wp-container-core-columns-is-layout-1 wp-block-columns-is-layout-flex\">\n<div class=\"wp-block-column is-vertically-aligned-center is-layout-flow wp-block-column-is-layout-flow\" style=\"flex-basis:100%\">\n<h1 class=\"wp-block-heading has-text-align-left has-text-color has-large-font-size\" style=\"color:#0a2240\">Sedes <\/h1>\n<\/div>\n<\/div>\n\n\n\n<ul style=\"background-color:#ececec\" class=\"wp-block-list has-background\">\n<li><strong>Santa Cruz del Quich\u00e9 <\/strong><\/li>\n\n\n\n<li><strong>Santa Mar\u00eda Nebaj<\/strong><\/li>\n\n\n\n<li><strong>San Andr\u00e9s Sajcabaj\u00e1<\/strong><\/li>\n\n\n\n<li><strong>Santa Mar\u00eda Joyabaj<\/strong><\/li>\n\n\n\n<li><strong>Chicu\u00e1 Primero<\/strong><\/li>\n<\/ul>\n\n\n\n<h1 class=\"wp-block-heading has-text-align-left has-text-color has-large-font-size\" style=\"color:#0a2240\">Plan de Estudios<\/h1>\n\n\n\n<div class=\"wp-block-columns has-background is-layout-flex wp-container-core-columns-is-layout-2 wp-block-columns-is-layout-flex\" style=\"background-color:#ececec\">\n<div class=\"wp-block-column is-layout-flow wp-block-column-is-layout-flow\">\n<h2 class=\"wp-block-heading\">Horario<\/h2>\n\n\n\n<p><strong>7:00 a 18:00 Horas.<\/strong><\/p>\n<\/div>\n\n\n\n<div class=\"wp-block-column is-layout-flow wp-block-column-is-layout-flow\">\n<h2 class=\"wp-block-heading\">Plan fin de semana<\/h2>\n\n\n\n<p><strong>D\u00eda S\u00e1bado<\/strong><\/p>\n<\/div>\n<\/div>\n\n\n\n<h1 class=\"wp-block-heading has-text-color has-large-font-size\" style=\"color:#0a2240\">Perfil de Ingreso<\/h1>\n\n\n\n<p class=\"has-text-align-left\">Para el efecto se dar\u00e1 prioridad a aquellos aspirantes que laboren en actividades relacionadas con las funciones educativas en el \u00e1mbito formal, no formal e informal, gesti\u00f3n ambiental o administrando proyectos de una entidad educativa (privada o p\u00fablica, lucrativa o no). Dentro de estos par\u00e1metros tendr\u00e1n preferencia los egresados del nivel medio con los t\u00edtulos de Maestro o Maestra de Educaci\u00f3n Primaria Monoling\u00fce o Biling\u00fce, Maestro o Maestra de Educaci\u00f3n Preprimaria Monoling\u00fce o Biling\u00fce, y aquellos que, sin contar con ellos, se hayan acercado a la especialidad ofrecida por su experiencia laboral.<\/p>\n\n\n\n<p>Los estudiantes que ingresen a la carrera de Profesorado de Ense\u00f1anza Media en Pedagog\u00eda y T\u00e9cnico en Administraci\u00f3n Educativa con Orientaci\u00f3n en Medio Ambiente deber\u00e1n cumplir con los siguientes requisitos:<\/p>\n\n\n\n<h3 class=\"wp-block-heading\">Legales<\/h3>\n\n\n\n<p>Poseer t\u00edtulo o diploma del Nivel Medio, otorgado o avalado por el Ministerio de Educaci\u00f3n.<\/p>\n\n\n\n<h3 class=\"wp-block-heading\">Acad\u00e9micos<\/h3>\n\n\n\n<p>Haber aprobado el examen de Orientaci\u00f3n Vocacional, la<br>prueba de conocimientos b\u00e1sicos (PCB) y la prueba espec\u00edfica.<\/p>\n\n\n\n<p>El aspirante a ingresar a la carrera de Pedagog\u00eda y T\u00e9cnico en Administraci\u00f3n Educativa con orientaci\u00f3n en Medio Ambiente.<\/p>\n\n\n\n<ul class=\"wp-block-list\">\n<li>Vocaci\u00f3n por la ense\u00f1anza.<\/li>\n\n\n\n<li>Inter\u00e9s por la Administraci\u00f3n Educativa.<\/li>\n\n\n\n<li>Facilidad de relaci\u00f3n y comunicaci\u00f3n con los dem\u00e1s.<\/li>\n\n\n\n<li>Inter\u00e9s por los recursos naturales y su relaci\u00f3n con la sociedad.<\/li>\n\n\n\n<li>Sensibilidad y compromiso para contribuir a la soluci\u00f3n de la problem\u00e1tica ambiental.<\/li>\n\n\n\n<li>Facilidad de relacionarse con distintos grupos sociales respetando sus caracter\u00edsticas culturales y \u00e9tnicas.<\/li>\n\n\n\n<li>Aptitud para el trabajo en equipo.<\/li>\n\n\n\n<li>Caracter\u00edsticas que deben de identificar al aspirante a estudiar Pedagog\u00eda y<\/li>\n\n\n\n<li>T\u00e9cnico en Administraci\u00f3n Educativa con orientaci\u00f3n en Medio Ambiente.<\/li>\n\n\n\n<li>Innovador, Creativo y Proactivo.<\/li>\n\n\n\n<li>Liderazgo.<\/li>\n\n\n\n<li>Anal\u00edtico y Observador Cr\u00edtico.<\/li>\n\n\n\n<li>Consciente de los problemas ambientales.<\/li>\n\n\n\n<li>Responsable con el medio ambiente.<\/li>\n\n\n\n<li>Buenas relaciones interpersonales.<\/li>\n\n\n\n<li>Facilidad de adaptarse a los cambios, solidario.<\/li>\n<\/ul>\n\n\n\n<h1 class=\"wp-block-heading has-text-color has-large-font-size\" style=\"color:#0a2240\">Perfil de Egreso<\/h1>\n\n\n\n<ul class=\"wp-block-list\">\n<li>Un profesional de alta calidad acad\u00e9mica con excelente preparaci\u00f3n en Investigaci\u00f3n Pedag\u00f3gica con Orientaci\u00f3n en Medio Ambiente. (conocimiento).<\/li>\n\n\n\n<li>Un profesor con dominio en la aplicaci\u00f3n de m\u00e9todos y t\u00e9cnicas modernas para la ense\u00f1anza de la Investigaci\u00f3n Pedag\u00f3gica con Orientaci\u00f3n en Medio Ambiente. (conocimiento).<\/li>\n\n\n\n<li>Un profesor con capacidad de apoyar y orientar al estudiante del nivel medio en el planteamiento de principios bio\u00e9ticos en su vida personal.<\/li>\n\n\n\n<li>Un profesor con conciencia moral y \u00e9tica.\u2022 Un profesional en constante superaci\u00f3n personal.<\/li>\n\n\n\n<li>Un profesor honesto, responsable, puntual, respetuoso con alto grado de conciencia ambiental y social, capaz de establecer empat\u00eda con los estudiantes.<\/li>\n\n\n\n<li>Un profesor tolerante, justo, solidario, con vocaci\u00f3n de servicio con sentido de trascendencia, respetuoso de las diferentes expresiones culturales.<\/li>\n\n\n\n<li>Un profesional con conciencia hist\u00f3rica y c\u00edvica, nacionalidad y humanidad.<\/li>\n\n\n\n<li>Profesional que debe poseer habilidad psicomotora para la recreaci\u00f3n y el trabajo.<\/li>\n\n\n\n<li>Profesional que respeta las diferentes expresiones culturales de Guatemala y de otros pa\u00edses.<\/li>\n\n\n\n<li>Practica y promueve la equidad de g\u00e9nero en todos los aspectos de su vida.<\/li>\n\n\n\n<li>En el campo del saber, el Profesor de Ense\u00f1anza Media debe:<\/li>\n\n\n\n<li>Aplicar las innovaciones tecnol\u00f3gicas en su quehacer profesional.<\/li>\n\n\n\n<li>Conocer la problem\u00e1tica del sistema educativo nacional, sus pol\u00edticas y estrategias, particularmente en la ense\u00f1anza de la Investigaci\u00f3n Pedag\u00f3gica con Orientaci\u00f3n en Medio Ambiente y buscarle soluciones desde su escenario.<\/li>\n\n\n\n<li>Tener claridad de la contribuci\u00f3n de la Investigaci\u00f3n Pedag\u00f3gica con Orientaci\u00f3n en Medio Ambiente en el desarrollo nacional.<\/li>\n\n\n\n<li>Orientar a los alumnos en cuanto a t\u00e9cnicas de estudio, investigaci\u00f3n.<\/li>\n\n\n\n<li>Debe tener conocimiento sobre teor\u00eda pedag\u00f3gica y did\u00e1ctica b\u00e1sica para su buen desempe\u00f1o.<\/li>\n\n\n\n<li>Comprende la din\u00e1mica hist\u00f3rica de la realidad educativa, socioecon\u00f3mica y pol\u00edtica nacional.<\/li>\n\n\n\n<li>Tener una visi\u00f3n amplia de los hechos y teor\u00edas sobre educaci\u00f3n desde la perspectiva cient\u00edfica, la pr\u00e1ctica pedag\u00f3gica, as\u00ed como desde la tem\u00e1tica ambiental.<\/li>\n\n\n\n<li>Comprender la g\u00e9nesis, la estructura y principales problemas ambientales, as\u00ed como del sistema educativo nacional y local.<\/li>\n\n\n\n<li>Dise\u00f1ar instrumentos para la capacitaci\u00f3n y sensibilizaci\u00f3n sobre el manejo del Medio Ambiente.<\/li>\n\n\n\n<li>En el campo del saber hacer, el Profesor de Ense\u00f1anza Media:<\/li>\n\n\n\n<li>Facilitar el aprendizaje de la Investigaci\u00f3n Pedag\u00f3gica con Orientaci\u00f3n en Medio Ambiente, aplicando un proceso din\u00e1mico y atractivo.<\/li>\n\n\n\n<li>Comunicar la utilidad de las en la vida real.<\/li>\n\n\n\n<li>Aplicar consistente y sistem\u00e1ticamente la perspectiva cient\u00edfica en la soluci\u00f3n de problemas ambientales.<\/li>\n\n\n\n<li>Utilizar el laboratorio como un medio que facilite el aprendizaje de la Investigaci\u00f3n Pedag\u00f3gica con Orientaci\u00f3n en Medio Ambiente.<\/li>\n\n\n\n<li>Desempe\u00f1ar con habilidad metodol\u00f3gica en su ejercicio profesional.<\/li>\n\n\n\n<li>Utilizar la investigaci\u00f3n para coadyuvar al proceso aprendizaje-ense\u00f1anza de la Investigaci\u00f3n Pedag\u00f3gica con Orientaci\u00f3n en Medio Ambiente.<\/li>\n\n\n\n<li>Aplicar las t\u00e9cnicas de obtenci\u00f3n y de an\u00e1lisis de la informaci\u00f3n en proyectos de investigaci\u00f3n.<\/li>\n\n\n\n<li>Supervisar programas educativos con enfoque ambientalista.<\/li>\n\n\n\n<li>Ejecutar proyectos de educaci\u00f3n formal, no formal e informal.\u2022 Redactar informes de investigaci\u00f3n y prepara manuscritos para su an\u00e1lisis y publicaci\u00f3n.<\/li>\n\n\n\n<li>En el campo, el Profesor en la ense\u00f1anza de las Ciencias Naturales y Ambientales debe: Impartir docencia en las \u00e1reas de Qu\u00edmica, F\u00edsica, Matem\u00e1ticas y la Biolog\u00eda, con \u00e9nfasis en medio ambiente.<\/li>\n\n\n\n<li>Coordinar departamentos de Qu\u00edmica, F\u00edsica, Matem\u00e1ticas y la Biolog\u00eda en establecimientos educativos.<\/li>\n\n\n\n<li>Coordinar programas de capacitaci\u00f3n y \/o actualizaci\u00f3n de profesores de Qu\u00edmica y Biolog\u00eda.<\/li>\n\n\n\n<li>Conocer la realidad educativa del pa\u00eds.<\/li>\n\n\n\n<li>Dise\u00f1ar y\/o adaptar textos educativos en el \u00e1rea de Qu\u00edmica, F\u00edsica, Matem\u00e1ticas y Biolog\u00eda, con \u00e9nfasis en medio ambiente para el nivel medio.<\/li>\n\n\n\n<li>Relacionar la inform\u00e1tica con la Qu\u00edmica, F\u00edsica, Matem\u00e1ticas y la Biolog\u00eda, si deseas mayor informaci\u00f3n a cerca de los perfiles de ingreso y egreso de \u00e9sta carrera descarga el siguiente documento.<\/li>\n<\/ul>\n\n\n\n<p class=\"has-text-align-center has-medium-font-size\"><strong>Perfil de Ingreso y Egreso completo<\/strong><\/p>\n\n\n\n<div class=\"wp-block-buttons is-content-justification-center is-layout-flex wp-container-core-buttons-is-layout-1 wp-block-buttons-is-layout-flex\">\n<div class=\"wp-block-button has-custom-width wp-block-button__width-100 is-style-fill aligncenter\"><a class=\"wp-block-button__link has-black-background-color has-background wp-element-button\" href=\"https:\/\/cusacq.usac.edu.gt\/wp-content\/uploads\/2022\/03\/PERFIL-DE-INGRESO-PEM-EN-PEDAGOGIA-SANTA-CRUZ-DEL-QUICHE..pdf\" target=\"_blank\" rel=\"noreferrer noopener\">Descargar<\/a><\/div>\n<\/div>\n\n\n\n<h2 class=\"wp-block-heading has-text-align-center has-medium-font-size\"><strong>Pensum de Estudios<\/strong><\/h2>\n\n\n\n<div class=\"wp-block-buttons is-horizontal is-content-justification-center is-layout-flex wp-container-core-buttons-is-layout-2 wp-block-buttons-is-layout-flex\">\n<div class=\"wp-block-button has-custom-width wp-block-button__width-100 is-style-fill aligncenter\"><a class=\"wp-block-button__link has-black-background-color has-background wp-element-button\" href=\"https:\/\/cusacq.usac.edu.gt\/wp-content\/uploads\/2022\/03\/PENSUM-PEM-EN-PEDAGOGIA-SANTA-CRUZ-DEL-QUICHE-1.pdf\" target=\"_blank\" rel=\"noreferrer noopener\">Descargar<\/a><\/div>\n<\/div>\n\n\n\n<h1 class=\"wp-block-heading has-text-align-left has-text-color has-large-font-size\" style=\"color:#0a2240\">Proceso de Ingreso<\/h1>\n\n\n\n<ol style=\"background-color:#ececec\" class=\"wp-block-list has-background\">\n<li>Prueba de Orientaci\u00f3n Vocacional<\/li>\n\n\n\n<li>Prueba de Conocimientos B\u00e1sicos: \u00ab<strong>Lenguaj<\/strong>e\u00bb<\/li>\n\n\n\n<li>Prueba Especifica:<strong> \u00abLiderazgo Pedag\u00f3gico\u00bb<\/strong><\/li>\n<\/ol>\n\n\n\n<h2 class=\"wp-block-heading alignfull has-text-align-center\" id=\"schedule-a-visit\" style=\"font-size:59px;line-height:1.15\">Calendarios y Temarios de Estudio<\/h2>\n\n\n\n<div class=\"wp-block-buttons alignfull is-horizontal is-content-justification-center is-layout-flex wp-container-core-buttons-is-layout-3 wp-block-buttons-is-layout-flex\">\n<div class=\"wp-block-button has-custom-width wp-block-button__width-50\"><a class=\"wp-block-button__link has-text-color has-background wp-element-button\" href=\"https:\/\/cusacq.usac.edu.gt\/?page_id=7745\" style=\"border-radius:50px;color:#ffffff;background-color:#000000\" target=\"_blank\" rel=\"noreferrer noopener\">Calendarios Proceso de Ingreso 2027<\/a><\/div>\n<\/div>\n\n\n\n<p class=\"has-text-align-center has-small-font-size\" style=\"line-height:.9\"><\/p>\n\n\n\n<div class=\"wp-block-buttons alignfull is-horizontal is-content-justification-center is-layout-flex wp-container-core-buttons-is-layout-4 wp-block-buttons-is-layout-flex\">\n<div class=\"wp-block-button has-custom-width wp-block-button__width-50\"><a class=\"wp-block-button__link has-text-color has-background wp-element-button\" href=\"https:\/\/cusacq.usac.edu.gt\/?page_id=7170\" style=\"border-radius:50px;color:#ffffff;background-color:#000000\" target=\"_blank\" rel=\"noreferrer noopener\">Temarios de Estudio Pruebas B\u00e1sicas y Espec\u00edficas<\/a><\/div>\n<\/div>\n\n\n\n<h1 class=\"wp-block-heading has-text-align-left has-text-color has-large-font-size\" style=\"color:#0a2240\">Mayor Informaci\u00f3n<\/h1>\n\n\n\n<p class=\"has-background\" style=\"background-color:#ececec\"><strong>Santa Cruz del Quich\u00e9<\/strong> &#8211; Coordinador Lic. Byron Zapeta &#8211; Cel. 57308053<\/p>\n\n\n\n<p class=\"has-background\" style=\"background-color:#ececec\"><strong>Santa Mar\u00eda Nebaj<\/strong> &#8211; Coordinador Msc. Carlos Afre &#8211; Cel 58503504<\/p>\n\n\n\n<p class=\"has-background\" style=\"background-color:#ececec\"><strong>San Andr\u00e9s Sajcabaj\u00e1<\/strong> &#8211; Coordinador M. A. Joel Hern\u00e1ndez &#8211; Cel. 33390301<\/p>\n\n\n\n<p class=\"has-background\" style=\"background-color:#ececec\"><strong>Santa Mar\u00eda Joyabaj<\/strong> &#8211; Coordinador M. A. Reyes Manuel Vel\u00e1squez &#8211; Cel. 46269308<\/p>\n\n\n\n<p class=\"has-background\" style=\"background-color:#ececec\"><strong>Chicu\u00e1 Primero<\/strong> &#8211; Lic. Oscar P\u00e9liz &#8211; Cel. 4506-8740<\/p>\n\n\n\n<p class=\"has-text-align-center has-white-color has-text-color has-background has-medium-font-size\" style=\"background-color:#0a2240\"><strong>Informaci\u00f3n y Divulgaci\u00f3n &#8211; Oficina 1 &#8211; \u00c1rea Administrativa &#8211; CUSACQ &#8211; 6ta. avenida 2-11 zona 2 Santa Cruz del Quich\u00e9, Quich\u00e9. Tel. 7755-1273<\/strong>.<\/p>\n\n\n\n<p class=\"has-text-align-center has-white-color has-text-color has-background has-medium-font-size\" style=\"background-color:#0a2240\"><strong>UNIDAD DE INFORMACI\u00d3N Y PUBLICIDAD<\/strong><em> |<\/em> a\u00f1o 2026.<\/p>\n\n\n\n<p><\/p>\n","protected":false},"excerpt":{"rendered":"<p>Sedes Plan de Estudios Horario 7:00 a 18:00 Horas. Plan fin de semana D\u00eda S\u00e1bado Perfil de Ingreso Para el efecto se dar\u00e1 prioridad a aquellos aspirantes que laboren en actividades relacionadas con las funciones educativas en el \u00e1mbito formal, no formal e informal, gesti\u00f3n ambiental o administrando proyectos de una entidad educativa (privada o [&hellip;]<\/p>\n","protected":false},"author":1,"featured_media":0,"parent":0,"menu_order":0,"comment_status":"closed","ping_status":"closed","template":"","meta":{"footnotes":""},"class_list":["post-62","page","type-page","status-publish","czr-hentry"],"_links":{"self":[{"href":"https:\/\/cusacq.usac.edu.gt\/index.php?rest_route=\/wp\/v2\/pages\/62","targetHints":{"allow":["GET"]}}],"collection":[{"href":"https:\/\/cusacq.usac.edu.gt\/index.php?rest_route=\/wp\/v2\/pages"}],"about":[{"href":"https:\/\/cusacq.usac.edu.gt\/index.php?rest_route=\/wp\/v2\/types\/page"}],"author":[{"embeddable":true,"href":"https:\/\/cusacq.usac.edu.gt\/index.php?rest_route=\/wp\/v2\/users\/1"}],"replies":[{"embeddable":true,"href":"https:\/\/cusacq.usac.edu.gt\/index.php?rest_route=%2Fwp%2Fv2%2Fcomments&post=62"}],"version-history":[{"count":92,"href":"https:\/\/cusacq.usac.edu.gt\/index.php?rest_route=\/wp\/v2\/pages\/62\/revisions"}],"predecessor-version":[{"id":7862,"href":"https:\/\/cusacq.usac.edu.gt\/index.php?rest_route=\/wp\/v2\/pages\/62\/revisions\/7862"}],"wp:attachment":[{"href":"https:\/\/cusacq.usac.edu.gt\/index.php?rest_route=%2Fwp%2Fv2%2Fmedia&parent=62"}],"curies":[{"name":"wp","href":"https:\/\/api.w.org\/{rel}","templated":true}]}}