{"id":6491,"date":"2021-09-01T00:22:38","date_gmt":"2021-09-01T00:22:38","guid":{"rendered":"https:\/\/cusacq.usac.edu.gt?page_id=6491"},"modified":"2022-02-28T20:08:36","modified_gmt":"2022-02-28T20:08:36","slug":"inscripcion-prueba-especifica-1ra-oportunidad","status":"publish","type":"page","link":"https:\/\/cusacq.usac.edu.gt\/?page_id=6491","title":{"rendered":"Pruebas Especificas"},"content":{"rendered":"\n<h4 class=\"wp-block-heading\">Inscripci\u00f3n y consulta de resultados de pruebas especificas CUSACQ<\/h4>\n\n\n\n<p class=\"has-text-align-left\">Para poder hacer la inscripci\u00f3n o consultar resultados de pruebas especificas debe dar clic en el siguiente bot\u00f3n para ingresar.<\/p>\n\n\n\n<p class=\"has-text-align-left\"><strong>Nota Importante: Debe tener un correo electr\u00f3nico personal y v\u00e1lido al que pueda tener acceso a la asignaci\u00f3n.<\/strong><\/p>\n","protected":false},"excerpt":{"rendered":"<p>Inscripci\u00f3n y consulta de resultados de pruebas especificas CUSACQ Para poder hacer la inscripci\u00f3n o consultar resultados de pruebas especificas debe dar clic en el siguiente bot\u00f3n para ingresar. Nota Importante: Debe tener un correo electr\u00f3nico personal y v\u00e1lido al que pueda tener acceso a la asignaci\u00f3n.<\/p>\n","protected":false},"author":3,"featured_media":0,"parent":0,"menu_order":0,"comment_status":"closed","ping_status":"closed","template":"","meta":{"footnotes":""},"class_list":["post-6491","page","type-page","status-publish","czr-hentry"],"_links":{"self":[{"href":"https:\/\/cusacq.usac.edu.gt\/index.php?rest_route=\/wp\/v2\/pages\/6491","targetHints":{"allow":["GET"]}}],"collection":[{"href":"https:\/\/cusacq.usac.edu.gt\/index.php?rest_route=\/wp\/v2\/pages"}],"about":[{"href":"https:\/\/cusacq.usac.edu.gt\/index.php?rest_route=\/wp\/v2\/types\/page"}],"author":[{"embeddable":true,"href":"https:\/\/cusacq.usac.edu.gt\/index.php?rest_route=\/wp\/v2\/users\/3"}],"replies":[{"embeddable":true,"href":"https:\/\/cusacq.usac.edu.gt\/index.php?rest_route=%2Fwp%2Fv2%2Fcomments&post=6491"}],"version-history":[{"count":5,"href":"https:\/\/cusacq.usac.edu.gt\/index.php?rest_route=\/wp\/v2\/pages\/6491\/revisions"}],"predecessor-version":[{"id":6599,"href":"https:\/\/cusacq.usac.edu.gt\/index.php?rest_route=\/wp\/v2\/pages\/6491\/revisions\/6599"}],"wp:attachment":[{"href":"https:\/\/cusacq.usac.edu.gt\/index.php?rest_route=%2Fwp%2Fv2%2Fmedia&parent=6491"}],"curies":[{"name":"wp","href":"https:\/\/api.w.org\/{rel}","templated":true}]}}