{"id":7134,"date":"2022-10-24T18:47:26","date_gmt":"2022-10-24T18:47:26","guid":{"rendered":"https:\/\/cusacq.usac.edu.gt\/?page_id=7134"},"modified":"2024-02-03T00:17:29","modified_gmt":"2024-02-03T00:17:29","slug":"maestria-en-docencia-universitaria-con-enfasis-en-andragogia","status":"publish","type":"page","link":"https:\/\/cusacq.usac.edu.gt\/?page_id=7134","title":{"rendered":"Maestr\u00eda en Docencia Universitaria con \u00c9nfasis en Andragog\u00eda"},"content":{"rendered":"\n<figure class=\"wp-block-image alignwide size-large\"><a href=\"https:\/\/cusacq.usac.edu.gt\/wp-content\/uploads\/2022\/10\/Maestria-en-Docencia-Universitaria.jpg\"><img loading=\"lazy\" decoding=\"async\" width=\"1024\" height=\"341\" src=\"https:\/\/cusacq.usac.edu.gt\/wp-content\/uploads\/2022\/10\/Maestria-en-Docencia-Universitaria-1024x341.jpg\" alt=\"\" class=\"wp-image-7135\" srcset=\"https:\/\/cusacq.usac.edu.gt\/wp-content\/uploads\/2022\/10\/Maestria-en-Docencia-Universitaria-1024x341.jpg 1024w, https:\/\/cusacq.usac.edu.gt\/wp-content\/uploads\/2022\/10\/Maestria-en-Docencia-Universitaria-300x100.jpg 300w, https:\/\/cusacq.usac.edu.gt\/wp-content\/uploads\/2022\/10\/Maestria-en-Docencia-Universitaria-768x256.jpg 768w, https:\/\/cusacq.usac.edu.gt\/wp-content\/uploads\/2022\/10\/Maestria-en-Docencia-Universitaria-1536x512.jpg 1536w, https:\/\/cusacq.usac.edu.gt\/wp-content\/uploads\/2022\/10\/Maestria-en-Docencia-Universitaria-2048x683.jpg 2048w\" sizes=\"auto, (max-width: 1024px) 100vw, 1024px\" \/><\/a><\/figure>\n\n\n\n<div class=\"wp-block-columns is-layout-flex wp-container-core-columns-is-layout-1 wp-block-columns-is-layout-flex\">\n<div class=\"wp-block-column is-vertically-aligned-center is-layout-flow wp-block-column-is-layout-flow\" style=\"flex-basis:100%\">\n<h1 class=\"wp-block-heading has-text-align-left has-text-color has-large-font-size\" style=\"color:#00629b\">Sedes <\/h1>\n<\/div>\n<\/div>\n\n\n\n<ul style=\"background-color:#ececec\" class=\"has-background wp-block-list\">\n<li><strong>Santa Cruz del Quich\u00e9 <\/strong><\/li>\n<\/ul>\n\n\n\n<h1 class=\"wp-block-heading has-text-align-left has-text-color has-large-font-size\" style=\"color:#00629b\">Plan de Estudios<\/h1>\n\n\n\n<p><strong><em>Duraci\u00f3n 2 a\u00f1os<\/em><\/strong><\/p>\n\n\n\n<p><strong><em>Modalidad H\u00edbrida en 2024, una clase presencial al mes.<\/em><\/strong><\/p>\n\n\n\n<div class=\"wp-block-columns has-background is-layout-flex wp-container-core-columns-is-layout-2 wp-block-columns-is-layout-flex\" style=\"background-color:#ececec\">\n<div class=\"wp-block-column is-layout-flow wp-block-column-is-layout-flow\">\n<h2 class=\"wp-block-heading\">Horario<\/h2>\n\n\n\n<p><strong>7:00 a 13:00 Horas.<\/strong><\/p>\n<\/div>\n\n\n\n<div class=\"wp-block-column is-layout-flow wp-block-column-is-layout-flow\">\n<h2 class=\"wp-block-heading\">Plan fin de semana<\/h2>\n\n\n\n<p><strong>Dia<\/strong> <strong>Domingo<\/strong><\/p>\n<\/div>\n<\/div>\n\n\n\n<h1 class=\"wp-block-heading has-text-color has-large-font-size\" style=\"color:#00629b\">Perfil de Ingreso<\/h1>\n\n\n\n<ul class=\"wp-block-list\">\n<li>Inter\u00e9s por el ejercicio docente andrag\u00f3gico.<\/li>\n\n\n\n<li>Actitud por el aprendizaje participativo.<\/li>\n\n\n\n<li>Reconoce sus capacidades y limitantes para comprender, modificar, aplicar y producir nuevos conocimientos.<\/li>\n\n\n\n<li>Inter\u00e9s por la aplicaci\u00f3n de metodolog\u00edas andrag\u00f3gicas.<\/li>\n\n\n\n<li>Profesional innovador, creativo, honesto y responsable.<\/li>\n\n\n\n<li>Habilidad para coordinar actividades de capacitaci\u00f3n docente.<\/li>\n\n\n\n<li>Dispone de tiempo para el trabajo en equipo y para el ejercicio de actividades docentes extraordinarias.<\/li>\n\n\n\n<li>Promueve la autoformaci\u00f3n y la formaci\u00f3n permanente como proceso acad\u00e9mico.<\/li>\n\n\n\n<li>Demuestra inter\u00e9s por las Tecnolog\u00edas de la Informaci\u00f3n y Comunicaci\u00f3n.<\/li>\n<\/ul>\n\n\n\n<h1 class=\"wp-block-heading has-text-color has-large-font-size\" style=\"color:#00629b\">Perfil de Egreso<\/h1>\n\n\n\n<ul class=\"wp-block-list\">\n<li>Innova para mejorar los resultados de todo el proceso educativo a nivel superior con la integraci\u00f3n de nuevos modelos y m\u00e9todos de universalizaci\u00f3n de la ense\u00f1anza en adultos.<\/li>\n\n\n\n<li>Diferencia las necesidades e intereses de una educaci\u00f3n para adultos respecto a las formas tradicionales.<\/li>\n\n\n\n<li>Reflexiona sobre los nuevos problemas y retos que plantea la educaci\u00f3n superior.<\/li>\n\n\n\n<li>Analiza la relaci\u00f3n entre aprendizaje y desarrollo; aprendizaje e interacci\u00f3n social; aprendizaje y motivaci\u00f3n.<\/li>\n\n\n\n<li>Utiliza los recursos educativos, m\u00e9todos de pr\u00e1ctica educativa, manipulaci\u00f3n y ejecuci\u00f3n de acciones que facilitan el aprendizaje en adultos y contribuye al aprovechamiento de tiempo, espacio y recursos.<\/li>\n\n\n\n<li>Programa contenidos y actividades docentes que hacen de la acci\u00f3n educadora un hecho consiente y donde predomine la satisfacci\u00f3n de la necesidades personales y sociales de la \u00e9poca que vivimos.<\/li>\n\n\n\n<li>Dise\u00f1a propuestas curriculares pertinentes para \u00e1mbitos de acciones diversas, considerando las variables contextuales, individuales y te\u00f3rico-metodol\u00f3gicas implicadas en el aprendizaje y la ense\u00f1anza.<\/li>\n\n\n\n<li>Identifica por medio de la evaluaci\u00f3n si los procedimientos utilizados, las actividades, los textos y otros materiales responden a las necesidades del aprendizaje en adultos.<\/li>\n\n\n\n<li>Emplea de modo adecuado la terminolog\u00eda b\u00e1sica apropiada en el \u00e1mbito de la tecnolog\u00eda educativa para adultos.<\/li>\n\n\n\n<li>Realiza evaluaciones docentes acordes a la ense\u00f1anza en adultos.<\/li>\n\n\n\n<li>Dise\u00f1a entornos de ense\u00f1anza\u2013aprendizaje apoyados en las TICS.<\/li>\n\n\n\n<li>Identifica t\u00e9cnicas, recursos y metodolog\u00edas empleadas en el proceso de ense\u00f1anza-aprendizaje en adultos.<\/li>\n\n\n\n<li>Utiliza metodolog\u00edas de investigaci\u00f3n educativa aplicada a un proyecto de innovaci\u00f3n o a la reflexi\u00f3n de la pr\u00e1ctica docente para la mejora del proceso de ense\u00f1anza y aprendizaje en adultos.<\/li>\n\n\n\n<li>Elabora textos \u00fatiles a las distintas carreras de licenciatura a nivel nacional.<\/li>\n<\/ul>\n\n\n\n<h1 class=\"wp-block-heading has-text-color has-large-font-size\" style=\"color:#00629b\">Inversi\u00f3n<\/h1>\n\n\n\n<p><strong>Matr\u00edcula anual Q.1031.00<\/strong><\/p>\n\n\n\n<p><strong>Cuota Mensual 10 meses Q.800.00<\/strong><\/p>\n\n\n\n<p class=\"has-vivid-green-cyan-color has-text-color\"><strong>Total Inversi\u00f3n anual= Q.9,031.00<\/strong><\/p>\n\n\n\n<h1 class=\"wp-block-heading has-text-color has-large-font-size\" style=\"color:#00629b\">Proceso de Ingreso<\/h1>\n\n\n\n<p><strong>Requisitos de inscripci\u00f3n<\/strong><\/p>\n\n\n\n<p>Los aspirantes deber\u00e1n cumplir con los siguientes requisitos:<\/p>\n\n\n\n<ol class=\"wp-block-list\" style=\"list-style-type:lower-alpha\">\n<li>Presentar constancia de pago de matr\u00edcula anual.<\/li>\n\n\n\n<li>Fotocopia del t\u00edtulo tama\u00f1o carta anverso y reverso.<\/li>\n\n\n\n<li>Fotost\u00e1tica del t\u00edtulo de licenciatura 5\u00b4 x 7\u00b4\u00b4<\/li>\n\n\n\n<li>Fotocopia autenticada de C\u00e9dula de vecindad \u00f3 DPI.<\/li>\n\n\n\n<li>Completar formulario extendido por la Direcci\u00f3n del Departamento de Postgrado.<\/li>\n\n\n\n<li>Presentar una solicitud de aceptaci\u00f3n dirigida al Director del Centro Universitario de Quich\u00e9<\/li>\n\n\n\n<li>Presentar una solicitud de aceptaci\u00f3n dirigida al Director del Departamento de Postgrado del CUSACQ<\/li>\n\n\n\n<li>Presentar curr\u00edculum vitae actualizado.<\/li>\n\n\n\n<li>Todas las que requiera el Departamento de Registro y Estad\u00edstica.<\/li>\n\n\n\n<li>Efectuar el pago de Q. 1,031.00 que corresponde al pago de la matricula anual.<\/li>\n<\/ol>\n\n\n\n<h1 class=\"wp-block-heading has-text-color has-large-font-size\" style=\"color:#00629b\">Pensum de Estudios<\/h1>\n\n\n\n<div data-wp-interactive=\"core\/file\" class=\"wp-block-file\"><object data-wp-bind--hidden=\"!state.hasPdfPreview\" hidden class=\"wp-block-file__embed\" data=\"https:\/\/cusacq.usac.edu.gt\/wp-content\/uploads\/2022\/10\/Pensum-de-Estudios-MAESTRIA-EN-DOCENCIA-UNIVERSITARIA.pdf\" type=\"application\/pdf\" style=\"width:100%;height:600px\" aria-label=\"Incrustado de Pensum-de-Estudios-MAESTRIA-EN-DOCENCIA-UNIVERSITARIA.\"><\/object><a id=\"wp-block-file--media-58ef5876-f871-4648-b67e-9b805986fb04\" href=\"https:\/\/cusacq.usac.edu.gt\/wp-content\/uploads\/2022\/10\/Pensum-de-Estudios-MAESTRIA-EN-DOCENCIA-UNIVERSITARIA.pdf\">Pensum-de-Estudios-MAESTRIA-EN-DOCENCIA-UNIVERSITARIA<\/a><a href=\"https:\/\/cusacq.usac.edu.gt\/wp-content\/uploads\/2022\/10\/Pensum-de-Estudios-MAESTRIA-EN-DOCENCIA-UNIVERSITARIA.pdf\" class=\"wp-block-file__button wp-element-button\" download aria-describedby=\"wp-block-file--media-58ef5876-f871-4648-b67e-9b805986fb04\">Descarga<\/a><\/div>\n\n\n\n<h1 class=\"wp-block-heading has-text-color has-large-font-size\" style=\"color:#00629b\">Normativo de Graduaci\u00f3n<\/h1>\n\n\n\n<div data-wp-interactive=\"core\/file\" class=\"wp-block-file\"><object data-wp-bind--hidden=\"!state.hasPdfPreview\" hidden class=\"wp-block-file__embed\" data=\"https:\/\/cusacq.usac.edu.gt\/wp-content\/uploads\/2022\/10\/NORMATIVO-DE-TRABAJO-DE-GRADUACION-GUIA-DOCENCIA-EN-ANDRAGOGIA.pdf\" type=\"application\/pdf\" style=\"width:100%;height:600px\" aria-label=\"Incrustado de NORMATIVO-DE-TRABAJO-DE-GRADUACION-GUIA-DOCENCIA-EN-ANDRAGOGIA.\"><\/object><a id=\"wp-block-file--media-80d7e700-7183-4e27-979a-53806374b6f0\" href=\"https:\/\/cusacq.usac.edu.gt\/wp-content\/uploads\/2022\/10\/NORMATIVO-DE-TRABAJO-DE-GRADUACION-GUIA-DOCENCIA-EN-ANDRAGOGIA.pdf\">NORMATIVO-DE-TRABAJO-DE-GRADUACION-GUIA-DOCENCIA-EN-ANDRAGOGIA<\/a><a href=\"https:\/\/cusacq.usac.edu.gt\/wp-content\/uploads\/2022\/10\/NORMATIVO-DE-TRABAJO-DE-GRADUACION-GUIA-DOCENCIA-EN-ANDRAGOGIA.pdf\" class=\"wp-block-file__button wp-element-button\" download aria-describedby=\"wp-block-file--media-80d7e700-7183-4e27-979a-53806374b6f0\">Descarga<\/a><\/div>\n\n\n\n<h1 class=\"wp-block-heading has-text-color has-large-font-size\" style=\"color:#00629b\">Mayor informaci\u00f3n:<\/h1>\n\n\n\n<p class=\"has-background\" style=\"background-color:#ececec\"><strong>Coordinador Programa de Maestr\u00eda<\/strong>:  M.A Carlos Enrique Ren Suy- Cel. 44883286<\/p>\n\n\n\n<p class=\"has-background\" style=\"background-color:#ececec\"><strong>Secretar\u00eda de Postgrados:<\/strong> 3796-3682<\/p>\n\n\n\n<p class=\"has-text-align-center has-cyan-bluish-gray-color has-text-color has-background has-medium-font-size\" style=\"background-color:#00629b\"><strong>Informaci\u00f3n y Divulgaci\u00f3n &#8211; Oficinas Administrativas CUSACQ &#8211; 6ta. avenida 2-11 zona 2 Santa Cruz del Quich\u00e9, Quich\u00e9. Tel. 7755-1273<\/strong>.  <em>\u00abId y Ense\u00f1ad a Todos\u00bb <\/em> a\u00f1o 2022.<\/p>\n","protected":false},"excerpt":{"rendered":"<p>Sedes Plan de Estudios Duraci\u00f3n 2 a\u00f1os Modalidad H\u00edbrida en 2024, una clase presencial al mes. Horario 7:00 a 13:00 Horas. Plan fin de semana Dia Domingo Perfil de Ingreso Perfil de Egreso Inversi\u00f3n Matr\u00edcula anual Q.1031.00 Cuota Mensual 10 meses Q.800.00 Total Inversi\u00f3n anual= Q.9,031.00 Proceso de Ingreso Requisitos de inscripci\u00f3n Los aspirantes deber\u00e1n [&hellip;]<\/p>\n","protected":false},"author":101017,"featured_media":0,"parent":0,"menu_order":0,"comment_status":"closed","ping_status":"closed","template":"","meta":{"footnotes":""},"class_list":["post-7134","page","type-page","status-publish","czr-hentry"],"_links":{"self":[{"href":"https:\/\/cusacq.usac.edu.gt\/index.php?rest_route=\/wp\/v2\/pages\/7134","targetHints":{"allow":["GET"]}}],"collection":[{"href":"https:\/\/cusacq.usac.edu.gt\/index.php?rest_route=\/wp\/v2\/pages"}],"about":[{"href":"https:\/\/cusacq.usac.edu.gt\/index.php?rest_route=\/wp\/v2\/types\/page"}],"author":[{"embeddable":true,"href":"https:\/\/cusacq.usac.edu.gt\/index.php?rest_route=\/wp\/v2\/users\/101017"}],"replies":[{"embeddable":true,"href":"https:\/\/cusacq.usac.edu.gt\/index.php?rest_route=%2Fwp%2Fv2%2Fcomments&post=7134"}],"version-history":[{"count":4,"href":"https:\/\/cusacq.usac.edu.gt\/index.php?rest_route=\/wp\/v2\/pages\/7134\/revisions"}],"predecessor-version":[{"id":7599,"href":"https:\/\/cusacq.usac.edu.gt\/index.php?rest_route=\/wp\/v2\/pages\/7134\/revisions\/7599"}],"wp:attachment":[{"href":"https:\/\/cusacq.usac.edu.gt\/index.php?rest_route=%2Fwp%2Fv2%2Fmedia&parent=7134"}],"curies":[{"name":"wp","href":"https:\/\/api.w.org\/{rel}","templated":true}]}}