{"id":7142,"date":"2022-10-24T21:50:16","date_gmt":"2022-10-24T21:50:16","guid":{"rendered":"https:\/\/cusacq.usac.edu.gt\/?page_id=7142"},"modified":"2024-01-25T20:46:41","modified_gmt":"2024-01-25T20:46:41","slug":"maestria-en-desarrollo-rural-y-cambio-climatico","status":"publish","type":"page","link":"https:\/\/cusacq.usac.edu.gt\/?page_id=7142","title":{"rendered":"Maestr\u00eda en Desarrollo Rural y Cambio Clim\u00e1tico"},"content":{"rendered":"\n<figure class=\"wp-block-image alignwide size-large\"><a href=\"https:\/\/cusacq.usac.edu.gt\/wp-content\/uploads\/2022\/10\/Mestria-en-Desarrollo-Rural-y-Cambio-Climatico.jpg\"><img loading=\"lazy\" decoding=\"async\" width=\"1024\" height=\"341\" src=\"https:\/\/cusacq.usac.edu.gt\/wp-content\/uploads\/2022\/10\/Mestria-en-Desarrollo-Rural-y-Cambio-Climatico-1024x341.jpg\" alt=\"\" class=\"wp-image-7143\" srcset=\"https:\/\/cusacq.usac.edu.gt\/wp-content\/uploads\/2022\/10\/Mestria-en-Desarrollo-Rural-y-Cambio-Climatico-1024x341.jpg 1024w, https:\/\/cusacq.usac.edu.gt\/wp-content\/uploads\/2022\/10\/Mestria-en-Desarrollo-Rural-y-Cambio-Climatico-300x100.jpg 300w, https:\/\/cusacq.usac.edu.gt\/wp-content\/uploads\/2022\/10\/Mestria-en-Desarrollo-Rural-y-Cambio-Climatico-768x256.jpg 768w, https:\/\/cusacq.usac.edu.gt\/wp-content\/uploads\/2022\/10\/Mestria-en-Desarrollo-Rural-y-Cambio-Climatico-1536x512.jpg 1536w, https:\/\/cusacq.usac.edu.gt\/wp-content\/uploads\/2022\/10\/Mestria-en-Desarrollo-Rural-y-Cambio-Climatico-2048x683.jpg 2048w\" sizes=\"auto, (max-width: 1024px) 100vw, 1024px\" \/><\/a><\/figure>\n\n\n\n<div class=\"wp-block-columns is-layout-flex wp-container-core-columns-is-layout-1 wp-block-columns-is-layout-flex\">\n<div class=\"wp-block-column is-vertically-aligned-center is-layout-flow wp-block-column-is-layout-flow\" style=\"flex-basis:100%\">\n<h1 class=\"wp-block-heading has-text-align-left has-text-color has-large-font-size\" style=\"color:#00629b\">Sedes <\/h1>\n<\/div>\n<\/div>\n\n\n\n<ul style=\"background-color:#ececec\" class=\"has-background wp-block-list\">\n<li><strong>Santa Cruz del Quich\u00e9<\/strong><\/li>\n<\/ul>\n\n\n\n<h1 class=\"wp-block-heading has-text-align-left has-text-color has-large-font-size\" style=\"color:#00629b\">Plan de Estudios<\/h1>\n\n\n\n<p><em><strong>Maestr\u00eda en Ciencias <\/strong>&#8211; D<strong>uraci\u00f3n 2 a\u00f1os.<\/strong><\/em><\/p>\n\n\n\n<p><strong><em>Modalidad H\u00edbrida en 2024, una clase presencial al mes<\/em><\/strong>.<\/p>\n\n\n\n<div class=\"wp-block-columns has-background is-layout-flex wp-container-core-columns-is-layout-2 wp-block-columns-is-layout-flex\" style=\"background-color:#ececec\">\n<div class=\"wp-block-column is-layout-flow wp-block-column-is-layout-flow\">\n<h2 class=\"wp-block-heading\">Horario<\/h2>\n\n\n\n<p><strong>16:00 a 22:00 Horas.<\/strong><\/p>\n<\/div>\n\n\n\n<div class=\"wp-block-column is-layout-flow wp-block-column-is-layout-flow\">\n<h2 class=\"wp-block-heading\">Plan Semanal<\/h2>\n\n\n\n<p><strong>Dias Viernes<\/strong><\/p>\n<\/div>\n<\/div>\n\n\n\n<h1 class=\"wp-block-heading has-text-color has-large-font-size\" style=\"color:#00629b\">Perfil de Ingreso<\/h1>\n\n\n\n<p>Los participantes en el programa de Maestr\u00eda en Desarrollo Rural y Cambio Clim\u00e1tico, deben <strong>contar con<\/strong> las siguientes caracter\u00edsticas:<\/p>\n\n\n\n<ul class=\"wp-block-list\">\n<li>&nbsp;Profesionales con nivel de Licenciatura, cuya formaci\u00f3n comprenda disciplinas asociadas a las ciencias biol\u00f3gicas, sociales y tecnol\u00f3gicas.<\/li>\n<\/ul>\n\n\n\n<ul class=\"wp-block-list\">\n<li>&nbsp;Conocimientos sobre la problem\u00e1tica del \u00e1rea rural de Guatemala y de preferencia laborar en instituciones u organizaciones que desarrollen actividades relacionadas directamente con el desarrollo rural y el cambio clim\u00e1tico.&nbsp; Lo cual se medir\u00e1 a trav\u00e9s de una entrevista dirigida que realizar\u00e1 el Coordinador del programa de maestr\u00eda, apoy\u00e1ndose con una lista de cotejo.<\/li>\n<\/ul>\n\n\n\n<ul class=\"wp-block-list\">\n<li>Habilidad de lectura del idioma ingl\u00e9s que permita la investigaci\u00f3n y el manejo de informaci\u00f3n actualizada sobre la tem\u00e1tica del desarrollo rural y cambio clim\u00e1tico. el Director del Departamento de Estudios de Postgrado medir\u00e1 esta habilidad a trav\u00e9s de un vocabulario t\u00e9cnico (glosario de t\u00e9rminos en idioma ingl\u00e9s que el postulante deber\u00e1 responder).<\/li>\n<\/ul>\n\n\n\n<ul class=\"wp-block-list\">\n<li>Conocimientos para formular investigaciones en el campo del desarrollo rural o bien de los fen\u00f3menos provocados por el cambio clim\u00e1tico, que limitan el crecimiento y progreso de la poblaci\u00f3n.&nbsp;<\/li>\n<\/ul>\n\n\n\n<h1 class=\"wp-block-heading has-text-color has-large-font-size\" style=\"color:#00629b\">Perfil de Egreso<\/h1>\n\n\n\n<ul class=\"wp-block-list\">\n<li>Desarrolla procesos de investigaci\u00f3n que permiten aplicar los diversos instrumentos, principios y t\u00e9cnicas, para solventar la problem\u00e1tica rural y promueve cambios que propician la sostenibilidad social y ambiental.<\/li>\n<\/ul>\n\n\n\n<ul class=\"wp-block-list\">\n<li>Realiza servicios profesionales de asesor\u00eda, supervisi\u00f3n, acompa\u00f1amiento y ejecuci\u00f3n directa de acciones en el campo del desarrollo rural y cambio clim\u00e1tico, particularmente dentro de los espacios del municipio.<\/li>\n<\/ul>\n\n\n\n<ul class=\"wp-block-list\">\n<li>Eval\u00faa de manera cr\u00edtica las propuestas metodol\u00f3gicas que se hayan propuesto para su implementaci\u00f3n, que vayan en funci\u00f3n del impulso del desarrollo rural.<\/li>\n<\/ul>\n\n\n\n<ul class=\"wp-block-list\">\n<li>Despliega capacidades acad\u00e9micas y habilidades t\u00e9cnico &#8211; profesionales para construir una comunidad de reflexi\u00f3n y propuesta para orientar pol\u00edticas p\u00fablicas que coadyuven al desarrollo sostenible de las zonas rurales.<\/li>\n<\/ul>\n\n\n\n<ul class=\"wp-block-list\">\n<li>Genera estrategias que permiten enfrentar o mitigar los diversos efectos provocados por el cambio clim\u00e1tico que limitan el desarrollo de la poblaci\u00f3n en el \u00e1rea rural.<\/li>\n<\/ul>\n\n\n\n<ul class=\"wp-block-list\">\n<li>Contribuye a la generaci\u00f3n de conocimientos sobre las nuevas din\u00e1micas del medio rural en Guatemala y el cambio clim\u00e1tico en la regi\u00f3n.<\/li>\n<\/ul>\n\n\n\n<ul class=\"wp-block-list\">\n<li>Conduce procesos de investigaci\u00f3n, gesti\u00f3n y docencia universitaria en el campo del desarrollo rural y cambio clim\u00e1tico.<\/li>\n<\/ul>\n\n\n\n<h1 class=\"wp-block-heading has-text-color has-large-font-size\" style=\"color:#00629b\">Inversi\u00f3n<\/h1>\n\n\n\n<p><strong>Matr\u00edcula anual Q.1,031.00<\/strong><\/p>\n\n\n\n<p><strong>Cuota Mensual 10 meses Q.1,000.00<\/strong><\/p>\n\n\n\n<p class=\"has-vivid-green-cyan-color has-text-color\"><strong>Total Inversi\u00f3n anual= Q.10,031.00<\/strong><\/p>\n\n\n\n<h1 class=\"wp-block-heading has-text-color has-large-font-size\" style=\"color:#00629b\">Proceso de Ingreso<\/h1>\n\n\n\n<p><strong>Requisitos de inscripci\u00f3n<\/strong><\/p>\n\n\n\n<p>Los aspirantes deber\u00e1n cumplir con los siguientes requisitos:<\/p>\n\n\n\n<ol class=\"wp-block-list\" style=\"list-style-type:lower-alpha\">\n<li>Presentar constancia de pago de matr\u00edcula anual.<\/li>\n\n\n\n<li>Fotocopia del t\u00edtulo tama\u00f1o carta anverso y reverso.<\/li>\n\n\n\n<li>Fotost\u00e1tica del t\u00edtulo de licenciatura 5\u00b4 x 7\u00b4\u00b4<\/li>\n\n\n\n<li>Fotocopia autenticada de C\u00e9dula de vecindad \u00f3 DPI.<\/li>\n\n\n\n<li>Completar formulario extendido por la Direcci\u00f3n del Departamento de Postgrado.<\/li>\n\n\n\n<li>Presentar una solicitud de aceptaci\u00f3n dirigida al Director del Centro Universitario de Quich\u00e9<\/li>\n\n\n\n<li>Presentar una solicitud de aceptaci\u00f3n dirigida al Director del Departamento de Postgrado del CUSACQ<\/li>\n\n\n\n<li>Presentar curr\u00edculum vitae actualizado.<\/li>\n\n\n\n<li>Todas las que requiera el Departamento de Registro y Estad\u00edstica.<\/li>\n\n\n\n<li>Efectuar el pago de Q. 1,031.00 que corresponde al pago de la matricula anual.<\/li>\n<\/ol>\n\n\n\n<h1 class=\"wp-block-heading has-text-color has-large-font-size\" style=\"color:#00629b\">Pensum de Estudios<\/h1>\n\n\n\n<div data-wp-interactive=\"core\/file\" class=\"wp-block-file\"><object data-wp-bind--hidden=\"!state.hasPdfPreview\" hidden class=\"wp-block-file__embed\" data=\"https:\/\/cusacq.usac.edu.gt\/wp-content\/uploads\/2022\/10\/Pensum-de-Estudios-Maestria-en-Desarrollo-Rural-y-Cambio-Climatico.pdf\" type=\"application\/pdf\" style=\"width:100%;height:600px\" aria-label=\"Incrustado de Pensum-de-Estudios-Maestria-en-Desarrollo-Rural-y-Cambio-Climatico.\"><\/object><a id=\"wp-block-file--media-9f8d09d9-5881-49a6-96b6-3c3db9b5ea0e\" href=\"https:\/\/cusacq.usac.edu.gt\/wp-content\/uploads\/2022\/10\/Pensum-de-Estudios-Maestria-en-Desarrollo-Rural-y-Cambio-Climatico.pdf\">Pensum-de-Estudios-Maestria-en-Desarrollo-Rural-y-Cambio-Climatico<\/a><a href=\"https:\/\/cusacq.usac.edu.gt\/wp-content\/uploads\/2022\/10\/Pensum-de-Estudios-Maestria-en-Desarrollo-Rural-y-Cambio-Climatico.pdf\" class=\"wp-block-file__button wp-element-button\" download aria-describedby=\"wp-block-file--media-9f8d09d9-5881-49a6-96b6-3c3db9b5ea0e\">Descarga<\/a><\/div>\n\n\n\n<h1 class=\"wp-block-heading has-text-color has-large-font-size\" style=\"color:#00629b\">Normativo de Graduaci\u00f3n<\/h1>\n\n\n\n<div data-wp-interactive=\"core\/file\" class=\"wp-block-file\"><object data-wp-bind--hidden=\"!state.hasPdfPreview\" hidden class=\"wp-block-file__embed\" data=\"https:\/\/cusacq.usac.edu.gt\/wp-content\/uploads\/2022\/10\/GUIA-PARA-TRABAJO-DE-TESIS-DE-MAESTRIA..pdf\" type=\"application\/pdf\" style=\"width:100%;height:600px\" aria-label=\"Incrustado de GUIA-PARA-TRABAJO-DE-TESIS-DE-MAESTRIA..\"><\/object><a id=\"wp-block-file--media-d1e884b9-dc3c-435e-8d3e-96c937af1945\" href=\"https:\/\/cusacq.usac.edu.gt\/wp-content\/uploads\/2022\/10\/GUIA-PARA-TRABAJO-DE-TESIS-DE-MAESTRIA..pdf\">GUIA-PARA-TRABAJO-DE-TESIS-DE-MAESTRIA.<\/a><a href=\"https:\/\/cusacq.usac.edu.gt\/wp-content\/uploads\/2022\/10\/GUIA-PARA-TRABAJO-DE-TESIS-DE-MAESTRIA..pdf\" class=\"wp-block-file__button wp-element-button\" download aria-describedby=\"wp-block-file--media-d1e884b9-dc3c-435e-8d3e-96c937af1945\">Descarga<\/a><\/div>\n\n\n\n<h1 class=\"wp-block-heading has-text-color has-large-font-size\" style=\"color:#00629b\">Mayor informaci\u00f3n:<\/h1>\n\n\n\n<p class=\"has-background\" style=\"background-color:#ececec\"><strong>Coordinador Programa de Maestr\u00eda<\/strong>:  MSC. Victor Eli Chen Urizar &#8211; Cel. 3029-7185<\/p>\n\n\n\n<p class=\"has-background\" style=\"background-color:#ececec\"><strong>Numero de Whatsapp para Departamento de Estudios de Postgrados <\/strong>&#8211; Cel. 3796-3682<\/p>\n\n\n\n<p class=\"has-text-align-center has-cyan-bluish-gray-color has-text-color has-background has-medium-font-size\" style=\"background-color:#00629b\"><strong>Informaci\u00f3n y Divulgaci\u00f3n &#8211; Oficinas Administrativas CUSACQ &#8211; 6ta. avenida 2-11 zona 2 Santa Cruz del Quich\u00e9, Quich\u00e9. Tel. 7755-1273<\/strong>.  <em>\u00abId y Ense\u00f1ad a Todos\u00bb <\/em> a\u00f1o 2022.<\/p>\n","protected":false},"excerpt":{"rendered":"<p>Sedes Plan de Estudios Maestr\u00eda en Ciencias &#8211; Duraci\u00f3n 2 a\u00f1os. Modalidad H\u00edbrida en 2024, una clase presencial al mes. Horario 16:00 a 22:00 Horas. Plan Semanal Dias Viernes Perfil de Ingreso Los participantes en el programa de Maestr\u00eda en Desarrollo Rural y Cambio Clim\u00e1tico, deben contar con las siguientes caracter\u00edsticas: Perfil de Egreso Inversi\u00f3n [&hellip;]<\/p>\n","protected":false},"author":101017,"featured_media":0,"parent":0,"menu_order":0,"comment_status":"closed","ping_status":"closed","template":"","meta":{"footnotes":""},"class_list":["post-7142","page","type-page","status-publish","czr-hentry"],"_links":{"self":[{"href":"https:\/\/cusacq.usac.edu.gt\/index.php?rest_route=\/wp\/v2\/pages\/7142","targetHints":{"allow":["GET"]}}],"collection":[{"href":"https:\/\/cusacq.usac.edu.gt\/index.php?rest_route=\/wp\/v2\/pages"}],"about":[{"href":"https:\/\/cusacq.usac.edu.gt\/index.php?rest_route=\/wp\/v2\/types\/page"}],"author":[{"embeddable":true,"href":"https:\/\/cusacq.usac.edu.gt\/index.php?rest_route=\/wp\/v2\/users\/101017"}],"replies":[{"embeddable":true,"href":"https:\/\/cusacq.usac.edu.gt\/index.php?rest_route=%2Fwp%2Fv2%2Fcomments&post=7142"}],"version-history":[{"count":3,"href":"https:\/\/cusacq.usac.edu.gt\/index.php?rest_route=\/wp\/v2\/pages\/7142\/revisions"}],"predecessor-version":[{"id":7588,"href":"https:\/\/cusacq.usac.edu.gt\/index.php?rest_route=\/wp\/v2\/pages\/7142\/revisions\/7588"}],"wp:attachment":[{"href":"https:\/\/cusacq.usac.edu.gt\/index.php?rest_route=%2Fwp%2Fv2%2Fmedia&parent=7142"}],"curies":[{"name":"wp","href":"https:\/\/api.w.org\/{rel}","templated":true}]}}