{"id":7170,"date":"2022-11-16T16:36:47","date_gmt":"2022-11-16T16:36:47","guid":{"rendered":"https:\/\/cusacq.usac.edu.gt\/?page_id=7170"},"modified":"2026-04-14T18:53:55","modified_gmt":"2026-04-14T18:53:55","slug":"temarios-de-estudio","status":"publish","type":"page","link":"https:\/\/cusacq.usac.edu.gt\/?page_id=7170","title":{"rendered":"Temarios de Estudio"},"content":{"rendered":"\n<figure class=\"wp-block-image alignfull size-full\"><a href=\"https:\/\/cusacq.usac.edu.gt\/wp-content\/uploads\/2026\/04\/Banner-Proceso-de-Ingreso-2027.jpg\"><img loading=\"lazy\" decoding=\"async\" width=\"17778\" height=\"4146\" src=\"https:\/\/cusacq.usac.edu.gt\/wp-content\/uploads\/2026\/04\/Banner-Proceso-de-Ingreso-2027.jpg\" alt=\"\" class=\"wp-image-7821\"\/><\/a><\/figure>\n\n\n\n<p class=\"has-vivid-cyan-blue-color has-text-color has-large-font-size\">Temarios de Estudio para Pruebas de Conocimientos B\u00e1sicos PCB<\/p>\n\n\n\n<figure class=\"wp-block-table is-style-stripes\"><table><tbody><tr><td class=\"has-text-align-left\" data-align=\"left\"><strong>Carreras<\/strong><\/td><td class=\"has-text-align-left\" data-align=\"left\"><strong>Pruebas de Conocimientos B\u00e1sicos<\/strong><\/td><\/tr><tr><td class=\"has-text-align-left\" data-align=\"left\"><strong>PEM y Licenciatura en Pedagog\u00eda y Administraci\u00f3n Educativa<\/strong><\/td><td class=\"has-text-align-left\" data-align=\"left\"><a href=\"https:\/\/sun.usac.edu.gt\/wp-content\/uploads\/2025\/05\/GuiaT_Lenguaje2025_R.pdf\">Descargar Temario<\/a> <strong>Lenguaje<\/strong><\/td><\/tr><tr><td class=\"has-text-align-left\" data-align=\"left\"><strong>PEM y Licenciatura en Matem\u00e1tica y F\u00edsica (2 pruebas)<\/strong><\/td><td class=\"has-text-align-left\" data-align=\"left\"><a href=\"https:\/\/sun.usac.edu.gt\/wp-content\/uploads\/2025\/05\/GuiaT_Lenguaje2025_R.pdf\">Descargar Temario<\/a> <strong>Lenguaje<\/strong><br><a href=\"https:\/\/sun.usac.edu.gt\/wp-content\/uploads\/2025\/05\/GuiaT_Matematica2025_R.pdf\">Descargar Temario<\/a> <strong>Matem\u00e1tica<\/strong><\/td><\/tr><tr><td class=\"has-text-align-left\" data-align=\"left\"><strong>Profesorado en Educaci\u00f3n Primaria Biling\u00fce Intercultural (2 Pruebas)<\/strong><\/td><td class=\"has-text-align-left\" data-align=\"left\"><a href=\"https:\/\/sun.usac.edu.gt\/wp-content\/uploads\/2025\/05\/GuiaT_Lenguaje2025_R.pdf\">Descargar Temario<\/a> <strong>Lenguaje<\/strong><br><a href=\"https:\/\/sun.usac.edu.gt\/wp-content\/uploads\/2025\/05\/GuiaT_Matematica2025_R.pdf\">Descargar Temario<\/a> <strong>Matem\u00e1tica<\/strong><\/td><\/tr><tr><td class=\"has-text-align-left\" data-align=\"left\"><strong>Ingenier\u00eda Agron\u00f3mica en Sistemas de Producci\u00f3n Agr\u00edcola<\/strong><\/td><td class=\"has-text-align-left\" data-align=\"left\"><a href=\"https:\/\/sun.usac.edu.gt\/wp-content\/uploads\/2025\/05\/GuiaT_Lenguaje2025_R.pdf\">Descargar Temario<\/a> <strong>Lenguaje<\/strong><\/td><\/tr><tr><td class=\"has-text-align-left\" data-align=\"left\"><strong>Licenciatura en Administraci\u00f3n de Empresas<\/strong><\/td><td class=\"has-text-align-left\" data-align=\"left\"><a href=\"https:\/\/sun.usac.edu.gt\/wp-content\/uploads\/2025\/05\/GuiaT_Matematica2025_R.pdf\">Descargar Temario<\/a> <strong>Matem\u00e1tica<\/strong><\/td><\/tr><tr><td class=\"has-text-align-left\" data-align=\"left\"><strong>Licenciatura en Ciencias Jur\u00eddicas y Sociales<\/strong><\/td><td class=\"has-text-align-left\" data-align=\"left\"><a href=\"https:\/\/sun.usac.edu.gt\/wp-content\/uploads\/2025\/05\/GuiaT_Lenguaje2025_R.pdf\">Descargar Temario<\/a> <strong>Lenguaje<\/strong><\/td><\/tr><tr><td class=\"has-text-align-left\" data-align=\"left\"><strong>Licenciatura en Medicina, M\u00e9dico y Cirujano<\/strong><\/td><td class=\"has-text-align-left\" data-align=\"left\"><a href=\"https:\/\/sun.usac.edu.gt\/wp-content\/uploads\/2025\/05\/GuiaT_Lenguaje2025_R.pdf\">Descargar Temario<\/a> <strong>Lenguaje<\/strong><br><a href=\"https:\/\/sun.usac.edu.gt\/wp-content\/uploads\/2025\/05\/GuiaT_Matematica2025_R.pdf\">Descargar Temario<\/a> <strong>Matem\u00e1tica <\/strong><br><a href=\"https:\/\/sun.usac.edu.gt\/wp-content\/uploads\/2025\/05\/GuiaT_Fisica2025_-R.pdf\">Descargar Temario<\/a> <strong>F\u00edsica <\/strong><br><a href=\"https:\/\/sun.usac.edu.gt\/wp-content\/uploads\/2025\/05\/GuiaT_Quimica2025_R.pdf\">Descargar Temario<\/a> <strong>Qu\u00edmica<\/strong><\/td><\/tr><\/tbody><\/table><figcaption class=\"wp-element-caption\">Actualizado a\u00f1o 2026.<\/figcaption><\/figure>\n\n\n\n<p class=\"has-vivid-cyan-blue-color has-text-color has-large-font-size\">Temarios de Estudio para Pruebas Espec\u00edficas<\/p>\n\n\n\n<figure class=\"wp-block-table aligncenter is-style-stripes\"><table><tbody><tr><td class=\"has-text-align-left\" data-align=\"left\"><strong>Carreras<\/strong><\/td><td class=\"has-text-align-left\" data-align=\"left\"><strong>Pruebas Espec\u00edficas<\/strong><\/td><\/tr><tr><td class=\"has-text-align-left\" data-align=\"left\"><strong>PEM y Licenciatura en Pedagog\u00eda<\/strong><\/td><td class=\"has-text-align-left\" data-align=\"left\">Descargar Temario Liderazgo Pedag\u00f3gico<\/td><\/tr><tr><td class=\"has-text-align-left\" data-align=\"left\"><strong>PEM y Licenciatura en Matem\u00e1tica y F\u00edsica<\/strong><\/td><td class=\"has-text-align-left\" data-align=\"left\">Descargar Temario Ejes Tem\u00e1ticos de Matem\u00e1tica y F\u00edsica<\/td><\/tr><tr><td class=\"has-text-align-left\" data-align=\"left\"><strong>Profesorado en Educaci\u00f3n Primaria Biling\u00fce Intercultural<\/strong><\/td><td class=\"has-text-align-left\" data-align=\"left\">Descargar Temario Profesorado en Educaci\u00f3n Primaria Biling\u00fce Intercultural<\/td><\/tr><tr><td class=\"has-text-align-left\" data-align=\"left\"><strong>Ingenier\u00eda Agron\u00f3mica en Sistemas de Producci\u00f3n Agr\u00edcola (2 pruebas).<\/strong><\/td><td class=\"has-text-align-left\" data-align=\"left\">Descargar Temario 1 Biolog\u00eda<br>Descargar Temario 2 Biolog\u00eda<br>Descargar Temario 1 Matem\u00e1tica <br>Descargar Temario 2 Matem\u00e1tica<\/td><\/tr><tr><td class=\"has-text-align-left\" data-align=\"left\"><strong>Licenciatura en Administraci\u00f3n de Empresas<\/strong><\/td><td class=\"has-text-align-left\" data-align=\"left\">Descargar Temario Nociones Generales de la Ciencias Econ\u00f3micas<\/td><\/tr><tr><td class=\"has-text-align-left\" data-align=\"left\"><strong>Licenciatura en Ciencias Jur\u00eddicas y Sociales<\/strong><\/td><td class=\"has-text-align-left\" data-align=\"left\">Descargar Temario Derecho y Realidad Nacional<\/td><\/tr><tr><td class=\"has-text-align-left\" data-align=\"left\"><strong>Licenciatura en Medicina, M\u00e9dico y Cirujano<\/strong><\/td><td class=\"has-text-align-left\" data-align=\"left\">Descargar Temario Qu\u00edmica<br>Descargar Temario Biolog\u00eda <\/td><\/tr><\/tbody><\/table><figcaption class=\"wp-element-caption\">Actualizado a\u00f1o 2026.<\/figcaption><\/figure>\n\n\n\n<p class=\"has-text-align-center has-cyan-bluish-gray-color has-text-color has-background has-medium-font-size\" style=\"background-color:#00629b\"><strong>Informaci\u00f3n y Divulgaci\u00f3n &#8211; Oficinas Administrativas CUSACQ &#8211; 6ta. avenida 2-11 zona 2 Santa Cruz del Quich\u00e9, Quich\u00e9. Tel. 7755-1273<\/strong>. <em>\u00abId y Ense\u00f1ad a Todos\u00bb <\/em> a\u00f1o 2026.<\/p>\n","protected":false},"excerpt":{"rendered":"<p>Temarios de Estudio para Pruebas de Conocimientos B\u00e1sicos PCB Carreras Pruebas de Conocimientos B\u00e1sicos PEM y Licenciatura en Pedagog\u00eda y Administraci\u00f3n Educativa Descargar Temario Lenguaje PEM y Licenciatura en Matem\u00e1tica y F\u00edsica (2 pruebas) Descargar Temario LenguajeDescargar Temario Matem\u00e1tica Profesorado en Educaci\u00f3n Primaria Biling\u00fce Intercultural (2 Pruebas) Descargar Temario LenguajeDescargar Temario Matem\u00e1tica Ingenier\u00eda Agron\u00f3mica en [&hellip;]<\/p>\n","protected":false},"author":101017,"featured_media":0,"parent":0,"menu_order":0,"comment_status":"closed","ping_status":"closed","template":"","meta":{"footnotes":""},"class_list":["post-7170","page","type-page","status-publish","czr-hentry"],"_links":{"self":[{"href":"https:\/\/cusacq.usac.edu.gt\/index.php?rest_route=\/wp\/v2\/pages\/7170","targetHints":{"allow":["GET"]}}],"collection":[{"href":"https:\/\/cusacq.usac.edu.gt\/index.php?rest_route=\/wp\/v2\/pages"}],"about":[{"href":"https:\/\/cusacq.usac.edu.gt\/index.php?rest_route=\/wp\/v2\/types\/page"}],"author":[{"embeddable":true,"href":"https:\/\/cusacq.usac.edu.gt\/index.php?rest_route=\/wp\/v2\/users\/101017"}],"replies":[{"embeddable":true,"href":"https:\/\/cusacq.usac.edu.gt\/index.php?rest_route=%2Fwp%2Fv2%2Fcomments&post=7170"}],"version-history":[{"count":23,"href":"https:\/\/cusacq.usac.edu.gt\/index.php?rest_route=\/wp\/v2\/pages\/7170\/revisions"}],"predecessor-version":[{"id":7833,"href":"https:\/\/cusacq.usac.edu.gt\/index.php?rest_route=\/wp\/v2\/pages\/7170\/revisions\/7833"}],"wp:attachment":[{"href":"https:\/\/cusacq.usac.edu.gt\/index.php?rest_route=%2Fwp%2Fv2%2Fmedia&parent=7170"}],"curies":[{"name":"wp","href":"https:\/\/api.w.org\/{rel}","templated":true}]}}