{"id":7188,"date":"2023-01-26T20:47:18","date_gmt":"2023-01-26T20:47:18","guid":{"rendered":"https:\/\/cusacq.usac.edu.gt\/?page_id=7188"},"modified":"2023-01-26T22:28:55","modified_gmt":"2023-01-26T22:28:55","slug":"descargas-control-academico","status":"publish","type":"page","link":"https:\/\/cusacq.usac.edu.gt\/?page_id=7188","title":{"rendered":"Normativos y Recursos Control Acad."},"content":{"rendered":"\n<h2 class=\"wp-block-heading\">Normativo General de Evaluaci\u00f3n y Promoci\u00f3n del estudiante- CUSACQ- USAC <\/h2>\n\n\n\n<p>Actualizado 2,023<\/p>\n\n\n\n<div data-wp-interactive=\"core\/file\" class=\"wp-block-file\"><object data-wp-bind--hidden=\"!state.hasPdfPreview\" hidden class=\"wp-block-file__embed\" data=\"https:\/\/cusacq.usac.edu.gt\/wp-content\/uploads\/2023\/01\/NORMATIVO-GENERAL-DE-EVALUACION-Y-PROMOCION-DEL-ESTUDIANTE-DEL-CENTRO-UNIVERSITARIO-DE-QUICHE-DE-LA-UNIVERSIDAD-DE-SAN-CARLOS-DE-GUATEMALA-2023.pdf\" type=\"application\/pdf\" style=\"width:100%;height:600px\" aria-label=\"Incrustado de Incrustado de Normativo General de Evaluaci\u00f3n y Promoci\u00f3n del Estudiante - Centro Universitario de Quich\u00e9- USAC..\"><\/object><a id=\"wp-block-file--media-6a5ed95d-7c35-4a66-bf61-737a62a5cade\" href=\"https:\/\/cusacq.usac.edu.gt\/wp-content\/uploads\/2023\/01\/NORMATIVO-GENERAL-DE-EVALUACION-Y-PROMOCION-DEL-ESTUDIANTE-DEL-CENTRO-UNIVERSITARIO-DE-QUICHE-DE-LA-UNIVERSIDAD-DE-SAN-CARLOS-DE-GUATEMALA-2023.pdf\">Normativo General de Evaluaci\u00f3n y Promoci\u00f3n del Estudiante &#8211; Centro Universitario de Quich\u00e9- USAC<\/a><a href=\"https:\/\/cusacq.usac.edu.gt\/wp-content\/uploads\/2023\/01\/NORMATIVO-GENERAL-DE-EVALUACION-Y-PROMOCION-DEL-ESTUDIANTE-DEL-CENTRO-UNIVERSITARIO-DE-QUICHE-DE-LA-UNIVERSIDAD-DE-SAN-CARLOS-DE-GUATEMALA-2023.pdf\" class=\"wp-block-file__button\" download aria-describedby=\"wp-block-file--media-6a5ed95d-7c35-4a66-bf61-737a62a5cade\">Descarga<\/a><\/div>\n\n\n\n<hr class=\"wp-block-separator\"\/>\n","protected":false},"excerpt":{"rendered":"<p>Normativo General de Evaluaci\u00f3n y Promoci\u00f3n del estudiante- CUSACQ- USAC Actualizado 2,023<\/p>\n","protected":false},"author":1,"featured_media":7103,"parent":0,"menu_order":0,"comment_status":"closed","ping_status":"closed","template":"","meta":{"footnotes":""},"class_list":["post-7188","page","type-page","status-publish","has-post-thumbnail","czr-hentry"],"_links":{"self":[{"href":"https:\/\/cusacq.usac.edu.gt\/index.php?rest_route=\/wp\/v2\/pages\/7188","targetHints":{"allow":["GET"]}}],"collection":[{"href":"https:\/\/cusacq.usac.edu.gt\/index.php?rest_route=\/wp\/v2\/pages"}],"about":[{"href":"https:\/\/cusacq.usac.edu.gt\/index.php?rest_route=\/wp\/v2\/types\/page"}],"author":[{"embeddable":true,"href":"https:\/\/cusacq.usac.edu.gt\/index.php?rest_route=\/wp\/v2\/users\/1"}],"replies":[{"embeddable":true,"href":"https:\/\/cusacq.usac.edu.gt\/index.php?rest_route=%2Fwp%2Fv2%2Fcomments&post=7188"}],"version-history":[{"count":6,"href":"https:\/\/cusacq.usac.edu.gt\/index.php?rest_route=\/wp\/v2\/pages\/7188\/revisions"}],"predecessor-version":[{"id":7199,"href":"https:\/\/cusacq.usac.edu.gt\/index.php?rest_route=\/wp\/v2\/pages\/7188\/revisions\/7199"}],"wp:featuredmedia":[{"embeddable":true,"href":"https:\/\/cusacq.usac.edu.gt\/index.php?rest_route=\/wp\/v2\/media\/7103"}],"wp:attachment":[{"href":"https:\/\/cusacq.usac.edu.gt\/index.php?rest_route=%2Fwp%2Fv2%2Fmedia&parent=7188"}],"curies":[{"name":"wp","href":"https:\/\/api.w.org\/{rel}","templated":true}]}}