{"id":7201,"date":"2023-01-27T18:07:32","date_gmt":"2023-01-27T18:07:32","guid":{"rendered":"https:\/\/cusacq.usac.edu.gt\/?page_id=7201"},"modified":"2023-06-12T22:59:33","modified_gmt":"2023-06-12T22:59:33","slug":"tramites-administrativos-y-academicos-2023","status":"publish","type":"page","link":"https:\/\/cusacq.usac.edu.gt\/?page_id=7201","title":{"rendered":"Tr\u00e1mites Administrativos y Acad\u00e9micos 2023"},"content":{"rendered":"\n<p>Pulsa el bot\u00f3n seg\u00fan el  tr\u00e1mite a realizar, para descargar el mismo, en formato PDF.<\/p>\n\n\n\n<h2 class=\"wp-block-heading has-white-color has-vivid-cyan-blue-background-color has-text-color has-background\" id=\"tprimeringreso\">Primer Ingreso<\/h2>\n\n\n\n<div class=\"wp-block-buttons is-layout-flex wp-block-buttons-is-layout-flex\">\n<div class=\"wp-block-button has-custom-width wp-block-button__width-100\"><a class=\"wp-block-button__link wp-element-button\" href=\"https:\/\/cusacq.usac.edu.gt\/wp-content\/uploads\/2023\/01\/Primer-Ingreso-Proceso-de-Preinscripcion.pdf\" target=\"_blank\" rel=\"noreferrer noopener\">Primer Ingreso &#8211; Proceso de Preinscripci\u00f3n<\/a><\/div>\n\n\n\n<div class=\"wp-block-button has-custom-width wp-block-button__width-100\"><a class=\"wp-block-button__link wp-element-button\" href=\"https:\/\/cusacq.usac.edu.gt\/wp-content\/uploads\/2023\/01\/Primer-Ingreso-Proceso-de-Inscripcion-en-Linea.pdf\" target=\"_blank\" rel=\"noreferrer noopener\">Primer Ingreso &#8211; Proceso de Inscripci\u00f3n<\/a><\/div>\n\n\n\n<div class=\"wp-block-button has-custom-width wp-block-button__width-100\"><a class=\"wp-block-button__link wp-element-button\" href=\"https:\/\/cusacq.usac.edu.gt\/wp-content\/uploads\/2023\/01\/Generacion-de-Constancia-de-Inscripcion.pdf\" target=\"_blank\" rel=\"noreferrer noopener\">Primer Ingreso &#8211; Generaci\u00f3n de Constancia de Inscripci\u00f3n<\/a><\/div>\n<\/div>\n\n\n\n<h2 class=\"wp-block-heading has-white-color has-vivid-cyan-blue-background-color has-text-color has-background\" id=\"treingreso\">Reingreso <\/h2>\n\n\n\n<div class=\"wp-block-buttons is-layout-flex wp-block-buttons-is-layout-flex\">\n<div class=\"wp-block-button has-custom-width wp-block-button__width-100\"><a class=\"wp-block-button__link wp-element-button\" href=\"https:\/\/cusacq.usac.edu.gt\/wp-content\/uploads\/2023\/01\/Reingreso-Inscripciones.pdf\" target=\"_blank\" rel=\"noreferrer noopener\">Reingreso &#8211; Proceso de Inscripci\u00f3n<\/a><\/div>\n\n\n\n<div class=\"wp-block-button has-custom-width wp-block-button__width-100\"><a class=\"wp-block-button__link wp-element-button\" href=\"https:\/\/cusacq.usac.edu.gt\/wp-content\/uploads\/2023\/01\/Reingreso-Inscripcion-con-Cierre-de-Pensum-Pendiente-de-Examenes-Generales.pdf\" target=\"_blank\" rel=\"noreferrer noopener\">Reingreso &#8211; Proceso de Inscripci\u00f3n con Cierre de Pensum &#8211; Pendiente de Ex\u00e1menes Generales<\/a><\/div>\n\n\n\n<div class=\"wp-block-button has-custom-width wp-block-button__width-100\"><a class=\"wp-block-button__link wp-element-button\" href=\"https:\/\/cusacq.usac.edu.gt\/wp-content\/uploads\/2023\/01\/Generacion-de-Constancia-de-Inscripcion.pdf\" target=\"_blank\" rel=\"noreferrer noopener\">Reingreso &#8211; Generaci\u00f3n de Constancia de Inscripci\u00f3n<\/a><\/div>\n<\/div>\n\n\n\n<h2 class=\"wp-block-heading has-white-color has-vivid-cyan-blue-background-color has-text-color has-background\" id=\"tadministrativos\">Tr\u00e1mites Administrativos<\/h2>\n\n\n\n<div class=\"wp-block-buttons is-layout-flex wp-block-buttons-is-layout-flex\">\n<div class=\"wp-block-button has-custom-width wp-block-button__width-100\"><a class=\"wp-block-button__link wp-element-button\" href=\"https:\/\/cusacq.usac.edu.gt\/wp-content\/uploads\/2023\/01\/Tramite-Administrativo-Traslado-de-Matricula-y-Cambio-de-Carrera.pdf\" target=\"_blank\" rel=\"noreferrer noopener\">Tr\u00e1mite Administrativo &#8211; Traslado de Matricula y Cambio de Carrera<\/a><\/div>\n\n\n\n<div class=\"wp-block-button has-custom-width wp-block-button__width-100\"><a class=\"wp-block-button__link wp-element-button\" href=\"https:\/\/cusacq.usac.edu.gt\/wp-content\/uploads\/2023\/01\/Tramite-Administrativo-Carrera-Simultanea-1.pdf\" target=\"_blank\" rel=\"noreferrer noopener\">Tr\u00e1mite Administrativo &#8211; Carrera Simult\u00e1nea<\/a><\/div>\n\n\n\n<div class=\"wp-block-button has-custom-width wp-block-button__width-100\"><a class=\"wp-block-button__link wp-element-button\" href=\"https:\/\/cusacq.usac.edu.gt\/wp-content\/uploads\/2023\/01\/Tramite-Administrativo-Ingreso-como-Graduado-de-la-USAC.pdf\" target=\"_blank\" rel=\"noreferrer noopener\">Tr\u00e1mite Administrativo &#8211; Ingreso como Graduado de la USAC<\/a><\/div>\n\n\n\n<div class=\"wp-block-button has-custom-width wp-block-button__width-100\"><a class=\"wp-block-button__link wp-element-button\" href=\"https:\/\/cusacq.usac.edu.gt\/wp-content\/uploads\/2023\/01\/Tramite-Administrativo-Carreras-Simultaneas-para-continuar-la-Licenciatura-en-Pedagogia.pdf\" target=\"_blank\" rel=\"noreferrer noopener\">Tr\u00e1mite Administrativo &#8211; Carreras Simult\u00e1neas para continuar la Licenciatura en Pedagog\u00eda<\/a><\/div>\n\n\n\n<div class=\"wp-block-button has-custom-width wp-block-button__width-100\"><a class=\"wp-block-button__link wp-element-button\" href=\"https:\/\/cusacq.usac.edu.gt\/wp-content\/uploads\/2023\/01\/Tramite-Administrativo-Traslado-de-Matricula-Centros-Universitarios-Diferentes-Misma-Carrera.pdf\" target=\"_blank\" rel=\"noreferrer noopener\">Tr\u00e1mite Administrativo &#8211; Traslado de Matr\u00edcula &#8211; Centros Universitarios Diferentes &#8211; Misma Carrera<\/a><\/div>\n<\/div>\n\n\n\n<h2 class=\"wp-block-heading has-white-color has-vivid-cyan-blue-background-color has-text-color has-background\" id=\"tsolicituddedocumentos\">Solicitud de Documentos<\/h2>\n\n\n\n<div class=\"wp-block-buttons is-layout-flex wp-block-buttons-is-layout-flex\">\n<div class=\"wp-block-button has-custom-width wp-block-button__width-100\"><a class=\"wp-block-button__link wp-element-button\" href=\"https:\/\/cusacq.usac.edu.gt\/wp-content\/uploads\/2023\/01\/Solicitud-de-Documentos-Certificacion-de-Acta-de-Graduacion.pdf\" target=\"_blank\" rel=\"noreferrer noopener\">Solicitud de Documentos &#8211; Certificaci\u00f3n de Acta de Graduaci\u00f3n<\/a><\/div>\n\n\n\n<div class=\"wp-block-button has-custom-width wp-block-button__width-100\"><a class=\"wp-block-button__link wp-element-button\" href=\"https:\/\/cusacq.usac.edu.gt\/wp-content\/uploads\/2023\/01\/Solicitud-de-Documentos-Certificacion-de-Cursos-Aprobados.pdf\" target=\"_blank\" rel=\"noreferrer noopener\">Solicitud de Documentos &#8211; Certificaci\u00f3n de Cursos Aprobados<\/a><\/div>\n\n\n\n<div class=\"wp-block-button has-custom-width wp-block-button__width-100\"><a class=\"wp-block-button__link wp-element-button\" href=\"https:\/\/cusacq.usac.edu.gt\/wp-content\/uploads\/2023\/01\/Solicitud-de-Documentos-Certificacion-de-cursos-Reprobados.pdf\" target=\"_blank\" rel=\"noreferrer noopener\">Solicitud de Documentos &#8211; Certificaci\u00f3n de cursos Reprobados<\/a><\/div>\n\n\n\n<div class=\"wp-block-button has-custom-width wp-block-button__width-100\"><a class=\"wp-block-button__link wp-element-button\" href=\"https:\/\/cusacq.usac.edu.gt\/wp-content\/uploads\/2023\/01\/Solicitud-de-Documentos-Cierre-de-Pensum-para-Tramites-Laborales.pdf\" target=\"_blank\" rel=\"noreferrer noopener\">Solicitud de Documentos &#8211; Cierre de Pensum para Tr\u00e1mites Laborales<\/a><\/div>\n<\/div>\n\n\n\n<h2 class=\"wp-block-heading has-white-color has-vivid-cyan-blue-background-color has-text-color has-background\" id=\"totrostramitesacademicos\">Otros Tr\u00e1mites Acad\u00e9micos<\/h2>\n\n\n\n<div class=\"wp-block-buttons is-layout-flex wp-block-buttons-is-layout-flex\">\n<div class=\"wp-block-button has-custom-width wp-block-button__width-100\"><a class=\"wp-block-button__link wp-element-button\" href=\"https:\/\/cusacq.usac.edu.gt\/wp-content\/uploads\/2023\/01\/Tramite-de-Titulos-Universitarios-en-Linea.pdf\" target=\"_blank\" rel=\"noreferrer noopener\">Tr\u00e1mite de T\u00edtulos Universitarios en L\u00ednea<\/a><\/div>\n\n\n\n<div class=\"wp-block-button has-custom-width wp-block-button__width-100\"><a class=\"wp-block-button__link wp-element-button\" href=\"https:\/\/cusacq.usac.edu.gt\/wp-content\/uploads\/2023\/06\/Generacion-de-Solvencia-de-Biblioteca-CUSACQ.pdf\" target=\"_blank\" rel=\"noreferrer noopener\">Generaci\u00f3n de Solvencia de Biblioteca &#8211; CUSACQ<\/a><\/div>\n<\/div>\n\n\n\n<p><\/p>\n","protected":false},"excerpt":{"rendered":"<p>Pulsa el bot\u00f3n seg\u00fan el tr\u00e1mite a realizar, para descargar el mismo, en formato PDF. Primer Ingreso Reingreso Tr\u00e1mites Administrativos Solicitud de Documentos Otros Tr\u00e1mites Acad\u00e9micos<\/p>\n","protected":false},"author":101017,"featured_media":0,"parent":0,"menu_order":0,"comment_status":"closed","ping_status":"closed","template":"","meta":{"footnotes":""},"class_list":["post-7201","page","type-page","status-publish","czr-hentry"],"_links":{"self":[{"href":"https:\/\/cusacq.usac.edu.gt\/index.php?rest_route=\/wp\/v2\/pages\/7201","targetHints":{"allow":["GET"]}}],"collection":[{"href":"https:\/\/cusacq.usac.edu.gt\/index.php?rest_route=\/wp\/v2\/pages"}],"about":[{"href":"https:\/\/cusacq.usac.edu.gt\/index.php?rest_route=\/wp\/v2\/types\/page"}],"author":[{"embeddable":true,"href":"https:\/\/cusacq.usac.edu.gt\/index.php?rest_route=\/wp\/v2\/users\/101017"}],"replies":[{"embeddable":true,"href":"https:\/\/cusacq.usac.edu.gt\/index.php?rest_route=%2Fwp%2Fv2%2Fcomments&post=7201"}],"version-history":[{"count":24,"href":"https:\/\/cusacq.usac.edu.gt\/index.php?rest_route=\/wp\/v2\/pages\/7201\/revisions"}],"predecessor-version":[{"id":7792,"href":"https:\/\/cusacq.usac.edu.gt\/index.php?rest_route=\/wp\/v2\/pages\/7201\/revisions\/7792"}],"wp:attachment":[{"href":"https:\/\/cusacq.usac.edu.gt\/index.php?rest_route=%2Fwp%2Fv2%2Fmedia&parent=7201"}],"curies":[{"name":"wp","href":"https:\/\/api.w.org\/{rel}","templated":true}]}}