{"id":7745,"date":"2025-04-24T19:18:40","date_gmt":"2025-04-24T19:18:40","guid":{"rendered":"https:\/\/cusacq.usac.edu.gt\/?page_id=7745"},"modified":"2026-04-14T18:02:01","modified_gmt":"2026-04-14T18:02:01","slug":"calendarios-oficiales-ingreso-2026","status":"publish","type":"page","link":"https:\/\/cusacq.usac.edu.gt\/?page_id=7745","title":{"rendered":"Calendarios Oficiales &#8211; Ingreso 2027"},"content":{"rendered":"\n<figure class=\"wp-block-image alignfull size-full\"><a href=\"https:\/\/cusacq.usac.edu.gt\/wp-content\/uploads\/2026\/04\/Banner-Proceso-de-Ingreso-2027-1.jpg\"><img loading=\"lazy\" decoding=\"async\" width=\"17778\" height=\"4146\" src=\"https:\/\/cusacq.usac.edu.gt\/wp-content\/uploads\/2026\/04\/Banner-Proceso-de-Ingreso-2027-1.jpg\" alt=\"\" class=\"wp-image-7824\"\/><\/a><\/figure>\n\n\n\n<h2 class=\"wp-block-heading has-white-color has-vivid-cyan-blue-background-color has-text-color has-background has-link-color has-medium-font-size wp-elements-06af20d1ecfa3b7388da6c605b5caa0a\">Prueba de Orientaci\u00f3n Vocacional <\/h2>\n\n\n\n<figure class=\"wp-block-image size-large\"><a href=\"https:\/\/cusacq.usac.edu.gt\/wp-content\/uploads\/2026\/04\/Calendario-OV-2026-Ingreso-2027-scaled.jpg\"><img loading=\"lazy\" decoding=\"async\" width=\"1024\" height=\"791\" src=\"https:\/\/cusacq.usac.edu.gt\/wp-content\/uploads\/2026\/04\/Calendario-OV-2026-Ingreso-2027-1024x791.jpg\" alt=\"\" class=\"wp-image-7806\" srcset=\"https:\/\/cusacq.usac.edu.gt\/wp-content\/uploads\/2026\/04\/Calendario-OV-2026-Ingreso-2027-1024x791.jpg 1024w, https:\/\/cusacq.usac.edu.gt\/wp-content\/uploads\/2026\/04\/Calendario-OV-2026-Ingreso-2027-300x232.jpg 300w, https:\/\/cusacq.usac.edu.gt\/wp-content\/uploads\/2026\/04\/Calendario-OV-2026-Ingreso-2027-768x593.jpg 768w, https:\/\/cusacq.usac.edu.gt\/wp-content\/uploads\/2026\/04\/Calendario-OV-2026-Ingreso-2027-1536x1187.jpg 1536w, https:\/\/cusacq.usac.edu.gt\/wp-content\/uploads\/2026\/04\/Calendario-OV-2026-Ingreso-2027-2048x1583.jpg 2048w\" sizes=\"auto, (max-width: 1024px) 100vw, 1024px\" \/><\/a><\/figure>\n\n\n\n<h2 class=\"wp-block-heading has-white-color has-vivid-cyan-blue-background-color has-text-color has-background has-link-color has-medium-font-size wp-elements-53fe935b6715edaf357b373792d34283\">Pruebas de Conocimientos B\u00e1sicos<\/h2>\n\n\n\n<figure class=\"wp-block-image size-large\"><a href=\"https:\/\/cusacq.usac.edu.gt\/wp-content\/uploads\/2026\/04\/Calendario-Pruebas-Basicas-2026-Ingreso-2027-scaled.jpg\"><img loading=\"lazy\" decoding=\"async\" width=\"1024\" height=\"791\" src=\"https:\/\/cusacq.usac.edu.gt\/wp-content\/uploads\/2026\/04\/Calendario-Pruebas-Basicas-2026-Ingreso-2027-1024x791.jpg\" alt=\"\" class=\"wp-image-7808\" srcset=\"https:\/\/cusacq.usac.edu.gt\/wp-content\/uploads\/2026\/04\/Calendario-Pruebas-Basicas-2026-Ingreso-2027-1024x791.jpg 1024w, https:\/\/cusacq.usac.edu.gt\/wp-content\/uploads\/2026\/04\/Calendario-Pruebas-Basicas-2026-Ingreso-2027-300x232.jpg 300w, https:\/\/cusacq.usac.edu.gt\/wp-content\/uploads\/2026\/04\/Calendario-Pruebas-Basicas-2026-Ingreso-2027-768x593.jpg 768w, https:\/\/cusacq.usac.edu.gt\/wp-content\/uploads\/2026\/04\/Calendario-Pruebas-Basicas-2026-Ingreso-2027-1536x1187.jpg 1536w, https:\/\/cusacq.usac.edu.gt\/wp-content\/uploads\/2026\/04\/Calendario-Pruebas-Basicas-2026-Ingreso-2027-2048x1583.jpg 2048w\" sizes=\"auto, (max-width: 1024px) 100vw, 1024px\" \/><\/a><\/figure>\n\n\n\n<h2 class=\"wp-block-heading has-white-color has-vivid-cyan-blue-background-color has-text-color has-background has-link-color has-medium-font-size wp-elements-c604a6ace418e62dc0ab0adb55a91cf6\">Pruebas Espec\u00edficas<\/h2>\n\n\n\n<figure class=\"wp-block-image size-large\"><a href=\"https:\/\/cusacq.usac.edu.gt\/wp-content\/uploads\/2026\/04\/Calendario-Pruebas-Especificas-2026-Ingreso-2027-1-scaled.jpg\"><img loading=\"lazy\" decoding=\"async\" width=\"1024\" height=\"791\" src=\"https:\/\/cusacq.usac.edu.gt\/wp-content\/uploads\/2026\/04\/Calendario-Pruebas-Especificas-2026-Ingreso-2027-1-1024x791.jpg\" alt=\"\" class=\"wp-image-7810\" srcset=\"https:\/\/cusacq.usac.edu.gt\/wp-content\/uploads\/2026\/04\/Calendario-Pruebas-Especificas-2026-Ingreso-2027-1-1024x791.jpg 1024w, https:\/\/cusacq.usac.edu.gt\/wp-content\/uploads\/2026\/04\/Calendario-Pruebas-Especificas-2026-Ingreso-2027-1-300x232.jpg 300w, https:\/\/cusacq.usac.edu.gt\/wp-content\/uploads\/2026\/04\/Calendario-Pruebas-Especificas-2026-Ingreso-2027-1-768x593.jpg 768w, https:\/\/cusacq.usac.edu.gt\/wp-content\/uploads\/2026\/04\/Calendario-Pruebas-Especificas-2026-Ingreso-2027-1-1536x1187.jpg 1536w, https:\/\/cusacq.usac.edu.gt\/wp-content\/uploads\/2026\/04\/Calendario-Pruebas-Especificas-2026-Ingreso-2027-1-2048x1583.jpg 2048w\" sizes=\"auto, (max-width: 1024px) 100vw, 1024px\" \/><\/a><\/figure>\n","protected":false},"excerpt":{"rendered":"<p>Prueba de Orientaci\u00f3n Vocacional Pruebas de Conocimientos B\u00e1sicos Pruebas Espec\u00edficas<\/p>\n","protected":false},"author":101017,"featured_media":0,"parent":0,"menu_order":0,"comment_status":"closed","ping_status":"closed","template":"","meta":{"footnotes":""},"class_list":["post-7745","page","type-page","status-publish","czr-hentry"],"_links":{"self":[{"href":"https:\/\/cusacq.usac.edu.gt\/index.php?rest_route=\/wp\/v2\/pages\/7745","targetHints":{"allow":["GET"]}}],"collection":[{"href":"https:\/\/cusacq.usac.edu.gt\/index.php?rest_route=\/wp\/v2\/pages"}],"about":[{"href":"https:\/\/cusacq.usac.edu.gt\/index.php?rest_route=\/wp\/v2\/types\/page"}],"author":[{"embeddable":true,"href":"https:\/\/cusacq.usac.edu.gt\/index.php?rest_route=\/wp\/v2\/users\/101017"}],"replies":[{"embeddable":true,"href":"https:\/\/cusacq.usac.edu.gt\/index.php?rest_route=%2Fwp%2Fv2%2Fcomments&post=7745"}],"version-history":[{"count":10,"href":"https:\/\/cusacq.usac.edu.gt\/index.php?rest_route=\/wp\/v2\/pages\/7745\/revisions"}],"predecessor-version":[{"id":7825,"href":"https:\/\/cusacq.usac.edu.gt\/index.php?rest_route=\/wp\/v2\/pages\/7745\/revisions\/7825"}],"wp:attachment":[{"href":"https:\/\/cusacq.usac.edu.gt\/index.php?rest_route=%2Fwp%2Fv2%2Fmedia&parent=7745"}],"curies":[{"name":"wp","href":"https:\/\/api.w.org\/{rel}","templated":true}]}}