{"id":7886,"date":"2026-04-17T21:18:00","date_gmt":"2026-04-17T21:18:00","guid":{"rendered":"https:\/\/cusacq.usac.edu.gt\/?page_id=7886"},"modified":"2026-04-20T20:05:47","modified_gmt":"2026-04-20T20:05:47","slug":"licenciatuea-en-medicina-medico-y-cirujano","status":"publish","type":"page","link":"https:\/\/cusacq.usac.edu.gt\/?page_id=7886","title":{"rendered":"Licenciatura en Medicina | M\u00e9dico y Cirujano"},"content":{"rendered":"\n<figure class=\"wp-block-image alignfull size-large\"><a href=\"https:\/\/cusacq.usac.edu.gt\/wp-content\/uploads\/2026\/04\/Banner-Medicina-Ingreso-2027-scaled.jpg\"><img loading=\"lazy\" decoding=\"async\" width=\"1024\" height=\"512\" src=\"https:\/\/cusacq.usac.edu.gt\/wp-content\/uploads\/2026\/04\/Banner-Medicina-Ingreso-2027-1024x512.jpg\" alt=\"\" class=\"wp-image-7895\" srcset=\"https:\/\/cusacq.usac.edu.gt\/wp-content\/uploads\/2026\/04\/Banner-Medicina-Ingreso-2027-1024x512.jpg 1024w, https:\/\/cusacq.usac.edu.gt\/wp-content\/uploads\/2026\/04\/Banner-Medicina-Ingreso-2027-300x150.jpg 300w, https:\/\/cusacq.usac.edu.gt\/wp-content\/uploads\/2026\/04\/Banner-Medicina-Ingreso-2027-768x384.jpg 768w, https:\/\/cusacq.usac.edu.gt\/wp-content\/uploads\/2026\/04\/Banner-Medicina-Ingreso-2027-1536x768.jpg 1536w, https:\/\/cusacq.usac.edu.gt\/wp-content\/uploads\/2026\/04\/Banner-Medicina-Ingreso-2027-2048x1024.jpg 2048w\" sizes=\"auto, (max-width: 1024px) 100vw, 1024px\" \/><\/a><\/figure>\n\n\n\n<h1 class=\"wp-block-heading has-text-align-left has-text-color has-large-font-size\" style=\"color:#0a2240\">Sede<\/h1>\n\n\n\n<ul style=\"background-color:#ececec\" class=\"wp-block-list has-background\">\n<li><strong>Santa Cruz del Quich\u00e9 <\/strong>&#8211; M\u00f3dulo del CUSACQ | Aldea El Chajbal<\/li>\n<\/ul>\n\n\n\n<h1 class=\"wp-block-heading has-text-align-left has-text-color has-large-font-size\" style=\"color:#0a2240\">Plan de Estudios<\/h1>\n\n\n\n<div class=\"wp-block-columns has-background is-layout-flex wp-container-core-columns-is-layout-1 wp-block-columns-is-layout-flex\" style=\"background-color:#ececec\">\n<div class=\"wp-block-column is-layout-flow wp-block-column-is-layout-flow\">\n<h2 class=\"wp-block-heading\">Horario<\/h2>\n\n\n\n<p><strong>7:00 a 16:00 horas.<\/strong><\/p>\n<\/div>\n\n\n\n<div class=\"wp-block-column is-layout-flow wp-block-column-is-layout-flow\">\n<h2 class=\"wp-block-heading\">Plan Diario<\/h2>\n\n\n\n<p><strong>Lunes a viernes.<\/strong><\/p>\n<\/div>\n<\/div>\n\n\n\n<h1 class=\"wp-block-heading has-text-color has-large-font-size\" style=\"color:#0a2240\">Perfil de Ingreso<\/h1>\n\n\n\n<p>El aspirante debe poseer competencias cognitivas, comunicativas y emocionales, as\u00ed como valores s\u00f3lidos para el estudio de las ciencias m\u00e9dicas.<\/p>\n\n\n\n<ul class=\"wp-block-list\">\n<li><strong>Competencias Cognitivas:<\/strong>&nbsp;Habilidades l\u00f3gico-matem\u00e1ticas y ling\u00fc\u00edsticas s\u00f3lidas.<\/li>\n\n\n\n<li><strong>Competencias Comunicativas:<\/strong>&nbsp;Capacidad de expresi\u00f3n oral y escrita, as\u00ed como comprensi\u00f3n e interpretaci\u00f3n de textos.<\/li>\n\n\n\n<li><strong>Competencias Emocionales y Valores:<\/strong>&nbsp;Personalidad equilibrada, responsabilidad, tolerancia, solidaridad y honestidad.<\/li>\n\n\n\n<li><strong>Intereses:<\/strong>&nbsp;Vocaci\u00f3n de servicio, inter\u00e9s por la investigaci\u00f3n cient\u00edfica y la problem\u00e1tica social.<\/li>\n<\/ul>\n\n\n\n<h1 class=\"wp-block-heading has-text-color has-large-font-size\" style=\"color:#0a2240\">Perfil de Egreso<\/h1>\n\n\n\n<p>El egresado de la carrera Licenciatura en Medicina | M\u00e9dico y Cirujano de la USAC se caracteriza por:<\/p>\n\n\n\n<ul class=\"wp-block-list\">\n<li><strong>Atenci\u00f3n Primaria:<\/strong>&nbsp;Capacidad para el diagn\u00f3stico, tratamiento y control de enfermedades, priorizando la promoci\u00f3n de la salud y prevenci\u00f3n de enfermedades a nivel individual, familiar y comunitario.<\/li>\n\n\n\n<li><strong>Investigaci\u00f3n Cient\u00edfica:<\/strong>&nbsp;Habilidad para aplicar el m\u00e9todo cient\u00edfico en el campo de la salud dentro de un marco \u00e9tico y legal.<\/li>\n\n\n\n<li><strong>Gesti\u00f3n Cl\u00ednica:<\/strong>&nbsp;Competencia para realizar procedimientos preventivos y curativos con enfoque de atenci\u00f3n primaria, incluyendo la canalizaci\u00f3n adecuada a segundos o terceros niveles.<\/li>\n\n\n\n<li><strong>Humanismo:<\/strong>&nbsp;Actitud de servicio con sensibilidad social y \u00e9tica profesional.&nbsp;USAC&nbsp;+4<\/li>\n<\/ul>\n\n\n\n<p>El perfil de egreso est\u00e1 dise\u00f1ado mediante el an\u00e1lisis funcional de las actividades principales que debe realizar el personal de salud en Guatemala.<\/p>\n\n\n\n<h2 class=\"wp-block-heading has-text-align-center has-medium-font-size\">Pensum de Estudios<\/h2>\n\n\n\n<div class=\"wp-block-buttons is-layout-flex wp-block-buttons-is-layout-flex\">\n<div class=\"wp-block-button has-custom-width wp-block-button__width-100 is-style-fill\"><a class=\"wp-block-button__link has-black-background-color has-background wp-element-button\" href=\"https:\/\/cusacq.usac.edu.gt\/wp-content\/uploads\/2026\/04\/Malla-Curricular-MEDICINA-CUSACQ-1.pdf\" target=\"_blank\" rel=\"noreferrer noopener\">Descargar<\/a><\/div>\n<\/div>\n\n\n\n<h1 class=\"wp-block-heading has-text-color has-link-color wp-elements-7c9e2529aa480d2196ccb3d006768778\" style=\"color:#0a2240\">Proceso de Ingreso:<\/h1>\n\n\n\n<ol class=\"wp-block-list\">\n<li>Prueba de Orientaci\u00f3n Vocacional<\/li>\n\n\n\n<li>Pruebas B\u00e1sicas: <strong>Lenguaje, Matem\u00e1tica, Qu\u00edmica y F\u00efsica <\/strong><\/li>\n\n\n\n<li>Pruebas Espec\u00edficas: <strong>Biolog\u00eda y Qu\u00edmica<\/strong><\/li>\n<\/ol>\n\n\n\n<h2 class=\"wp-block-heading alignfull has-text-align-center\" id=\"schedule-a-visit\" style=\"font-size:59px;line-height:1.15\">Calendarios y Temarios de Estudio<\/h2>\n\n\n\n<div class=\"wp-block-buttons alignfull is-horizontal is-content-justification-center is-layout-flex wp-container-core-buttons-is-layout-2 wp-block-buttons-is-layout-flex\">\n<div class=\"wp-block-button has-custom-width wp-block-button__width-50\"><a class=\"wp-block-button__link has-text-color has-background wp-element-button\" href=\"https:\/\/cusacq.usac.edu.gt\/?page_id=7745\" style=\"border-radius:50px;color:#ffffff;background-color:#000000\" target=\"_blank\" rel=\"noreferrer noopener\">Calendarios Proceso de Ingreso 2027<\/a><\/div>\n<\/div>\n\n\n\n<p class=\"has-text-align-center has-small-font-size\" style=\"line-height:.9\"><\/p>\n\n\n\n<div class=\"wp-block-buttons alignfull is-horizontal is-content-justification-center is-layout-flex wp-container-core-buttons-is-layout-3 wp-block-buttons-is-layout-flex\">\n<div class=\"wp-block-button has-custom-width wp-block-button__width-50\"><a class=\"wp-block-button__link has-text-color has-background wp-element-button\" href=\"https:\/\/cusacq.usac.edu.gt\/?page_id=7170\" style=\"border-radius:50px;color:#ffffff;background-color:#000000\" target=\"_blank\" rel=\"noreferrer noopener\">Temarios de Estudio Pruebas B\u00e1sicas y Espec\u00edficas<\/a><\/div>\n<\/div>\n\n\n\n<h1 class=\"wp-block-heading has-text-align-left has-text-color has-large-font-size\" style=\"color:#0a2240\">Mayor Informaci\u00f3n<\/h1>\n\n\n\n<p class=\"has-background\" style=\"background-color:#ececec\"><strong>Santa Cruz del Quich\u00e9<\/strong> &#8211; Coordinador Dr. Caseres &#8211; Cel. 5525-4661<\/p>\n\n\n\n<p class=\"has-text-align-center has-cyan-bluish-gray-color has-text-color has-background has-medium-font-size\" style=\"background-color:#0a2240\"><strong>Informaci\u00f3n y Divulgaci\u00f3n &#8211; Oficina 1 &#8211; \u00c1rea  Administrativas CUSACQ &#8211; 6ta. avenida 2-11 zona 2 Santa Cruz del Quich\u00e9, Quich\u00e9. Tel. 7755-1273<\/strong>. <\/p>\n\n\n\n<p class=\"has-text-align-center has-cyan-bluish-gray-color has-text-color has-background has-medium-font-size\" style=\"background-color:#0a2240\">A\u00f1o 2025 | UNIDAD DE INFORMACI\u00d3N Y PUBLICIDAD<\/p>\n\n\n\n<p><\/p>\n","protected":false},"excerpt":{"rendered":"<p>Sede Plan de Estudios Horario 7:00 a 16:00 horas. Plan Diario Lunes a viernes. Perfil de Ingreso El aspirante debe poseer competencias cognitivas, comunicativas y emocionales, as\u00ed como valores s\u00f3lidos para el estudio de las ciencias m\u00e9dicas. Perfil de Egreso El egresado de la carrera Licenciatura en Medicina | M\u00e9dico y Cirujano de la USAC [&hellip;]<\/p>\n","protected":false},"author":101017,"featured_media":0,"parent":0,"menu_order":0,"comment_status":"closed","ping_status":"closed","template":"","meta":{"footnotes":""},"class_list":["post-7886","page","type-page","status-publish","czr-hentry"],"_links":{"self":[{"href":"https:\/\/cusacq.usac.edu.gt\/index.php?rest_route=\/wp\/v2\/pages\/7886","targetHints":{"allow":["GET"]}}],"collection":[{"href":"https:\/\/cusacq.usac.edu.gt\/index.php?rest_route=\/wp\/v2\/pages"}],"about":[{"href":"https:\/\/cusacq.usac.edu.gt\/index.php?rest_route=\/wp\/v2\/types\/page"}],"author":[{"embeddable":true,"href":"https:\/\/cusacq.usac.edu.gt\/index.php?rest_route=\/wp\/v2\/users\/101017"}],"replies":[{"embeddable":true,"href":"https:\/\/cusacq.usac.edu.gt\/index.php?rest_route=%2Fwp%2Fv2%2Fcomments&post=7886"}],"version-history":[{"count":10,"href":"https:\/\/cusacq.usac.edu.gt\/index.php?rest_route=\/wp\/v2\/pages\/7886\/revisions"}],"predecessor-version":[{"id":7909,"href":"https:\/\/cusacq.usac.edu.gt\/index.php?rest_route=\/wp\/v2\/pages\/7886\/revisions\/7909"}],"wp:attachment":[{"href":"https:\/\/cusacq.usac.edu.gt\/index.php?rest_route=%2Fwp%2Fv2%2Fmedia&parent=7886"}],"curies":[{"name":"wp","href":"https:\/\/api.w.org\/{rel}","templated":true}]}}